{"id":3,"date":"2023-10-30T16:31:26","date_gmt":"2023-10-30T15:31:26","guid":{"rendered":"http:\/\/deltataxi-tignes.com\/?page_id=3"},"modified":"2023-11-09T10:11:54","modified_gmt":"2023-11-09T09:11:54","slug":"politique-de-confidentialite","status":"publish","type":"page","link":"https:\/\/deltataxi-tignes.com\/de\/datenschutzrichtlinie\/","title":{"rendered":"Datenschutzrichtlinie"},"content":{"rendered":"<div class=\"title_outer title_without_animation\" data-height=\"380\">\n<div class=\"title title_size_large position_left\">\n<div class=\"title_holder\">\n<div class=\"container\">\n<div class=\"container_inner clearfix\">\n<div class=\"title_subtitle_holder\">\n<div class=\"title_subtitle_holder_inner\">\n<h3 class=\"titre\">Web-Design<\/h3>\n<h3 class=\"titre\">SQUID \u2013 www.agencesquid.com<\/h3>\n<\/div>\n<\/div>\n<\/div>\n<\/div>\n<\/div>\n<\/div>\n<\/div>\n<div class=\"container\">\n<div class=\"container_inner default_template_holder clearfix page_container_inner\">\n<h3 class=\"titre\">1. RECHTLICHE INFORMATIONEN<\/h3>\n<p>Herausgeber der Website ist das Unternehmen Delta Taxi, eingetragen im Handelsregister von Chamb\u00e9ry mit der Nummer 8 843 761 891<br \/>\nDer Hauptsitz befindet sich: 3, rue des Petits Vergers<br \/>\n73700 S\u00e9ez<br \/>\nTel: 06 11 45 67 01<br \/>\nE-Mail: contact@deltataxi-tignes.com<br \/>\nPublikationsleiter: No\u00ebl Core<\/p>\n<h3><\/h3>\n<h3 class=\"titre\">2. SITE-HOSTING<\/h3>\n<p>Die Website deltataxi-tignes.com wird von der Firma OVH, SAS mit einem Kapital von 10.000.000 Euro gehostet, die beim RCS von Roubaix-Tourcoing unter der Nummer 424 761 419 00045 eingetragen ist.<br \/>\nHauptsitz: 2 rue Kellerman 59100 Roubaix Frankreich<\/p>\n<h3><\/h3>\n<h3 class=\"titre\">3. RECHTE AN GEISTIGEM EIGENTUM<\/h3>\n<p>Die Website und ihr gesamter Inhalt (insbesondere die Handelsmarken, Logos, alle grafischen, Text- und Computerelemente der Website, insbesondere B\u00e4ume, Layouts, Artikel, Pr\u00e4sentationen, Illustrationen, Fotos und\/oder andere Dokumente) sind gesch\u00fctzt durch franz\u00f6sische und internationale Gesetze zum Urheberrecht und zum geistigen Eigentum.<br \/>\nEs kann keine Auslegung zugunsten einer Nutzungslizenz oder eines Rechts zur Nutzung dieser Elemente vorgenommen werden.<br \/>\nDaher sind ihre Darstellungen, Reproduktionen, Verschachtelungen, Sendungen und Weitersendungen, ganz oder teilweise, verboten (Artikel L. 122-4 des Gesetzes \u00fcber geistiges Eigentum). Wer vorgeht, ohne die vorherige und ausdr\u00fcckliche Genehmigung des Inhabers dieser Rechte nachweisen zu k\u00f6nnen, wird mit den Strafen im Zusammenhang mit der Straftat der F\u00e4lschung (Artikel L. 335-2 ff. des Gesetzes \u00fcber geistiges Eigentum) bestraft. Delta Taxi kann sich bei der Einleitung eines Strafverfahrens auf seine Rechte, insbesondere geistiges Eigentum, berufen.<br \/>\nDelta Taxi beh\u00e4lt sich das Recht vor, die auf der Website beschriebenen Informationen, Produkte, Programme oder Nutzungsbedingungen jederzeit zu verbessern oder zu \u00e4ndern, ohne dass daraus eine Haftung entsteht. Es gelten die Bedingungen und Hinweise, die zum Zeitpunkt Ihrer Verbindung zur Website in Kraft sind.<\/p>\n<div><\/div>\n<h3 class=\"titre\">4. HYPERTEXT-LINKS<\/h3>\n<p>Der Benutzer, der \u00fcber einen zu anderen Websites eingerichteten Hypertext-Link auf eine Website Dritter weitergeleitet wird, erkennt an, dass Delta Taxi keine Kontrolle \u00fcber die auf diesen Websites angebotenen Inhalte, Informationen, Produkte und Dienstleistungen hat. Folglich kann Delta Taxi unter keinen Umst\u00e4nden f\u00fcr m\u00f6gliche direkte oder indirekte Sch\u00e4den haftbar gemacht werden, die sich aus der Nutzung von Websites ergeben, die \u00fcber Hypertext-Links zug\u00e4nglich sind.<br \/>\nDelta Taxi ist auch nicht f\u00fcr Hypertext-Links verantwortlich, die auf die Website verweisen.<br \/>\nJede Person, die Hypertext-Links einrichten m\u00f6chte, die auf die Website verweisen, muss zuvor eine schriftliche Genehmigung von Delta Taxi einholen.<\/p>\n<h3 class=\"titre\">5. GARANTIEBESCHR\u00c4NKUNG<\/h3>\n<p>Delta Taxi erinnert Internetnutzer an die Eigenschaften und Grenzen des Internetnetzwerks. Delta Taxi kann nicht f\u00fcr Sch\u00e4den haftbar gemacht werden, die sich aus dem Zugriff auf die Website oder im Gegenteil aus der Unm\u00f6glichkeit des Zugriffs ergeben. Delta Taxi kann unter keinen Umst\u00e4nden haftbar gemacht werden, wenn die Website aus irgendeinem Grund (technischer Fehler, Netzwerk\u00fcberlastung usw.) nicht verf\u00fcgbar ist.<br \/>\nDer Nutzer erkennt ausdr\u00fccklich an, dass die Nutzung der Website auf eigenes Risiko und unter seiner ausschlie\u00dflichen Verantwortung erfolgt. Delta Taxi kann nicht f\u00fcr direkte oder indirekte, materielle oder immaterielle Sch\u00e4den haftbar gemacht werden, die den Benutzern, ihren Computer- oder Telekommunikationsger\u00e4ten, den dort gespeicherten Daten und den Folgen, die sich daraus f\u00fcr ihre pers\u00f6nliche, berufliche oder kommerzielle T\u00e4tigkeit ergeben k\u00f6nnen, entstehen.<br \/>\nDie Informationen auf der Website dienen ausschlie\u00dflich Informationszwecken. Die auf dieser Website ver\u00f6ffentlichten Informationen werden regelm\u00e4\u00dfig aktualisiert und \u00fcberpr\u00fcft, k\u00f6nnen jedoch dennoch Fehler enthalten. Die Informationen m\u00fcssen in jedem Fall zum Zeitpunkt ihrer Online-Ver\u00f6ffentlichung ber\u00fccksichtigt werden und nicht zum Zeitpunkt der Konsultation der Website (diese Daten k\u00f6nnen zwischen dem Zeitpunkt, an dem Sie sie heruntergeladen haben, und dem Zeitpunkt, an dem Sie davon erfahren, aktualisiert worden sein). In keinem Fall kann Delta Taxi f\u00fcr diese Informationen haftbar gemacht werden.<\/p>\n<h3 class=\"titre\">6. NUTZUNG DER WEBSITE<\/h3>\n<p>Delta Taxi stellt die Website in erster Linie zur Nutzung durch seine Kunden und alle Personen zur Verf\u00fcgung, die seine Produkte und Dienstleistungen kennenlernen und kaufen m\u00f6chten.<br \/>\nWenn Sie eine Verbindung zur Site herstellen:<br \/>\n\u2013 Sie verpflichten sich, diese Hinweise sowie ganz allgemein die geltenden Rechtsvorschriften zu respektieren,<br \/>\n\u2013 Sie unterlassen jede Erhebung oder jeden Missbrauch, insbesondere der personenbezogenen Daten, zu denen Sie m\u00f6glicherweise Zugang haben, und ganz allgemein jede Handlung, die Dritten schaden k\u00f6nnte.<br \/>\nWenn Sie ein Formular ausf\u00fcllen und Informationen bereitstellen, stimmen Sie Folgendem zu:<br \/>\n\u2013 zum Zeitpunkt der Eingabe wahrheitsgetreue, zutreffende und aktuelle Angaben zu machen und insbesondere keine falschen Namen, Positionen oder Adressen zu verwenden oder Namen, Positionen oder Adressen unbefugt zu verwenden,<br \/>\n\u2013 die Registrierungsdaten auf dem neuesten Stand zu halten, um deren Echtheit und Richtigkeit dauerhaft zu gew\u00e4hrleisten,<br \/>\n\u2013 keine illegalen, anst\u00f6\u00dfigen oder sch\u00e4dlichen Informationen, Programme oder Elemente (wie Viren, Hacker- oder Kopiersoftware) zur Verf\u00fcgung zu stellen oder zu verbreiten.<br \/>\n\u2013 keine Kommentare, Meinungen oder Informationen verbreiten, die diffamierenden, obsz\u00f6nen, gewaltt\u00e4tigen oder rassistischen Charakter haben und ganz allgemein gegen die geltenden Gesetze und Vorschriften, die Rechte des Einzelnen und die guten Sitten versto\u00dfen.<br \/>\nIm Falle eines Versto\u00dfes gegen diese Bestimmungen beh\u00e4lt sich Delta Taxi das Recht vor, Ihnen nach eigenem Ermessen und unbeschadet etwaiger Haftungsklagen den Zugriff auf die Website oder die angebotenen Dienste zu verbieten.<\/p>\n<p>Verwendung der erhobenen personenbezogenen Daten<\/p>\n<h3><\/h3>\n<h3>7. KOMMENTARE<\/h3>\n<p>Wenn Sie auf unserer Website einen Kommentar hinterlassen, werden die im Kommentarformular eingegebenen Daten, aber auch Ihre IP-Adresse und der User-Agent Ihres Browsers erfasst, um uns bei der Erkennung unerw\u00fcnschter Kommentare zu helfen.<\/p>\n<p>Eine anonymisierte Zeichenfolge, die aus Ihrer E-Mail-Adresse erstellt wird (auch Hash genannt), kann an den Gravatar-Dienst gesendet werden, um zu \u00fcberpr\u00fcfen, ob Sie ihn verwenden. Die Vertraulichkeitsbestimmungen des Gravatar-Dienstes finden Sie hier: https:\/\/automattic.com\/privacy\/. Nach der Validierung Ihres Kommentars wird Ihr Profilfoto neben Ihrem Kommentar \u00f6ffentlich sichtbar sein.8. Medien<\/p>\n<p>Wenn Sie ein registrierter Benutzer sind und Bilder auf die Website hochladen, empfehlen wir Ihnen, das Hochladen von Bildern zu vermeiden, die EXIF-GPS-Koordinatendaten enthalten. Besucher Ihrer Website k\u00f6nnen Standortdaten aus diesen Bildern herunterladen und extrahieren.<\/p>\n<h3><\/h3>\n<h3>8. COOKIES<\/h3>\n<p>Wenn Sie einen Kommentar auf unserer Website hinterlassen, k\u00f6nnen Ihr Name, Ihre E-Mail-Adresse und Ihre Website in Cookies gespeichert werden. Dies dient nur Ihrer Bequemlichkeit, damit Sie diese Informationen nicht erneut eingeben m\u00fcssen, wenn Sie sp\u00e4ter einen weiteren Kommentar hinterlassen. Diese Cookies verlieren nach einem Jahr ihre G\u00fcltigkeit.<\/p>\n<p>Wenn Sie \u00fcber ein Konto verf\u00fcgen und sich auf dieser Website anmelden, wird ein tempor\u00e4res Cookie erstellt, um festzustellen, ob Ihr Browser Cookies akzeptiert. Sie enthalten keine personenbezogenen Daten und werden automatisch gel\u00f6scht, wenn Sie Ihren Browser schlie\u00dfen.<\/p>\n<p>Wenn Sie sich anmelden, setzen wir eine Reihe von Cookies, um Ihre Anmeldeinformationen und Bildschirmeinstellungen zu speichern. Die Lebensdauer eines Verbindungscookies betr\u00e4gt zwei Tage, die eines Bildschirmoptionscookies ein Jahr. Wenn Sie \u201eAngemeldet bleiben\u201c ankreuzen, wird Ihr Login-Cookie zwei Wochen lang gespeichert. Wenn Sie sich von Ihrem Konto abmelden, wird das Anmelde-Cookie gel\u00f6scht.<\/p>\n<p>Durch das Bearbeiten oder Ver\u00f6ffentlichen eines Artikels wird ein zus\u00e4tzlicher Cookie in Ihrem Browser gespeichert. Dieses Cookie enth\u00e4lt keine personenbezogenen Daten. Es gibt lediglich die ID des Artikels an, den Sie gerade ge\u00e4ndert haben. Es verf\u00e4llt nach einem Tag.<\/p>\n<h3><\/h3>\n<h3>9. VON ANDEREN SEITEN EINGEBETTETE INHALTE<\/h3>\n<p>Artikel auf dieser Website k\u00f6nnen eingebettete Inhalte enthalten (z. B. Videos, Bilder, Artikel usw.). Von anderen Websites eingebettete Inhalte verhalten sich genauso, als ob der Besucher diese andere Website besucht h\u00e4tte.<\/p>\n<p>Diese Websites k\u00f6nnten Daten \u00fcber Sie sammeln, Cookies verwenden, Tracking-Tools von Drittanbietern einbetten und Ihre Interaktionen mit diesem eingebetteten Inhalt verfolgen, wenn Sie \u00fcber ein Konto verf\u00fcgen, das mit ihrer Website verbunden ist.<\/p>\n<h3>10. DAUER DER SPEICHERUNG IHRER DATEN<\/h3>\n<p>Wenn Sie einen Kommentar hinterlassen, bleiben der Kommentar und seine Metadaten auf unbestimmte Zeit erhalten. Dadurch k\u00f6nnen nachfolgende Kommentare automatisch erkannt und freigegeben werden, anstatt sie in der Moderationswarteschlange zu belassen.<\/p>\n<p>Bei Nutzern, die sich auf unserer Seite registrieren, speichern wir (sofern m\u00f6glich) auch die in ihrem Profil angegebenen personenbezogenen Daten. Alle Benutzer k\u00f6nnen ihre pers\u00f6nlichen Daten (mit Ausnahme ihres Benutzernamens) jederzeit einsehen, \u00e4ndern oder l\u00f6schen. Site-Manager k\u00f6nnen diese Informationen auch anzeigen und \u00e4ndern.<\/p>\n<h3><\/h3>\n<h3>11. DIE RECHTE, DIE SIE AN IHREN DATEN HABEN<\/h3>\n<p>Wenn Sie ein Konto haben oder Kommentare auf der Website hinterlassen haben, k\u00f6nnen Sie den Erhalt einer Datei mit allen personenbezogenen Daten anfordern, die wir \u00fcber Sie haben, einschlie\u00dflich der Daten, die Sie uns zur Verf\u00fcgung gestellt haben. Sie k\u00f6nnen au\u00dferdem die L\u00f6schung der Sie betreffenden personenbezogenen Daten verlangen. Davon ausgenommen sind Daten, die zu administrativen, rechtlichen oder Sicherheitszwecken gespeichert werden.<\/p>\n<h3>12. \u00dcBERMITTLUNG IHRER PERSONENBEZOGENEN DATEN<\/h3>\n<p>Besucherkommentare k\u00f6nnen mithilfe eines automatisierten Dienstes zur Erkennung von Spam-Kommentaren \u00fcberpr\u00fcft werden.<\/p>\n<h2><\/h2>\n<\/div>\n<\/div>","protected":false},"excerpt":{"rendered":"<p>Web design SQUID &#8211; www.agencesquid.com 1. INFORMATIONS L\u00c9GALES L\u2019\u00e9diteur du Site est la soci\u00e9t\u00e9 Delta Taxi, immatricul\u00e9e au registre du commerce et des soci\u00e9t\u00e9s de Chamb\u00e9ry et dont le n\u00b0 est 8 843 761 891 Le si\u00e8ge social est situ\u00e9 : 3, rue des Petits&#8230;<\/p>","protected":false},"author":1,"featured_media":0,"parent":0,"menu_order":0,"comment_status":"closed","ping_status":"open","template":"","meta":{"iawp_total_views":48,"footnotes":""},"class_list":["post-3","page","type-page","status-publish","hentry"],"yoast_head":"<!-- This site is optimized with the Yoast SEO plugin v26.9 - https:\/\/yoast.com\/product\/yoast-seo-wordpress\/ -->\n<title>Politique de confidentialit\u00e9 - Delta Taxi<\/title>\n<meta name=\"robots\" content=\"index, follow, max-snippet:-1, max-image-preview:large, max-video-preview:-1\" \/>\n<link rel=\"canonical\" href=\"https:\/\/deltataxi-tignes.com\/de\/datenschutzrichtlinie\/\" \/>\n<meta property=\"og:locale\" content=\"de_DE\" \/>\n<meta property=\"og:type\" content=\"article\" \/>\n<meta property=\"og:title\" content=\"Politique de confidentialit\u00e9 - Delta Taxi\" \/>\n<meta property=\"og:description\" content=\"Web design SQUID &#8211; www.agencesquid.com 1. INFORMATIONS L\u00c9GALES L\u2019\u00e9diteur du Site est la soci\u00e9t\u00e9 Delta Taxi, immatricul\u00e9e au registre du commerce et des soci\u00e9t\u00e9s de Chamb\u00e9ry et dont le n\u00b0 est 8 843 761 891 Le si\u00e8ge social est situ\u00e9 : 3, rue des Petits...\" \/>\n<meta property=\"og:url\" content=\"https:\/\/deltataxi-tignes.com\/de\/datenschutzrichtlinie\/\" \/>\n<meta property=\"og:site_name\" content=\"Delta Taxi\" \/>\n<meta property=\"article:modified_time\" content=\"2023-11-09T09:11:54+00:00\" \/>\n<meta name=\"twitter:card\" content=\"summary_large_image\" \/>\n<meta name=\"twitter:label1\" content=\"Gesch\u00e4tzte Lesezeit\" \/>\n\t<meta name=\"twitter:data1\" content=\"8\u00a0Minuten\" \/>\n<script type=\"application\/ld+json\" class=\"yoast-schema-graph\">{\"@context\":\"https:\/\/schema.org\",\"@graph\":[{\"@type\":\"WebPage\",\"@id\":\"https:\/\/deltataxi-tignes.com\/politique-de-confidentialite\/\",\"url\":\"https:\/\/deltataxi-tignes.com\/politique-de-confidentialite\/\",\"name\":\"Politique de confidentialit\u00e9 - Delta Taxi\",\"isPartOf\":{\"@id\":\"https:\/\/deltataxi-tignes.com\/#website\"},\"datePublished\":\"2023-10-30T15:31:26+00:00\",\"dateModified\":\"2023-11-09T09:11:54+00:00\",\"breadcrumb\":{\"@id\":\"https:\/\/deltataxi-tignes.com\/politique-de-confidentialite\/#breadcrumb\"},\"inLanguage\":\"de\",\"potentialAction\":[{\"@type\":\"ReadAction\",\"target\":[\"https:\/\/deltataxi-tignes.com\/politique-de-confidentialite\/\"]}]},{\"@type\":\"BreadcrumbList\",\"@id\":\"https:\/\/deltataxi-tignes.com\/politique-de-confidentialite\/#breadcrumb\",\"itemListElement\":[{\"@type\":\"ListItem\",\"position\":1,\"name\":\"Accueil\",\"item\":\"https:\/\/deltataxi-tignes.com\/\"},{\"@type\":\"ListItem\",\"position\":2,\"name\":\"Politique de confidentialit\u00e9\"}]},{\"@type\":\"WebSite\",\"@id\":\"https:\/\/deltataxi-tignes.com\/#website\",\"url\":\"https:\/\/deltataxi-tignes.com\/\",\"name\":\"Delta Taxi\",\"description\":\"Delta Taxi, voyagez autrement.\",\"publisher\":{\"@id\":\"https:\/\/deltataxi-tignes.com\/#organization\"},\"potentialAction\":[{\"@type\":\"SearchAction\",\"target\":{\"@type\":\"EntryPoint\",\"urlTemplate\":\"https:\/\/deltataxi-tignes.com\/?s={search_term_string}\"},\"query-input\":{\"@type\":\"PropertyValueSpecification\",\"valueRequired\":true,\"valueName\":\"search_term_string\"}}],\"inLanguage\":\"de\"},{\"@type\":\"Organization\",\"@id\":\"https:\/\/deltataxi-tignes.com\/#organization\",\"name\":\"Delta Taxi\",\"url\":\"https:\/\/deltataxi-tignes.com\/\",\"logo\":{\"@type\":\"ImageObject\",\"inLanguage\":\"de\",\"@id\":\"https:\/\/deltataxi-tignes.com\/#\/schema\/logo\/image\/\",\"url\":\"https:\/\/deltataxi-tignes.com\/wp-content\/uploads\/2023\/10\/logomobile.png\",\"contentUrl\":\"https:\/\/deltataxi-tignes.com\/wp-content\/uploads\/2023\/10\/logomobile.png\",\"width\":1227,\"height\":219,\"caption\":\"Delta Taxi\"},\"image\":{\"@id\":\"https:\/\/deltataxi-tignes.com\/#\/schema\/logo\/image\/\"}}]}<\/script>\n<!-- \/ Yoast SEO plugin. -->","yoast_head_json":{"title":"Datenschutzrichtlinie \u2013 Delta Taxi","robots":{"index":"index","follow":"follow","max-snippet":"max-snippet:-1","max-image-preview":"max-image-preview:large","max-video-preview":"max-video-preview:-1"},"canonical":"https:\/\/deltataxi-tignes.com\/de\/datenschutzrichtlinie\/","og_locale":"de_DE","og_type":"article","og_title":"Politique de confidentialit\u00e9 - Delta Taxi","og_description":"Web design SQUID &#8211; www.agencesquid.com 1. INFORMATIONS L\u00c9GALES L\u2019\u00e9diteur du Site est la soci\u00e9t\u00e9 Delta Taxi, immatricul\u00e9e au registre du commerce et des soci\u00e9t\u00e9s de Chamb\u00e9ry et dont le n\u00b0 est 8 843 761 891 Le si\u00e8ge social est situ\u00e9 : 3, rue des Petits...","og_url":"https:\/\/deltataxi-tignes.com\/de\/datenschutzrichtlinie\/","og_site_name":"Delta Taxi","article_modified_time":"2023-11-09T09:11:54+00:00","twitter_card":"summary_large_image","twitter_misc":{"Gesch\u00e4tzte Lesezeit":"8\u00a0Minuten"},"schema":{"@context":"https:\/\/schema.org","@graph":[{"@type":"WebPage","@id":"https:\/\/deltataxi-tignes.com\/politique-de-confidentialite\/","url":"https:\/\/deltataxi-tignes.com\/politique-de-confidentialite\/","name":"Datenschutzrichtlinie \u2013 Delta Taxi","isPartOf":{"@id":"https:\/\/deltataxi-tignes.com\/#website"},"datePublished":"2023-10-30T15:31:26+00:00","dateModified":"2023-11-09T09:11:54+00:00","breadcrumb":{"@id":"https:\/\/deltataxi-tignes.com\/politique-de-confidentialite\/#breadcrumb"},"inLanguage":"de","potentialAction":[{"@type":"ReadAction","target":["https:\/\/deltataxi-tignes.com\/politique-de-confidentialite\/"]}]},{"@type":"BreadcrumbList","@id":"https:\/\/deltataxi-tignes.com\/politique-de-confidentialite\/#breadcrumb","itemListElement":[{"@type":"ListItem","position":1,"name":"Accueil","item":"https:\/\/deltataxi-tignes.com\/"},{"@type":"ListItem","position":2,"name":"Politique de confidentialit\u00e9"}]},{"@type":"WebSite","@id":"https:\/\/deltataxi-tignes.com\/#website","url":"https:\/\/deltataxi-tignes.com\/","name":"Delta-Taxi","description":"Delta Taxi, reisen Sie anders.","publisher":{"@id":"https:\/\/deltataxi-tignes.com\/#organization"},"potentialAction":[{"@type":"SearchAction","target":{"@type":"EntryPoint","urlTemplate":"https:\/\/deltataxi-tignes.com\/?s={search_term_string}"},"query-input":{"@type":"PropertyValueSpecification","valueRequired":true,"valueName":"search_term_string"}}],"inLanguage":"de"},{"@type":"Organization","@id":"https:\/\/deltataxi-tignes.com\/#organization","name":"Delta-Taxi","url":"https:\/\/deltataxi-tignes.com\/","logo":{"@type":"ImageObject","inLanguage":"de","@id":"https:\/\/deltataxi-tignes.com\/#\/schema\/logo\/image\/","url":"https:\/\/deltataxi-tignes.com\/wp-content\/uploads\/2023\/10\/logomobile.png","contentUrl":"https:\/\/deltataxi-tignes.com\/wp-content\/uploads\/2023\/10\/logomobile.png","width":1227,"height":219,"caption":"Delta Taxi"},"image":{"@id":"https:\/\/deltataxi-tignes.com\/#\/schema\/logo\/image\/"}}]}},"_links":{"self":[{"href":"https:\/\/deltataxi-tignes.com\/de\/wp-json\/wp\/v2\/pages\/3","targetHints":{"allow":["GET"]}}],"collection":[{"href":"https:\/\/deltataxi-tignes.com\/de\/wp-json\/wp\/v2\/pages"}],"about":[{"href":"https:\/\/deltataxi-tignes.com\/de\/wp-json\/wp\/v2\/types\/page"}],"author":[{"embeddable":true,"href":"https:\/\/deltataxi-tignes.com\/de\/wp-json\/wp\/v2\/users\/1"}],"replies":[{"embeddable":true,"href":"https:\/\/deltataxi-tignes.com\/de\/wp-json\/wp\/v2\/comments?post=3"}],"version-history":[{"count":7,"href":"https:\/\/deltataxi-tignes.com\/de\/wp-json\/wp\/v2\/pages\/3\/revisions"}],"predecessor-version":[{"id":526,"href":"https:\/\/deltataxi-tignes.com\/de\/wp-json\/wp\/v2\/pages\/3\/revisions\/526"}],"wp:attachment":[{"href":"https:\/\/deltataxi-tignes.com\/de\/wp-json\/wp\/v2\/media?parent=3"}],"curies":[{"name":"wp","href":"https:\/\/api.w.org\/{rel}","templated":true}]}}