{"id":5,"date":"2016-03-10T12:52:10","date_gmt":"2016-03-10T11:52:10","guid":{"rendered":"http:\/\/bridge17.qodeinteractive.com\/?page_id=5"},"modified":"2026-02-11T14:05:11","modified_gmt":"2026-02-11T13:05:11","slug":"taxi-tignes","status":"publish","type":"page","link":"https:\/\/deltataxi-tignes.com\/de\/","title":{"rendered":"Willkommen"},"content":{"rendered":"<section class=\"wpb-content-wrapper\"><div      class=\"vc_row wpb_row section vc_row-fluid  vc_custom_1699255837413 grid_section\" style=' text-align:left;'><div class=\"section_inner clearfix\"><div class='section_inner_margin clearfix'><div class=\"wpb_column vc_column_container vc_col-sm-12 vc_col-lg-6 vc_col-md-6\"><div class=\"vc_column-inner vc_custom_1457622051161\"><div class=\"wpb_wrapper\"><div class=\"separator  transparent\" style=\"margin-top: 0px;margin-bottom: 49px;height: 0px;\"><\/div>\n\n\t<div class=\"wpb_text_column wpb_content_element\">\n\t\t<div class=\"wpb_wrapper\">\n\t\t\t<h1>Delta Taxi Tignes &#8211; Notre m\u00e9tier<\/h1>\n\n\t\t<\/div> \n\t<\/div> <div class=\"separator  small left\" style=\"\"><\/div>\n\n\t<div class=\"wpb_text_column wpb_content_element\">\n\t\t<div class=\"wpb_wrapper\">\n\t\t\t<h2>Machen Sie Ihr Reisen anders<\/h2>\n\n\t\t<\/div> \n\t<\/div> <div class=\"separator  transparent\" style=\"margin-top: 0px;margin-bottom: 35px;height: 0px;\"><\/div>\n\n\t<div class=\"wpb_text_column wpb_content_element\">\n\t\t<div class=\"wpb_wrapper\">\n\t\t\t<p>Seit mehr als 20 Jahren ist Delta Taxi mit Sitz in Tignes Ihr zuverl\u00e4ssiger Partner f\u00fcr Ihre lokalen Taxifahrten oder Ihren Transfer von Bahnh\u00f6fen und Flugh\u00e4fen in den Alpen mit einem privaten Fahrer (VTC).<\/p>\n<p>Unsere komfortablen, sicheren Mercedes-Klasse-V-Fahrzeuge, die f\u00fcr die extremen Bedingungen unserer Berge ger\u00fcstet sind, sowie die F\u00e4higkeiten unserer Fahrer sorgen f\u00fcr eine sichere Fahrt. Ein kaltes Getr\u00e4nk oder ein Kaffee? Wir haben das alles an Bord. Schnallen Sie sich an und machen Sie ein Nickerchen oder unterhalten Sie sich ganz entspannt mit unseren superfreundlichen, zweisprachigen Fahrern.<\/p>\n<p>Haustiere sind willkommen.<\/p>\n\n\t\t<\/div> \n\t<\/div> <div class=\"separator  transparent\" style=\"margin-top: 0px;margin-bottom: 42px;height: 0px;\"><\/div>\n<a  itemprop=\"url\" href=\"https:\/\/deltataxi-tignes.com\/de\/preise\/\" target=\"_self\" data-hover-background-color='#000000' data-hover-color='#ffffff' class=\"qbutton  medium enlarge\" style=\"color: #ffffff; background-color: #304ffe;\">Preise und Reiseziele<\/a><div class=\"separator  transparent\" style=\"margin-top: 0px;margin-bottom: 72px;height: 0px;\"><\/div>\n<\/div><\/div><\/div><div class=\"wpb_column vc_column_container vc_col-sm-6 vc_col-lg-3 vc_col-md-3\"><div class=\"vc_column-inner\"><div class=\"wpb_wrapper\">\n\t<div class=\"wpb_single_image wpb_content_element vc_align_left\">\n\t\t<div class=\"wpb_wrapper\">\n\t\t\t\n\t\t\t<div class=\"vc_single_image-wrapper   vc_box_border_grey\"><img loading=\"lazy\" decoding=\"async\" width=\"300\" height=\"493\" src=\"https:\/\/deltataxi-tignes.com\/wp-content\/uploads\/2023\/10\/doggy.jpg\" class=\"vc_single_image-img attachment-full\" alt=\"\" title=\"H\u00fcndchen\" srcset=\"https:\/\/deltataxi-tignes.com\/wp-content\/uploads\/2023\/10\/doggy.jpg 300w, https:\/\/deltataxi-tignes.com\/wp-content\/uploads\/2023\/10\/doggy-183x300.jpg 183w\" sizes=\"auto, (max-width: 300px) 100vw, 300px\" \/><\/div>\n\t\t<\/div>\n\t<\/div>\n<div class=\"separator  transparent\" style=\"margin-top: 0px;margin-bottom: 32px;height: 0px;\"><\/div>\n<\/div><\/div><\/div><div class=\"wpb_column vc_column_container vc_col-sm-6 vc_col-lg-3 vc_col-md-3\"><div class=\"vc_column-inner\"><div class=\"wpb_wrapper\">\n\t<div class=\"wpb_single_image wpb_content_element vc_align_left\">\n\t\t<div class=\"wpb_wrapper\">\n\t\t\t\n\t\t\t<div class=\"vc_single_image-wrapper   vc_box_border_grey\"><img loading=\"lazy\" decoding=\"async\" width=\"300\" height=\"493\" src=\"https:\/\/deltataxi-tignes.com\/wp-content\/uploads\/2023\/10\/cafe.jpg\" class=\"vc_single_image-img attachment-full\" alt=\"\" title=\"Kaffee\" srcset=\"https:\/\/deltataxi-tignes.com\/wp-content\/uploads\/2023\/10\/cafe.jpg 300w, https:\/\/deltataxi-tignes.com\/wp-content\/uploads\/2023\/10\/cafe-183x300.jpg 183w\" sizes=\"auto, (max-width: 300px) 100vw, 300px\" \/><\/div>\n\t\t<\/div>\n\t<\/div>\n<div class=\"separator  transparent\" style=\"margin-top: 0px;margin-bottom: 72px;height: 0px;\"><\/div>\n<\/div><\/div><\/div><\/div><\/div><\/div><div      class=\"vc_row wpb_row section vc_row-fluid\" style=' text-align:center;'><div class=\"full_section_inner clearfix\"><div class=\"wpb_column vc_column_container vc_col-sm-12\"><div class=\"vc_column-inner\"><div class=\"wpb_wrapper\"><div class='q_elements_holder two_columns responsive_mode_from_768' ><div class='q_elements_item' data-600-768='30%' data-480-600='30%' data-480='30%' data-animation='no' data-item-class='q_elements_holder_custom_166256' style='background-image: url(https:\/\/deltataxi-tignes.com\/wp-content\/uploads\/2023\/10\/Sans-titre-3.jpg);background-position: center;'><div class='q_elements_item_inner'><div class='q_elements_item_content q_elements_holder_custom_166256'><\/div><\/div><\/div><div class='q_elements_item' data-animation='no' data-item-class='q_elements_holder_custom_940842' style='background-color:#0a0a0a;vertical-align:middle;'><div class='q_elements_item_inner'><div class='q_elements_item_content q_elements_holder_custom_940842' style='padding:19.8% 0 15.5%'>\n\t<div class=\"wpb_text_column wpb_content_element\">\n\t\t<div class=\"wpb_wrapper\">\n\t\t\t<h2><span style=\"color: #ffffff;\">Buchen Sie unter <\/span><\/h2>\n<h2><span style=\"color: #ffffff;\">+33(0)6 11 45 67 01<\/span><\/h2>\n\n\t\t<\/div> \n\t<\/div> <div class=\"separator  small center\" style=\"background-color: #3b3b3b;\"><\/div>\n<div class=\"separator  normal\" style=\"margin-top: 41px;margin-bottom: 0px;background-color: #304ffe;opacity: 0;height: 0px;\"><\/div>\n<a  itemprop=\"url\" href=\"https:\/\/deltataxi-tignes.com\/de\/kontaktieren-sie-delta-taxi-tignes\/\" target=\"_blank\" data-hover-background-color='#ffffff' data-hover-border-color='#191919' data-hover-color='#000000' class=\"qbutton  medium enlarge\" style=\"color: #ffffff; background-color: #304ffe;\">Eine Frage ? Brauchen Sie ein Angebot?<\/a><\/div><\/div><\/div><\/div><\/div><\/div><\/div><\/div><\/div><div      class=\"vc_row wpb_row section vc_row-fluid  vc_custom_1698772195556 grid_section\" style=' text-align:left;'><div class=\"section_inner clearfix\"><div class='section_inner_margin clearfix'><div class=\"wpb_column vc_column_container vc_col-sm-12 vc_col-lg-6 vc_col-md-6\"><div class=\"vc_column-inner vc_custom_1457621521676\"><div class=\"wpb_wrapper\">\n\t<div class=\"wpb_text_column wpb_content_element\">\n\t\t<div class=\"wpb_wrapper\">\n\t\t\t<h1>Unsere Vision<\/h1>\n\n\t\t<\/div> \n\t<\/div> <div class=\"separator  small left\" style=\"\"><\/div>\n\n\t<div class=\"wpb_text_column wpb_content_element\">\n\t\t<div class=\"wpb_wrapper\">\n\t\t\t<h2>Der Kunde ist K\u00f6nig<\/h2>\n\n\t\t<\/div> \n\t<\/div> <div class=\"separator  transparent\" style=\"margin-top: 0px;margin-bottom: 35px;height: 0px;\"><\/div>\n\n\t<div class=\"wpb_text_column wpb_content_element\">\n\t\t<div class=\"wpb_wrapper\">\n\t\t\t<p>Ja, es gibt Grenzen, nicht wahr?<\/p>\n<p>Im Ernst: Wir wissen, dass die Reise zu Ihrem Urlaub in den Ferienorten der Alpen stressig und lang sein kann. Aus diesem Grund legen wir gro\u00dfen Wert auf die Betreuung unserer Kunden und sorgen daf\u00fcr, dass Ihre Anreise von Ihrem Bahnhof oder Flughafen so angenehm wie m\u00f6glich wird.<\/p>\n\n\t\t<\/div> \n\t<\/div> <div class=\"separator  transparent\" style=\"margin-top: 0px;margin-bottom: 42px;height: 0px;\"><\/div>\n<div class=\"separator  transparent\" style=\"margin-top: 0px;margin-bottom: 72px;height: 0px;\"><\/div>\n<\/div><\/div><\/div><div class=\"wpb_column vc_column_container vc_col-sm-12 vc_col-lg-6 vc_col-md-6\"><div class=\"vc_column-inner\"><div class=\"wpb_wrapper\"><div class=\"separator  transparent\" style=\"margin-top: 0px;margin-bottom: 4px;height: 0px;\"><\/div>\n<div class='q_progress_bar'><h6 class='progress_title_holder clearfix' style='color: #303030;'><span class='progress_title'><span>Deine Sicherheit<\/span><\/span><span class='progress_number' style='color: #000000;font-size: 15px;font-weight: 400;'><span>0<\/span>%<\/span><\/h6><div class='progress_content_outer' style='height: 12px;border-radius: 0px;-moz-border-radius: 0px;-webkit-border-radius: 0px;background-color: #e8e8e8;'><div data-percentage='100' class='progress_content' style='height: 12px;background-color: #304ffe;border: 1px solid #304ffe;'><\/div><\/div><\/div><div class=\"separator  transparent\" style=\"margin-top: 0px;margin-bottom: 53px;height: 0px;\"><\/div>\n<div class='q_progress_bar'><h6 class='progress_title_holder clearfix' style='color: #000000;'><span class='progress_title'><span>Kundendienst<\/span><\/span><span class='progress_number' style='color: #303030;font-size: 15px;font-weight: 400;'><span>0<\/span>%<\/span><\/h6><div class='progress_content_outer' style='height: 12px;border-radius: 0px;-moz-border-radius: 0px;-webkit-border-radius: 0px;background-color: #e8e8e8;'><div data-percentage='100' class='progress_content' style='height: 12px;background-color: #304ffe;border: 1px solid #304ffe;'><\/div><\/div><\/div><div class=\"separator  transparent\" style=\"margin-top: 0px;margin-bottom: 53px;height: 0px;\"><\/div>\n<div class='q_progress_bar'><h6 class='progress_title_holder clearfix' style='color: #000000;'><span class='progress_title'><span>P\u00fcnktlichkeit<\/span><\/span><span class='progress_number' style='color: #303030;font-size: 15px;font-weight: 400;'><span>0<\/span>%<\/span><\/h6><div class='progress_content_outer' style='height: 12px;border-radius: 0px;-moz-border-radius: 0px;-webkit-border-radius: 0px;background-color: #e8e8e8;'><div data-percentage='100' class='progress_content' style='height: 12px;background-color: #304ffe;border: 1px solid #304ffe;'><\/div><\/div><\/div><div class=\"separator  transparent\" style=\"margin-top: 0px;margin-bottom: 53px;height: 0px;\"><\/div>\n<div class='q_progress_bar'><h6 class='progress_title_holder clearfix' style='color: #000000;'><span class='progress_title'><span>schlechte Laune<\/span><\/span><span class='progress_number' style='color: #303030;font-size: 15px;font-weight: 400;'><span>0<\/span>%<\/span><\/h6><div class='progress_content_outer' style='height: 12px;border-radius: 0px;-moz-border-radius: 0px;-webkit-border-radius: 0px;background-color: #e8e8e8;'><div data-percentage='0' class='progress_content' style='height: 12px;background-color: #304ffe;border: 1px solid #304ffe;'><\/div><\/div><\/div><div class=\"separator  transparent\" style=\"margin-top: 0px;margin-bottom: 72px;height: 0px;\"><\/div>\n<\/div><\/div><\/div><\/div><\/div><\/div><div      class=\"vc_row wpb_row section vc_row-fluid\" style=' text-align:center;'><div class=\"full_section_inner clearfix\"><div class=\"wpb_column vc_column_container vc_col-sm-12\"><div class=\"vc_column-inner\"><div class=\"wpb_wrapper\"><div class='q_elements_holder two_columns responsive_mode_from_768' ><div class='q_elements_item' data-animation='no' data-item-class='q_elements_holder_custom_381825' style='background-color:#0a0a0a;vertical-align:middle;'><div class='q_elements_item_inner'><div class='q_elements_item_content q_elements_holder_custom_381825' style='padding:19.8% 0 15.5%'>\n\t<div class=\"wpb_text_column wpb_content_element\">\n\t\t<div class=\"wpb_wrapper\">\n\t\t\t<h2><span style=\"color: #ffffff;\">Entspannen<\/span><\/h2>\n\n\t\t<\/div> \n\t<\/div> <div class=\"separator  small center\" style=\"background-color: #3b3b3b;\"><\/div>\n\n\t<div class=\"wpb_text_column wpb_content_element\">\n\t\t<div class=\"wpb_wrapper\">\n\t\t\t<h4><span style=\"color: #ffffff;\">Wir k\u00fcmmern uns um Sie<\/span><\/h4>\n\n\t\t<\/div> \n\t<\/div> <div class=\"separator  transparent\" style=\"margin-top: 41px;margin-bottom: 0px;height: 0px;\"><\/div>\n<\/div><\/div><\/div><div class='q_elements_item' data-600-768='30%' data-480-600='30%' data-480='30%' data-animation='no' data-item-class='q_elements_holder_custom_235884' style='background-image: url(https:\/\/deltataxi-tignes.com\/wp-content\/uploads\/2023\/10\/relaxing.jpg);background-position: center;'><div class='q_elements_item_inner'><div class='q_elements_item_content q_elements_holder_custom_235884'><\/div><\/div><\/div><\/div><\/div><\/div><\/div><\/div><\/div><div      class=\"vc_row wpb_row section vc_row-fluid  vc_custom_1698757768843 grid_section\" style=' text-align:center;'><div class=\"section_inner clearfix\"><div class='section_inner_margin clearfix'><div class=\"wpb_column vc_column_container vc_col-sm-8 vc_col-lg-offset-4 vc_col-lg-4 vc_col-md-offset-3 vc_col-md-6 vc_col-sm-offset-2 vc_col-xs-12\"><div class=\"vc_column-inner\"><div class=\"wpb_wrapper\">\n\t<div class=\"wpb_text_column wpb_content_element\">\n\t\t<div class=\"wpb_wrapper\">\n\t\t\t<h2>Reisen Sie mit Delta Taxi<\/h2>\n\n\t\t<\/div> \n\t<\/div> <div class=\"separator  small center\" style=\"\"><\/div>\n\n\t<div class=\"wpb_text_column wpb_content_element\">\n\t\t<div class=\"wpb_wrapper\">\n\t\t\t<h4>Nur weil wir nett...und cool...und nett sind.<\/h4>\n\n\t\t<\/div> \n\t<\/div> <div class=\"separator  transparent\" style=\"margin-top: 52px;margin-bottom: 0px;height: 0px;\"><\/div>\n<\/div><\/div><\/div><\/div><\/div><\/div>\n<\/section>","protected":false},"excerpt":{"rendered":"Delta Taxi Tignes - Notre m\u00e9tier Vous faire voyager autrement Depuis plus de 20 ans, Delta Taxi, bas\u00e9e \u00e0 Tignes est votre partenaire s\u00e9r\u00e9nit\u00e9 pour vos d\u00e9placements locaux en taxi ou vos transferts depuis les gares et a\u00e9roports des Alpes avec chauffeur priv\u00e9 (VTC). Nos...","protected":false},"author":1,"featured_media":0,"parent":0,"menu_order":0,"comment_status":"closed","ping_status":"closed","template":"full_width.php","meta":{"iawp_total_views":2251,"footnotes":""},"class_list":["post-5","page","type-page","status-publish","hentry"],"yoast_head":"<!-- This site is optimized with the Yoast SEO plugin v26.9 - https:\/\/yoast.com\/product\/yoast-seo-wordpress\/ -->\n<title>Taxi Tignes - Delta Taxi Tignes. Taxi \u00e0 Tignes. VTC \u00e0 Tignes.<\/title>\n<meta name=\"description\" content=\"Taxi Tignes. VTC Tignes. Delta taxi \u00e0 Tignes pour vos transferts gares et a\u00e9roports Gen\u00e8ve, Lyon, Chamb\u00e9ry, chauffeurs priv\u00e9s. 06 11 45 67 01\" \/>\n<meta name=\"robots\" content=\"index, follow, max-snippet:-1, max-image-preview:large, max-video-preview:-1\" \/>\n<link rel=\"canonical\" href=\"https:\/\/deltataxi-tignes.com\/de\/\" \/>\n<meta property=\"og:locale\" content=\"de_DE\" \/>\n<meta property=\"og:type\" content=\"article\" \/>\n<meta property=\"og:title\" content=\"Taxi Tignes - Delta Taxi Tignes. Taxi \u00e0 Tignes. VTC \u00e0 Tignes.\" \/>\n<meta property=\"og:description\" content=\"Taxi Tignes. VTC Tignes. Delta taxi \u00e0 Tignes pour vos transferts gares et a\u00e9roports Gen\u00e8ve, Lyon, Chamb\u00e9ry, chauffeurs priv\u00e9s. 06 11 45 67 01\" \/>\n<meta property=\"og:url\" content=\"https:\/\/deltataxi-tignes.com\/de\/\" \/>\n<meta property=\"og:site_name\" content=\"Delta Taxi\" \/>\n<meta property=\"article:modified_time\" content=\"2026-02-11T13:05:11+00:00\" \/>\n<meta name=\"twitter:card\" content=\"summary_large_image\" \/>\n<meta name=\"twitter:label1\" content=\"Gesch\u00e4tzte Lesezeit\" \/>\n\t<meta name=\"twitter:data1\" content=\"4\u00a0Minuten\" \/>\n<script type=\"application\/ld+json\" class=\"yoast-schema-graph\">{\"@context\":\"https:\/\/schema.org\",\"@graph\":[{\"@type\":\"WebPage\",\"@id\":\"https:\/\/deltataxi-tignes.com\/\",\"url\":\"https:\/\/deltataxi-tignes.com\/\",\"name\":\"Taxi Tignes - Delta Taxi Tignes. Taxi \u00e0 Tignes. VTC \u00e0 Tignes.\",\"isPartOf\":{\"@id\":\"https:\/\/deltataxi-tignes.com\/#website\"},\"datePublished\":\"2016-03-10T11:52:10+00:00\",\"dateModified\":\"2026-02-11T13:05:11+00:00\",\"description\":\"Taxi Tignes. VTC Tignes. Delta taxi \u00e0 Tignes pour vos transferts gares et a\u00e9roports Gen\u00e8ve, Lyon, Chamb\u00e9ry, chauffeurs priv\u00e9s. 06 11 45 67 01\",\"breadcrumb\":{\"@id\":\"https:\/\/deltataxi-tignes.com\/#breadcrumb\"},\"inLanguage\":\"de\",\"potentialAction\":[{\"@type\":\"ReadAction\",\"target\":[\"https:\/\/deltataxi-tignes.com\/\"]}]},{\"@type\":\"BreadcrumbList\",\"@id\":\"https:\/\/deltataxi-tignes.com\/#breadcrumb\",\"itemListElement\":[{\"@type\":\"ListItem\",\"position\":1,\"name\":\"Accueil\",\"item\":\"https:\/\/deltataxi-tignes.com\/\"},{\"@type\":\"ListItem\",\"position\":2,\"name\":\"Accueil\"}]},{\"@type\":\"WebSite\",\"@id\":\"https:\/\/deltataxi-tignes.com\/#website\",\"url\":\"https:\/\/deltataxi-tignes.com\/\",\"name\":\"Delta Taxi\",\"description\":\"Delta Taxi, voyagez autrement.\",\"publisher\":{\"@id\":\"https:\/\/deltataxi-tignes.com\/#organization\"},\"potentialAction\":[{\"@type\":\"SearchAction\",\"target\":{\"@type\":\"EntryPoint\",\"urlTemplate\":\"https:\/\/deltataxi-tignes.com\/?s={search_term_string}\"},\"query-input\":{\"@type\":\"PropertyValueSpecification\",\"valueRequired\":true,\"valueName\":\"search_term_string\"}}],\"inLanguage\":\"de\"},{\"@type\":\"Organization\",\"@id\":\"https:\/\/deltataxi-tignes.com\/#organization\",\"name\":\"Delta Taxi\",\"url\":\"https:\/\/deltataxi-tignes.com\/\",\"logo\":{\"@type\":\"ImageObject\",\"inLanguage\":\"de\",\"@id\":\"https:\/\/deltataxi-tignes.com\/#\/schema\/logo\/image\/\",\"url\":\"https:\/\/deltataxi-tignes.com\/wp-content\/uploads\/2023\/10\/logomobile.png\",\"contentUrl\":\"https:\/\/deltataxi-tignes.com\/wp-content\/uploads\/2023\/10\/logomobile.png\",\"width\":1227,\"height\":219,\"caption\":\"Delta Taxi\"},\"image\":{\"@id\":\"https:\/\/deltataxi-tignes.com\/#\/schema\/logo\/image\/\"}}]}<\/script>\n<!-- \/ Yoast SEO plugin. -->","yoast_head_json":{"title":"Taxi Tignes - Delta Taxi Tignes. Taxi \u00e0 Tignes. VTC \u00e0 Tignes.","description":"Taxi Tignes. VTC Tignes. Delta taxi \u00e0 Tignes pour vos transferts gares et a\u00e9roports Gen\u00e8ve, Lyon, Chamb\u00e9ry, chauffeurs priv\u00e9s. 06 11 45 67 01","robots":{"index":"index","follow":"follow","max-snippet":"max-snippet:-1","max-image-preview":"max-image-preview:large","max-video-preview":"max-video-preview:-1"},"canonical":"https:\/\/deltataxi-tignes.com\/de\/","og_locale":"de_DE","og_type":"article","og_title":"Taxi Tignes - Delta Taxi Tignes. Taxi \u00e0 Tignes. VTC \u00e0 Tignes.","og_description":"Taxi Tignes. VTC Tignes. Delta taxi \u00e0 Tignes pour vos transferts gares et a\u00e9roports Gen\u00e8ve, Lyon, Chamb\u00e9ry, chauffeurs priv\u00e9s. 06 11 45 67 01","og_url":"https:\/\/deltataxi-tignes.com\/de\/","og_site_name":"Delta Taxi","article_modified_time":"2026-02-11T13:05:11+00:00","twitter_card":"summary_large_image","twitter_misc":{"Gesch\u00e4tzte Lesezeit":"4\u00a0Minuten"},"schema":{"@context":"https:\/\/schema.org","@graph":[{"@type":"WebPage","@id":"https:\/\/deltataxi-tignes.com\/","url":"https:\/\/deltataxi-tignes.com\/","name":"Taxi Tignes - Delta Taxi Tignes. Taxi \u00e0 Tignes. VTC \u00e0 Tignes.","isPartOf":{"@id":"https:\/\/deltataxi-tignes.com\/#website"},"datePublished":"2016-03-10T11:52:10+00:00","dateModified":"2026-02-11T13:05:11+00:00","description":"Taxi Tignes. VTC Tignes. Delta taxi \u00e0 Tignes pour vos transferts gares et a\u00e9roports Gen\u00e8ve, Lyon, Chamb\u00e9ry, chauffeurs priv\u00e9s. 06 11 45 67 01","breadcrumb":{"@id":"https:\/\/deltataxi-tignes.com\/#breadcrumb"},"inLanguage":"de","potentialAction":[{"@type":"ReadAction","target":["https:\/\/deltataxi-tignes.com\/"]}]},{"@type":"BreadcrumbList","@id":"https:\/\/deltataxi-tignes.com\/#breadcrumb","itemListElement":[{"@type":"ListItem","position":1,"name":"Accueil","item":"https:\/\/deltataxi-tignes.com\/"},{"@type":"ListItem","position":2,"name":"Accueil"}]},{"@type":"WebSite","@id":"https:\/\/deltataxi-tignes.com\/#website","url":"https:\/\/deltataxi-tignes.com\/","name":"Delta-Taxi","description":"Delta Taxi, reisen Sie anders.","publisher":{"@id":"https:\/\/deltataxi-tignes.com\/#organization"},"potentialAction":[{"@type":"SearchAction","target":{"@type":"EntryPoint","urlTemplate":"https:\/\/deltataxi-tignes.com\/?s={search_term_string}"},"query-input":{"@type":"PropertyValueSpecification","valueRequired":true,"valueName":"search_term_string"}}],"inLanguage":"de"},{"@type":"Organization","@id":"https:\/\/deltataxi-tignes.com\/#organization","name":"Delta-Taxi","url":"https:\/\/deltataxi-tignes.com\/","logo":{"@type":"ImageObject","inLanguage":"de","@id":"https:\/\/deltataxi-tignes.com\/#\/schema\/logo\/image\/","url":"https:\/\/deltataxi-tignes.com\/wp-content\/uploads\/2023\/10\/logomobile.png","contentUrl":"https:\/\/deltataxi-tignes.com\/wp-content\/uploads\/2023\/10\/logomobile.png","width":1227,"height":219,"caption":"Delta Taxi"},"image":{"@id":"https:\/\/deltataxi-tignes.com\/#\/schema\/logo\/image\/"}}]}},"_links":{"self":[{"href":"https:\/\/deltataxi-tignes.com\/de\/wp-json\/wp\/v2\/pages\/5","targetHints":{"allow":["GET"]}}],"collection":[{"href":"https:\/\/deltataxi-tignes.com\/de\/wp-json\/wp\/v2\/pages"}],"about":[{"href":"https:\/\/deltataxi-tignes.com\/de\/wp-json\/wp\/v2\/types\/page"}],"author":[{"embeddable":true,"href":"https:\/\/deltataxi-tignes.com\/de\/wp-json\/wp\/v2\/users\/1"}],"replies":[{"embeddable":true,"href":"https:\/\/deltataxi-tignes.com\/de\/wp-json\/wp\/v2\/comments?post=5"}],"version-history":[{"count":38,"href":"https:\/\/deltataxi-tignes.com\/de\/wp-json\/wp\/v2\/pages\/5\/revisions"}],"predecessor-version":[{"id":576,"href":"https:\/\/deltataxi-tignes.com\/de\/wp-json\/wp\/v2\/pages\/5\/revisions\/576"}],"wp:attachment":[{"href":"https:\/\/deltataxi-tignes.com\/de\/wp-json\/wp\/v2\/media?parent=5"}],"curies":[{"name":"wp","href":"https:\/\/api.w.org\/{rel}","templated":true}]}}