{"id":3,"date":"2023-10-30T16:31:26","date_gmt":"2023-10-30T15:31:26","guid":{"rendered":"http:\/\/deltataxi-tignes.com\/?page_id=3"},"modified":"2023-11-09T10:11:54","modified_gmt":"2023-11-09T09:11:54","slug":"politique-de-confidentialite","status":"publish","type":"page","link":"https:\/\/deltataxi-tignes.com\/en\/privacy-policy\/","title":{"rendered":"Privacy Policy"},"content":{"rendered":"<div class=\"title_outer title_without_animation\" data-height=\"380\">\n<div class=\"title title_size_large position_left\">\n<div class=\"title_holder\">\n<div class=\"container\">\n<div class=\"container_inner clearfix\">\n<div class=\"title_subtitle_holder\">\n<div class=\"title_subtitle_holder_inner\">\n<h3 class=\"titre\">Web design<\/h3>\n<h3 class=\"titre\">SQUID \u2013 www.agencesquid.com<\/h3>\n<\/div>\n<\/div>\n<\/div>\n<\/div>\n<\/div>\n<\/div>\n<\/div>\n<div class=\"container\">\n<div class=\"container_inner default_template_holder clearfix page_container_inner\">\n<h3 class=\"titre\">1. LEGAL INFORMATION<\/h3>\n<p>The publisher of the Site is the company Delta Taxi, registered in the Chamb\u00e9ry trade and companies register and whose number is 8 843 761 891<br \/>\nThe head office is located: 3, rue des Petits Vergers<br \/>\n73700 Seez<br \/>\nTel: 06 11 45 67 01<br \/>\nEmail: contact@deltataxi-tignes.com<br \/>\nPublication director: No\u00ebl Core<\/p>\n<h3><\/h3>\n<h3 class=\"titre\">2. SITE HOSTING<\/h3>\n<p>The deltataxi-tignes.com website is hosted by the company OVH, SAS with capital of 10,000,000 euros, registered with the RCS of Roubaix-Tourcoing under number 424 761 419 00045.<br \/>\nHead office: 2 rue Kellerman 59100 Roubaix France<\/p>\n<h3><\/h3>\n<h3 class=\"titre\">3. INTELLECTUAL PROPERTY RIGHTS<\/h3>\n<p>The Site and all of its content (in particular the commercial brands, logos, any graphic, textual and computer element of the Site including in particular diagrams, layouts, articles, presentations, illustrations, photographs, and\/or any other document ) are protected by French and international laws on copyright and intellectual property.<br \/>\nNo interpretation can be made in favor of a license of use or any right to use these elements.<br \/>\nAs such, their representations, reproductions, nestings, broadcasts and rebroadcasts, partial or total, are prohibited (article L. 122-4 of the Intellectual Property Code). Any person proceeding without being able to demonstrate prior and express authorization from the holder of these rights incurs the penalties relating to the offense of counterfeiting (articles L. 335-2 et seq. of the Intellectual Property Code). Delta Taxi may rely on its rights, in particular intellectual property, to initiate criminal proceedings.<br \/>\nDelta Taxi reserves the right to improve or modify the information, products, programs or conditions of use described on the Site at any time, without liability being incurred as a result. The applicable conditions and notices will be those in force on the date of your connection to the Site.<\/p>\n<div><\/div>\n<h3 class=\"titre\">4. HYPERTEXT LINKS<\/h3>\n<p>The user who would be redirected to a third party site via a hypertext link established to other sites acknowledges that Delta Taxi does not control the content, information, products and services offered on these sites. Consequently, Delta Taxi cannot under any circumstances be held liable for possible direct or indirect damage resulting from the use of sites accessible via hypertext links.<br \/>\nDelta Taxi is also not responsible for hypertext links pointing to the Site.<br \/>\nAny person wishing to set up hypertext links pointing to the Site must obtain prior written authorization from Delta Taxi.<\/p>\n<h3 class=\"titre\">5. LIMITATION OF WARRANTY<\/h3>\n<p>Delta Taxi reminds Internet users of the characteristics and limits of the Internet network. Delta Taxi cannot be held responsible for any damage resulting from access to the Site or, on the contrary, from the inability to access it. Delta Taxi cannot under any circumstances be held responsible in the event of unavailability of the Site, for any reason whatsoever (technical fault, network congestion, etc.).<br \/>\nThe user expressly acknowledges using the Site at his own risk and under his exclusive responsibility. Delta Taxi cannot be held responsible for any damage, direct or indirect, material or immaterial caused to users, their computer or telecommunications equipment, the data stored there and the consequences that may result from this on their personal, professional or commercial activity. .<br \/>\nThe information on the Site is provided for information purposes only. The information published on this Site is updated and checked periodically but may still contain errors. The information must in any case be taken into consideration at the time it is put online and not at the time of consultation of the Site (this data may have been updated between the time you downloaded it and the one where you learn about it). In any event, Delta Taxi cannot be held responsible for this information.<\/p>\n<h3 class=\"titre\">6. USE OF THE SITE<\/h3>\n<p>Delta Taxi offers the Site primarily for the use of its customers and any person wishing to know and purchase its products and services.<br \/>\nWhen you connect to the Site:<br \/>\n\u2013 you undertake to respect these notices as well as, more generally, the applicable legislation,<br \/>\n\u2013 you refrain from any collection or misuse, in particular of personal information to which you may have access and, in general, from any act likely to harm third parties.<br \/>\nWhen you complete a form and provide information, you agree to:<br \/>\n\u2013 deliver real, accurate, up-to-date information at the time of entry and in particular not to use false names, positions or addresses, or names, positions or addresses without being authorized to do so,<br \/>\n\u2013 keep registration data up to date in order to permanently guarantee their real and accurate nature,<br \/>\n\u2013 not make available or distribute illegal, objectionable or harmful information, programs or elements (such as viruses, hacking or copying software).<br \/>\n\u2013 not disseminate comments, opinions or information of a defamatory, obscene, violent, racist nature and more generally contravening the laws and regulations in force, the rights of individuals and good morals.<br \/>\nIn the event of violation of these provisions, Delta Taxi reserves the right to prohibit you from accessing the Site or the services offered, at your sole discretion and without prejudice to any liability action.<\/p>\n<p>Use of personal data collected<\/p>\n<h3><\/h3>\n<h3>7. COMMENTS<\/h3>\n<p>When you leave a comment on our website, the data entered in the comment form, but also your IP address and the user agent of your browser are collected to help us detect unwanted comments.<\/p>\n<p>An anonymized string created from your email address (also called a hash) may be sent to the Gravatar service to check whether you are using it. The confidentiality provisions of the Gravatar service are available here: https:\/\/automattic.com\/privacy\/. After validation of your comment, your profile photo will be publicly visible next to your comment.8. Media<\/p>\n<p>If you are a registered user and upload images to the Website, we advise you to avoid uploading images that contain EXIF GPS coordinate data. Visitors to your website can download and extract location data from these images.<\/p>\n<h3><\/h3>\n<h3>8. COOKIES<\/h3>\n<p>If you leave a comment on our site, you may save your name, email address and website in cookies. This is only for your convenience so that you do not have to fill in this information if you leave another comment later. These cookies expire after one year.<\/p>\n<p>If you have an account and log in to this site, a temporary cookie will be created to determine whether your browser accepts cookies. It does not contain personal data and will be deleted automatically when you close your browser.<\/p>\n<p>When you log in, we will set a number of cookies to save your login information and screen preferences. The lifespan of a connection cookie is two days, that of a screen option cookie is one year. If you check \u201cRemember me\u201d, your login cookie will be retained for two weeks. If you log out of your account, the login cookie will be deleted.<\/p>\n<p>By editing or publishing an article, an additional cookie will be stored in your browser. This cookie does not include any personal data. It simply indicates the ID of the article you have just modified. It expires after one day.<\/p>\n<h3><\/h3>\n<h3>9. CONTENT EMBEDDED FROM OTHER SITES<\/h3>\n<p>Articles on this site may include embedded content (e.g. videos, images, articles, etc.). Content embedded from other sites behaves the same as if the visitor went to that other site.<\/p>\n<p>These websites could collect data about you, use cookies, embed third-party tracking tools, track your interactions with this embedded content if you have an account connected to their website.<\/p>\n<h3>10. STORAGE DURATION OF YOUR DATA<\/h3>\n<p>If you leave a comment, the comment and its metadata are retained indefinitely. This allows subsequent comments to be automatically recognized and approved instead of leaving them in the moderation queue.<\/p>\n<p>For users who register on our site (if possible), we also store the personal data indicated in their profile. All users can view, modify or delete their personal information at any time (except their username). Site managers can also view and modify this information.<\/p>\n<h3><\/h3>\n<h3>11. THE RIGHTS YOU HAVE OVER YOUR DATA<\/h3>\n<p>If you have an account or have left comments on the site, you can request to receive a file containing all the personal data we have about you, including that you have provided to us. You can also request the deletion of personal data concerning you. This does not take into account data stored for administrative, legal or security purposes.<\/p>\n<h3>12. TRANSMISSION OF YOUR PERSONAL DATA<\/h3>\n<p>Visitor comments may be checked using an automated spam comment detection service.<\/p>\n<h2><\/h2>\n<\/div>\n<\/div>","protected":false},"excerpt":{"rendered":"<p>Web design SQUID \u2013 www.agencesquid.com 1. LEGAL INFORMATION The publisher of the Site is the company Delta Taxi, registered in the Chamb\u00e9ry trade and companies register and whose number is 8 843 761 891 The head office is located: 3, rue des Petits\u2026<\/p>","protected":false},"author":1,"featured_media":0,"parent":0,"menu_order":0,"comment_status":"closed","ping_status":"open","template":"","meta":{"iawp_total_views":48,"footnotes":""},"class_list":["post-3","page","type-page","status-publish","hentry"],"yoast_head":"<!-- This site is optimized with the Yoast SEO plugin v26.9 - https:\/\/yoast.com\/product\/yoast-seo-wordpress\/ -->\n<title>Politique de confidentialit\u00e9 - Delta Taxi<\/title>\n<meta name=\"robots\" content=\"index, follow, max-snippet:-1, max-image-preview:large, max-video-preview:-1\" \/>\n<link rel=\"canonical\" href=\"https:\/\/deltataxi-tignes.com\/en\/privacy-policy\/\" \/>\n<meta property=\"og:locale\" content=\"en_GB\" \/>\n<meta property=\"og:type\" content=\"article\" \/>\n<meta property=\"og:title\" content=\"Politique de confidentialit\u00e9 - Delta Taxi\" \/>\n<meta property=\"og:description\" content=\"Web design SQUID &#8211; www.agencesquid.com 1. INFORMATIONS L\u00c9GALES L\u2019\u00e9diteur du Site est la soci\u00e9t\u00e9 Delta Taxi, immatricul\u00e9e au registre du commerce et des soci\u00e9t\u00e9s de Chamb\u00e9ry et dont le n\u00b0 est 8 843 761 891 Le si\u00e8ge social est situ\u00e9 : 3, rue des Petits...\" \/>\n<meta property=\"og:url\" content=\"https:\/\/deltataxi-tignes.com\/en\/privacy-policy\/\" \/>\n<meta property=\"og:site_name\" content=\"Delta Taxi\" \/>\n<meta property=\"article:modified_time\" content=\"2023-11-09T09:11:54+00:00\" \/>\n<meta name=\"twitter:card\" content=\"summary_large_image\" \/>\n<meta name=\"twitter:label1\" content=\"Estimated reading time\" \/>\n\t<meta name=\"twitter:data1\" content=\"8 minutes\" \/>\n<script type=\"application\/ld+json\" class=\"yoast-schema-graph\">{\"@context\":\"https:\/\/schema.org\",\"@graph\":[{\"@type\":\"WebPage\",\"@id\":\"https:\/\/deltataxi-tignes.com\/politique-de-confidentialite\/\",\"url\":\"https:\/\/deltataxi-tignes.com\/politique-de-confidentialite\/\",\"name\":\"Politique de confidentialit\u00e9 - Delta Taxi\",\"isPartOf\":{\"@id\":\"https:\/\/deltataxi-tignes.com\/#website\"},\"datePublished\":\"2023-10-30T15:31:26+00:00\",\"dateModified\":\"2023-11-09T09:11:54+00:00\",\"breadcrumb\":{\"@id\":\"https:\/\/deltataxi-tignes.com\/politique-de-confidentialite\/#breadcrumb\"},\"inLanguage\":\"en-GB\",\"potentialAction\":[{\"@type\":\"ReadAction\",\"target\":[\"https:\/\/deltataxi-tignes.com\/politique-de-confidentialite\/\"]}]},{\"@type\":\"BreadcrumbList\",\"@id\":\"https:\/\/deltataxi-tignes.com\/politique-de-confidentialite\/#breadcrumb\",\"itemListElement\":[{\"@type\":\"ListItem\",\"position\":1,\"name\":\"Accueil\",\"item\":\"https:\/\/deltataxi-tignes.com\/\"},{\"@type\":\"ListItem\",\"position\":2,\"name\":\"Politique de confidentialit\u00e9\"}]},{\"@type\":\"WebSite\",\"@id\":\"https:\/\/deltataxi-tignes.com\/#website\",\"url\":\"https:\/\/deltataxi-tignes.com\/\",\"name\":\"Delta Taxi\",\"description\":\"Delta Taxi, voyagez autrement.\",\"publisher\":{\"@id\":\"https:\/\/deltataxi-tignes.com\/#organization\"},\"potentialAction\":[{\"@type\":\"SearchAction\",\"target\":{\"@type\":\"EntryPoint\",\"urlTemplate\":\"https:\/\/deltataxi-tignes.com\/?s={search_term_string}\"},\"query-input\":{\"@type\":\"PropertyValueSpecification\",\"valueRequired\":true,\"valueName\":\"search_term_string\"}}],\"inLanguage\":\"en-GB\"},{\"@type\":\"Organization\",\"@id\":\"https:\/\/deltataxi-tignes.com\/#organization\",\"name\":\"Delta Taxi\",\"url\":\"https:\/\/deltataxi-tignes.com\/\",\"logo\":{\"@type\":\"ImageObject\",\"inLanguage\":\"en-GB\",\"@id\":\"https:\/\/deltataxi-tignes.com\/#\/schema\/logo\/image\/\",\"url\":\"https:\/\/deltataxi-tignes.com\/wp-content\/uploads\/2023\/10\/logomobile.png\",\"contentUrl\":\"https:\/\/deltataxi-tignes.com\/wp-content\/uploads\/2023\/10\/logomobile.png\",\"width\":1227,\"height\":219,\"caption\":\"Delta Taxi\"},\"image\":{\"@id\":\"https:\/\/deltataxi-tignes.com\/#\/schema\/logo\/image\/\"}}]}<\/script>\n<!-- \/ Yoast SEO plugin. -->","yoast_head_json":{"title":"Privacy policy - Delta Taxi","robots":{"index":"index","follow":"follow","max-snippet":"max-snippet:-1","max-image-preview":"max-image-preview:large","max-video-preview":"max-video-preview:-1"},"canonical":"https:\/\/deltataxi-tignes.com\/en\/privacy-policy\/","og_locale":"en_GB","og_type":"article","og_title":"Politique de confidentialit\u00e9 - Delta Taxi","og_description":"Web design SQUID &#8211; www.agencesquid.com 1. INFORMATIONS L\u00c9GALES L\u2019\u00e9diteur du Site est la soci\u00e9t\u00e9 Delta Taxi, immatricul\u00e9e au registre du commerce et des soci\u00e9t\u00e9s de Chamb\u00e9ry et dont le n\u00b0 est 8 843 761 891 Le si\u00e8ge social est situ\u00e9 : 3, rue des Petits...","og_url":"https:\/\/deltataxi-tignes.com\/en\/privacy-policy\/","og_site_name":"Delta Taxi","article_modified_time":"2023-11-09T09:11:54+00:00","twitter_card":"summary_large_image","twitter_misc":{"Estimated reading time":"8 minutes"},"schema":{"@context":"https:\/\/schema.org","@graph":[{"@type":"WebPage","@id":"https:\/\/deltataxi-tignes.com\/politique-de-confidentialite\/","url":"https:\/\/deltataxi-tignes.com\/politique-de-confidentialite\/","name":"Privacy policy - Delta Taxi","isPartOf":{"@id":"https:\/\/deltataxi-tignes.com\/#website"},"datePublished":"2023-10-30T15:31:26+00:00","dateModified":"2023-11-09T09:11:54+00:00","breadcrumb":{"@id":"https:\/\/deltataxi-tignes.com\/politique-de-confidentialite\/#breadcrumb"},"inLanguage":"en-GB","potentialAction":[{"@type":"ReadAction","target":["https:\/\/deltataxi-tignes.com\/politique-de-confidentialite\/"]}]},{"@type":"BreadcrumbList","@id":"https:\/\/deltataxi-tignes.com\/politique-de-confidentialite\/#breadcrumb","itemListElement":[{"@type":"ListItem","position":1,"name":"Accueil","item":"https:\/\/deltataxi-tignes.com\/"},{"@type":"ListItem","position":2,"name":"Politique de confidentialit\u00e9"}]},{"@type":"WebSite","@id":"https:\/\/deltataxi-tignes.com\/#website","url":"https:\/\/deltataxi-tignes.com\/","name":"Delta Taxi","description":"Delta Taxi, travel differently.","publisher":{"@id":"https:\/\/deltataxi-tignes.com\/#organization"},"potentialAction":[{"@type":"SearchAction","target":{"@type":"EntryPoint","urlTemplate":"https:\/\/deltataxi-tignes.com\/?s={search_term_string}"},"query-input":{"@type":"PropertyValueSpecification","valueRequired":true,"valueName":"search_term_string"}}],"inLanguage":"en-GB"},{"@type":"Organization","@id":"https:\/\/deltataxi-tignes.com\/#organization","name":"Delta Taxi","url":"https:\/\/deltataxi-tignes.com\/","logo":{"@type":"ImageObject","inLanguage":"en-GB","@id":"https:\/\/deltataxi-tignes.com\/#\/schema\/logo\/image\/","url":"https:\/\/deltataxi-tignes.com\/wp-content\/uploads\/2023\/10\/logomobile.png","contentUrl":"https:\/\/deltataxi-tignes.com\/wp-content\/uploads\/2023\/10\/logomobile.png","width":1227,"height":219,"caption":"Delta Taxi"},"image":{"@id":"https:\/\/deltataxi-tignes.com\/#\/schema\/logo\/image\/"}}]}},"_links":{"self":[{"href":"https:\/\/deltataxi-tignes.com\/en\/wp-json\/wp\/v2\/pages\/3","targetHints":{"allow":["GET"]}}],"collection":[{"href":"https:\/\/deltataxi-tignes.com\/en\/wp-json\/wp\/v2\/pages"}],"about":[{"href":"https:\/\/deltataxi-tignes.com\/en\/wp-json\/wp\/v2\/types\/page"}],"author":[{"embeddable":true,"href":"https:\/\/deltataxi-tignes.com\/en\/wp-json\/wp\/v2\/users\/1"}],"replies":[{"embeddable":true,"href":"https:\/\/deltataxi-tignes.com\/en\/wp-json\/wp\/v2\/comments?post=3"}],"version-history":[{"count":7,"href":"https:\/\/deltataxi-tignes.com\/en\/wp-json\/wp\/v2\/pages\/3\/revisions"}],"predecessor-version":[{"id":526,"href":"https:\/\/deltataxi-tignes.com\/en\/wp-json\/wp\/v2\/pages\/3\/revisions\/526"}],"wp:attachment":[{"href":"https:\/\/deltataxi-tignes.com\/en\/wp-json\/wp\/v2\/media?parent=3"}],"curies":[{"name":"wp","href":"https:\/\/api.w.org\/{rel}","templated":true}]}}