{"id":305,"date":"2016-03-28T12:25:28","date_gmt":"2016-03-28T10:25:28","guid":{"rendered":"http:\/\/bridge17.qodeinteractive.com\/?page_id=305"},"modified":"2026-02-11T14:11:24","modified_gmt":"2026-02-11T13:11:24","slug":"taxi-a-tignes","status":"publish","type":"page","link":"https:\/\/deltataxi-tignes.com\/en\/prices\/","title":{"rendered":"Rates"},"content":{"rendered":"<section class=\"wpb-content-wrapper\"><div      class=\"vc_row wpb_row section vc_row-fluid  vc_custom_1698831500636\" style=' text-align:left;'><div class=\"full_section_inner clearfix\"><div class=\"wpb_column vc_column_container vc_col-sm-12\"><div class=\"vc_column-inner\"><div class=\"wpb_wrapper\">\n\t<div class=\"wpb_text_column wpb_content_element\">\n\t\t<div class=\"wpb_wrapper\">\n\t\t\t<h1 style=\"text-align: center;\">Taxi \u00e0 Tignes<\/h1>\n\n\t\t<\/div> \n\t<\/div> \n\t<div class=\"wpb_text_column wpb_content_element\">\n\t\t<div class=\"wpb_wrapper\">\n\t\t\t<h2 style=\"text-align: center;\">DELTA TAXIS &#8211; TARIFS HIVER 2025\/2026<\/h2>\n\n\t\t<\/div> \n\t<\/div> \t<div class=\"vc_empty_space\"  style=\"height: 18px\" ><span\n\t\t\tclass=\"vc_empty_space_inner\">\n\t\t\t<span class=\"empty_space_image\"  ><\/span>\n\t\t<\/span><\/div>\n\n<div class=\"separator  small center\" style=\"\"><\/div>\n\n\t<div class=\"wpb_text_column wpb_content_element\">\n\t\t<div class=\"wpb_wrapper\">\n\t\t\t<h4 style=\"text-align: center;\">All our prices include highway costs, luggage, coffee and smiles.<\/h4>\n\n\t\t<\/div> \n\t<\/div> \t<div class=\"vc_empty_space\"  style=\"height: 18px\" ><span\n\t\t\tclass=\"vc_empty_space_inner\">\n\t\t\t<span class=\"empty_space_image\"  ><\/span>\n\t\t<\/span><\/div>\n\n\n\t<div class=\"wpb_text_column wpb_content_element\">\n\t\t<div class=\"wpb_wrapper\">\n\t\t\t<p style=\"text-align: center;\">Can't find your starting point or destination? Contact us to let us know your request<\/p>\n<p style=\"text-align: center;\">on +33 (0) 6 11 45 67 01 or via the button here below<\/p>\n\n\t\t<\/div> \n\t<\/div> <\/div><\/div><\/div><\/div><\/div><div      class=\"vc_row wpb_row section vc_row-fluid  grid_section full_screen_section\" style=' text-align:center;'><div class=\"section_inner clearfix\"><div class='section_inner_margin clearfix'><div class=\"wpb_column vc_column_container vc_col-sm-12\"><div class=\"vc_column-inner\"><div class=\"wpb_wrapper\"><a  itemprop=\"url\" href=\"https:\/\/deltataxi-tignes.com\/en\/contact\/\" target=\"_blank\" data-hover-background-color='#000000' data-hover-color='#ffffff' class=\"qbutton  large center enlarge\" style=\"color: #ffffff; background-color: #304ffe;\">contact<\/a>\t<div class=\"vc_empty_space\"  style=\"height: 32px\" ><span\n\t\t\tclass=\"vc_empty_space_inner\">\n\t\t\t<span class=\"empty_space_image\"  ><\/span>\n\t\t<\/span><\/div>\n\n<\/div><\/div><\/div><\/div><\/div><\/div><div      class=\"vc_row wpb_row section vc_row-fluid\" style=' text-align:left;'><div class=\"full_section_inner clearfix\"><div class=\"wpb_column vc_column_container vc_col-sm-12\"><div class=\"vc_column-inner\"><div class=\"wpb_wrapper\">\t<div class=\"vc_empty_space\"  style=\"height: 32px\" ><span\n\t\t\tclass=\"vc_empty_space_inner\">\n\t\t\t<span class=\"empty_space_image\"  ><\/span>\n\t\t<\/span><\/div>\n\n\n\t<div class=\"wpb_text_column wpb_content_element\">\n\t\t<div class=\"wpb_wrapper\">\n\t\t\t<h1 style=\"text-align: center;\">FROM OR TO TIGNES<\/h1>\n<h3 style=\"text-align: center;\">In italics, weekend rates*.<\/h3>\n<p style=\"text-align: center;\">*From 7 p.m. to 7 a.m., Saturdays, Sundays and public holidays.<\/p>\n\n\t\t<\/div> \n\t<\/div> \t<div class=\"vc_empty_space\"  style=\"height: 32px\" ><span\n\t\t\tclass=\"vc_empty_space_inner\">\n\t\t\t<span class=\"empty_space_image\"  ><\/span>\n\t\t<\/span><\/div>\n\n<\/div><\/div><\/div><\/div><\/div><div      class=\"vc_row wpb_row section vc_row-fluid\" style=' text-align:left;'><div class=\"full_section_inner clearfix\"><div class=\"wpb_column vc_column_container vc_col-sm-12\"><div class=\"vc_column-inner\"><div class=\"wpb_wrapper\">\n\t<div class=\"wpb_text_column wpb_content_element\">\n\t\t<div class=\"wpb_wrapper\">\n\t\t\t\n<table id=\"tablepress-1\" class=\"tablepress tablepress-id-1\" aria-describedby=\"tablepress-1-description\">\n<tbody class=\"row-striping row-hover\">\n<tr class=\"row-1\">\n\t<td class=\"column-1\">Destinations<\/td><td class=\"column-2\">1 to 4 people.<\/td><td class=\"column-3\">5 people.<\/td><td class=\"column-4\">6 people.<\/td><td class=\"column-5\">7 people.<\/td><td class=\"column-6\">8 people.<\/td>\n<\/tr>\n<tr class=\"row-2\">\n\t<td class=\"column-1\">Tignes Lake \/ Val Claret<\/td><td class=\"column-2\">20\u20ac<\/td><td class=\"column-3\">23\u20ac<\/td><td class=\"column-4\">26\u20ac<\/td><td class=\"column-5\">28\u20ac<\/td><td class=\"column-6\">30\u20ac<\/td>\n<\/tr>\n<tr class=\"row-3\">\n\t<td class=\"column-1\">Tignes Les Boisses<\/td><td class=\"column-2\">25\u20ac<\/td><td class=\"column-3\">30\u20ac<\/td><td class=\"column-4\">35\u20ac<\/td><td class=\"column-5\">37\u20ac<\/td><td class=\"column-6\">40\u20ac<\/td>\n<\/tr>\n<tr class=\"row-4\">\n\t<td class=\"column-1\">Tignes Les Br\u00e9vi\u00e8res<\/td><td class=\"column-2\">50\u20ac<\/td><td class=\"column-3\">55\u20ac<\/td><td class=\"column-4\">60\u20ac<\/td><td class=\"column-5\">63\u20ac<\/td><td class=\"column-6\">65\u20ac<\/td>\n<\/tr>\n<tr class=\"row-5\">\n\t<td class=\"column-1\">Val d&#039;Is\u00e8re Daille and center<\/td><td class=\"column-2\">50\u20ac<\/td><td class=\"column-3\">55\u20ac<\/td><td class=\"column-4\">60\u20ac<\/td><td class=\"column-5\">63\u20ac<\/td><td class=\"column-6\">70\u20ac<\/td>\n<\/tr>\n<tr class=\"row-6\">\n\t<td class=\"column-1\">Val d&#039;Is\u00e8re Le Fornet<\/td><td class=\"column-2\">55\u20ac<\/td><td class=\"column-3\">60\u20ac<\/td><td class=\"column-4\">65\u20ac<\/td><td class=\"column-5\">68\u20ac<\/td><td class=\"column-6\">70\u20ac<\/td>\n<\/tr>\n<tr class=\"row-7\">\n\t<td class=\"column-1\">Ste Foy Tarentaise<\/td><td class=\"column-2\">75\u20ac<\/td><td class=\"column-3\">80\u20ac<\/td><td class=\"column-4\">85\u20ac<\/td><td class=\"column-5\">90\u20ac<\/td><td class=\"column-6\">95\u20ac<\/td>\n<\/tr>\n<tr class=\"row-8\">\n\t<td class=\"column-1\">Bourg St Maurice \/ La Rosi\u00e8re<\/td><td class=\"column-2\">115\u20ac  <\/td><td class=\"column-3\">120\u20ac<\/td><td class=\"column-4\">125\u20ac<\/td><td class=\"column-5\">130\u20ac<\/td><td class=\"column-6\">135\u20ac<\/td>\n<\/tr>\n<tr class=\"row-9\">\n\t<td class=\"column-1\">Chambery<\/td><td class=\"column-2\">350\u20ac<br \/>\n<em>410\u20ac<\/em><\/td><td class=\"column-3\">360\u20ac<br \/>\n<em>420\u20ac<\/em><\/td><td class=\"column-4\">370\u20ac<br \/>\n<em>430\u20ac<\/em><\/td><td class=\"column-5\">380\u20ac<br \/>\n<em>440\u20ac<\/em><\/td><td class=\"column-6\">390\u20ac<br \/>\n<em>450\u20ac<\/em><\/td>\n<\/tr>\n<tr class=\"row-10\">\n\t<td class=\"column-1\">Geneva airport<\/td><td class=\"column-2\">450\u20ac<br \/>\n<em>520\u20ac<\/em><\/td><td class=\"column-3\">460\u20ac<br \/>\n<em>530\u20ac<\/em><\/td><td class=\"column-4\">470\u20ac<br \/>\n<em>540\u20ac<\/em><\/td><td class=\"column-5\">480\u20ac<br \/>\n<em>550\u20ac<\/em><\/td><td class=\"column-6\">490\u20ac<br \/>\n<em>560\u20ac<\/em><\/td>\n<\/tr>\n<tr class=\"row-11\">\n\t<td class=\"column-1\">Geneva City<\/td><td class=\"column-2\">470\u20ac<br \/>\n<em>530\u20ac<\/em><\/td><td class=\"column-3\">480\u20ac<br \/>\n<em>540\u20ac<\/em><\/td><td class=\"column-4\">490\u20ac<br \/>\n<em>550\u20ac<\/em><\/td><td class=\"column-5\">500\u20ac<br \/>\n<em>560\u20ac<\/em><\/td><td class=\"column-6\">510\u20ac<br \/>\n<em>570\u20ac<\/em><\/td>\n<\/tr>\n<tr class=\"row-12\">\n\t<td class=\"column-1\">Grenoble airport<\/td><td class=\"column-2\">510\u20ac<br \/>\n<em>580\u20ac<\/em><\/td><td class=\"column-3\">520\u20ac<br \/>\n<em>590\u20ac<\/em><\/td><td class=\"column-4\">530\u20ac<br \/>\n<em>600\u20ac<\/em><\/td><td class=\"column-5\">540\u20ac<br \/>\n<em>610\u20ac<\/em><\/td><td class=\"column-6\">550\u20ac<br \/>\n<em>620\u20ac<\/em><\/td>\n<\/tr>\n<tr class=\"row-13\">\n\t<td class=\"column-1\">Lyon St Exup\u00e9ry<\/td><td class=\"column-2\">550\u20ac<br \/>\n<em>600\u20ac<\/em><\/td><td class=\"column-3\">560\u20ac<br \/>\n<em>610\u20ac<\/em><\/td><td class=\"column-4\">570\u20ac<br \/>\n<em>620\u20ac<\/em><\/td><td class=\"column-5\">580\u20ac<br \/>\n<em>630\u20ac<\/em><\/td><td class=\"column-6\">590\u20ac<br \/>\n<em>640\u20ac<\/em><\/td>\n<\/tr>\n<tr class=\"row-14\">\n\t<td class=\"column-1\">Lyon city<\/td><td class=\"column-2\">590\u20ac<br \/>\n<em>640\u20ac<\/em><\/td><td class=\"column-3\">600\u20ac<br \/>\n<em>650\u20ac<\/em><\/td><td class=\"column-4\">610\u20ac<br \/>\n<em>660\u20ac<\/em><\/td><td class=\"column-5\">620\u20ac<br \/>\n<em>670\u20ac<\/em><\/td><td class=\"column-6\">630\u20ac<br \/>\n<em>680\u20ac<\/em><\/td>\n<\/tr>\n<tr class=\"row-15\">\n\t<td class=\"column-1\">Turin<\/td><td class=\"column-2\">820\u20ac<br \/>\n<em>870\u20ac<\/em><\/td><td class=\"column-3\">830\u20ac<br \/>\n<em>880\u20ac<\/em><\/td><td class=\"column-4\">840\u20ac<br \/>\n<em>890\u20ac<\/em><\/td><td class=\"column-5\">850\u20ac<br \/>\n<em>900\u20ac<\/em><\/td><td class=\"column-6\">860\u20ac<br \/>\n<em>910\u20ac<\/em><\/td>\n<\/tr>\n<tr class=\"row-16\">\n\t<td class=\"column-1\">Milan<\/td><td class=\"column-2\">950\u20ac<br \/>\n<em>1000\u20ac<\/em><\/td><td class=\"column-3\">960\u20ac<br \/>\n<em>1010\u20ac<\/em><\/td><td class=\"column-4\">970\u20ac<br \/>\n<em>1020\u20ac<\/em><\/td><td class=\"column-5\">980\u20ac<br \/>\n<em>1030\u20ac<\/em><\/td><td class=\"column-6\">990\u20ac<br \/>\n<em>1040\u20ac<\/em><\/td>\n<\/tr>\n<tr class=\"row-17\">\n\t<td class=\"column-1\">Paris<\/td><td class=\"column-2\">1750\u20ac<br \/>\n<em>1950\u20ac<\/em><\/td><td class=\"column-3\">1760\u20ac<br \/>\n<em>1960\u20ac<\/em><\/td><td class=\"column-4\">1770\u20ac<br \/>\n<em>1970\u20ac<\/em><\/td><td class=\"column-5\">1780\u20ac<br \/>\n<em>1980\u20ac<\/em><\/td><td class=\"column-6\">1790\u20ac<br \/>\n<em>1990\u20ac<\/em><\/td>\n<\/tr>\n<\/tbody>\n<\/table>\n<span id=\"tablepress-1-description\" class=\"tablepress-table-description tablepress-table-description-id-1\"><\/span>\n<!-- #tablepress-1 from cache -->\n\n\t\t<\/div> \n\t<\/div> <\/div><\/div><\/div><\/div><\/div><div      class=\"vc_row wpb_row section vc_row-fluid\" style=' text-align:left;'><div class=\"full_section_inner clearfix\"><div class=\"wpb_column vc_column_container vc_col-sm-12\"><div class=\"vc_column-inner\"><div class=\"wpb_wrapper\">\t<div class=\"vc_empty_space\"  style=\"height: 32px\" ><span\n\t\t\tclass=\"vc_empty_space_inner\">\n\t\t\t<span class=\"empty_space_image\"  ><\/span>\n\t\t<\/span><\/div>\n\n<\/div><\/div><\/div><\/div><\/div>\n<\/section>","protected":false},"excerpt":{"rendered":"Taxi \u00e0 Tignes DELTA TAXIS - TARIFS HIVER 2025\/2026 Tous nos tarifs s'entendent autoroute, bagages, caf\u00e9, sourire compris. Vous ne trouvez pas votre point de d\u00e9part ou votre destination ? Contactez-nous pour nous faire part de votre demande au +33 (0) 6 11 45 67...","protected":false},"author":1,"featured_media":0,"parent":0,"menu_order":0,"comment_status":"closed","ping_status":"closed","template":"full_width.php","meta":{"iawp_total_views":862,"footnotes":""},"class_list":["post-305","page","type-page","status-publish","hentry"],"yoast_head":"<!-- This site is optimized with the Yoast SEO plugin v26.9 - https:\/\/yoast.com\/product\/yoast-seo-wordpress\/ -->\n<title>Taxi \u00e0 Tignes - Delta Taxi - VTC et taxi \u00e0 Tignes - transferts a\u00e9roports et gares<\/title>\n<meta name=\"description\" content=\"Taxi \u00e0 Tignes, Taxi \u00e0 Val d&#039;Is\u00e8re, Arc 1600, Arc 1800, Arc 1950, Arc 2000, Sainte Foy Tarentaise, Peisey Vallandry, La Rosi\u00e8re...\" \/>\n<meta name=\"robots\" content=\"index, follow, max-snippet:-1, max-image-preview:large, max-video-preview:-1\" \/>\n<link rel=\"canonical\" href=\"https:\/\/deltataxi-tignes.com\/en\/prices\/\" \/>\n<meta property=\"og:locale\" content=\"en_GB\" \/>\n<meta property=\"og:type\" content=\"article\" \/>\n<meta property=\"og:title\" content=\"Taxi \u00e0 Tignes - Delta Taxi - VTC et taxi \u00e0 Tignes - transferts a\u00e9roports et gares\" \/>\n<meta property=\"og:description\" content=\"Taxi \u00e0 Tignes, Taxi \u00e0 Val d&#039;Is\u00e8re, Arc 1600, Arc 1800, Arc 1950, Arc 2000, Sainte Foy Tarentaise, Peisey Vallandry, La Rosi\u00e8re...\" \/>\n<meta property=\"og:url\" content=\"https:\/\/deltataxi-tignes.com\/en\/prices\/\" \/>\n<meta property=\"og:site_name\" content=\"Delta Taxi\" \/>\n<meta property=\"article:modified_time\" content=\"2026-02-11T13:11:24+00:00\" \/>\n<meta name=\"twitter:card\" content=\"summary_large_image\" \/>\n<meta name=\"twitter:label1\" content=\"Estimated reading time\" \/>\n\t<meta name=\"twitter:data1\" content=\"1 minute\" \/>\n<script type=\"application\/ld+json\" class=\"yoast-schema-graph\">{\"@context\":\"https:\/\/schema.org\",\"@graph\":[{\"@type\":\"WebPage\",\"@id\":\"https:\/\/deltataxi-tignes.com\/taxi-a-tignes\/\",\"url\":\"https:\/\/deltataxi-tignes.com\/taxi-a-tignes\/\",\"name\":\"Taxi \u00e0 Tignes - Delta Taxi - VTC et taxi \u00e0 Tignes - transferts a\u00e9roports et gares\",\"isPartOf\":{\"@id\":\"https:\/\/deltataxi-tignes.com\/#website\"},\"datePublished\":\"2016-03-28T10:25:28+00:00\",\"dateModified\":\"2026-02-11T13:11:24+00:00\",\"description\":\"Taxi \u00e0 Tignes, Taxi \u00e0 Val d'Is\u00e8re, Arc 1600, Arc 1800, Arc 1950, Arc 2000, Sainte Foy Tarentaise, Peisey Vallandry, La Rosi\u00e8re...\",\"breadcrumb\":{\"@id\":\"https:\/\/deltataxi-tignes.com\/taxi-a-tignes\/#breadcrumb\"},\"inLanguage\":\"en-GB\",\"potentialAction\":[{\"@type\":\"ReadAction\",\"target\":[\"https:\/\/deltataxi-tignes.com\/taxi-a-tignes\/\"]}]},{\"@type\":\"BreadcrumbList\",\"@id\":\"https:\/\/deltataxi-tignes.com\/taxi-a-tignes\/#breadcrumb\",\"itemListElement\":[{\"@type\":\"ListItem\",\"position\":1,\"name\":\"Accueil\",\"item\":\"https:\/\/deltataxi-tignes.com\/\"},{\"@type\":\"ListItem\",\"position\":2,\"name\":\"Tarifs\"}]},{\"@type\":\"WebSite\",\"@id\":\"https:\/\/deltataxi-tignes.com\/#website\",\"url\":\"https:\/\/deltataxi-tignes.com\/\",\"name\":\"Delta Taxi\",\"description\":\"Delta Taxi, voyagez autrement.\",\"publisher\":{\"@id\":\"https:\/\/deltataxi-tignes.com\/#organization\"},\"potentialAction\":[{\"@type\":\"SearchAction\",\"target\":{\"@type\":\"EntryPoint\",\"urlTemplate\":\"https:\/\/deltataxi-tignes.com\/?s={search_term_string}\"},\"query-input\":{\"@type\":\"PropertyValueSpecification\",\"valueRequired\":true,\"valueName\":\"search_term_string\"}}],\"inLanguage\":\"en-GB\"},{\"@type\":\"Organization\",\"@id\":\"https:\/\/deltataxi-tignes.com\/#organization\",\"name\":\"Delta Taxi\",\"url\":\"https:\/\/deltataxi-tignes.com\/\",\"logo\":{\"@type\":\"ImageObject\",\"inLanguage\":\"en-GB\",\"@id\":\"https:\/\/deltataxi-tignes.com\/#\/schema\/logo\/image\/\",\"url\":\"https:\/\/deltataxi-tignes.com\/wp-content\/uploads\/2023\/10\/logomobile.png\",\"contentUrl\":\"https:\/\/deltataxi-tignes.com\/wp-content\/uploads\/2023\/10\/logomobile.png\",\"width\":1227,\"height\":219,\"caption\":\"Delta Taxi\"},\"image\":{\"@id\":\"https:\/\/deltataxi-tignes.com\/#\/schema\/logo\/image\/\"}}]}<\/script>\n<!-- \/ Yoast SEO plugin. -->","yoast_head_json":{"title":"Taxi \u00e0 Tignes - Delta Taxi - VTC et taxi \u00e0 Tignes - transferts a\u00e9roports et gares","description":"Taxi \u00e0 Tignes, Taxi \u00e0 Val d'Is\u00e8re, Arc 1600, Arc 1800, Arc 1950, Arc 2000, Sainte Foy Tarentaise, Peisey Vallandry, La Rosi\u00e8re...","robots":{"index":"index","follow":"follow","max-snippet":"max-snippet:-1","max-image-preview":"max-image-preview:large","max-video-preview":"max-video-preview:-1"},"canonical":"https:\/\/deltataxi-tignes.com\/en\/prices\/","og_locale":"en_GB","og_type":"article","og_title":"Taxi \u00e0 Tignes - Delta Taxi - VTC et taxi \u00e0 Tignes - transferts a\u00e9roports et gares","og_description":"Taxi \u00e0 Tignes, Taxi \u00e0 Val d'Is\u00e8re, Arc 1600, Arc 1800, Arc 1950, Arc 2000, Sainte Foy Tarentaise, Peisey Vallandry, La Rosi\u00e8re...","og_url":"https:\/\/deltataxi-tignes.com\/en\/prices\/","og_site_name":"Delta Taxi","article_modified_time":"2026-02-11T13:11:24+00:00","twitter_card":"summary_large_image","twitter_misc":{"Estimated reading time":"1 minute"},"schema":{"@context":"https:\/\/schema.org","@graph":[{"@type":"WebPage","@id":"https:\/\/deltataxi-tignes.com\/taxi-a-tignes\/","url":"https:\/\/deltataxi-tignes.com\/taxi-a-tignes\/","name":"Taxi \u00e0 Tignes - Delta Taxi - VTC et taxi \u00e0 Tignes - transferts a\u00e9roports et gares","isPartOf":{"@id":"https:\/\/deltataxi-tignes.com\/#website"},"datePublished":"2016-03-28T10:25:28+00:00","dateModified":"2026-02-11T13:11:24+00:00","description":"Taxi \u00e0 Tignes, Taxi \u00e0 Val d'Is\u00e8re, Arc 1600, Arc 1800, Arc 1950, Arc 2000, Sainte Foy Tarentaise, Peisey Vallandry, La Rosi\u00e8re...","breadcrumb":{"@id":"https:\/\/deltataxi-tignes.com\/taxi-a-tignes\/#breadcrumb"},"inLanguage":"en-GB","potentialAction":[{"@type":"ReadAction","target":["https:\/\/deltataxi-tignes.com\/taxi-a-tignes\/"]}]},{"@type":"BreadcrumbList","@id":"https:\/\/deltataxi-tignes.com\/taxi-a-tignes\/#breadcrumb","itemListElement":[{"@type":"ListItem","position":1,"name":"Accueil","item":"https:\/\/deltataxi-tignes.com\/"},{"@type":"ListItem","position":2,"name":"Tarifs"}]},{"@type":"WebSite","@id":"https:\/\/deltataxi-tignes.com\/#website","url":"https:\/\/deltataxi-tignes.com\/","name":"Delta Taxi","description":"Delta Taxi, travel differently.","publisher":{"@id":"https:\/\/deltataxi-tignes.com\/#organization"},"potentialAction":[{"@type":"SearchAction","target":{"@type":"EntryPoint","urlTemplate":"https:\/\/deltataxi-tignes.com\/?s={search_term_string}"},"query-input":{"@type":"PropertyValueSpecification","valueRequired":true,"valueName":"search_term_string"}}],"inLanguage":"en-GB"},{"@type":"Organization","@id":"https:\/\/deltataxi-tignes.com\/#organization","name":"Delta Taxi","url":"https:\/\/deltataxi-tignes.com\/","logo":{"@type":"ImageObject","inLanguage":"en-GB","@id":"https:\/\/deltataxi-tignes.com\/#\/schema\/logo\/image\/","url":"https:\/\/deltataxi-tignes.com\/wp-content\/uploads\/2023\/10\/logomobile.png","contentUrl":"https:\/\/deltataxi-tignes.com\/wp-content\/uploads\/2023\/10\/logomobile.png","width":1227,"height":219,"caption":"Delta Taxi"},"image":{"@id":"https:\/\/deltataxi-tignes.com\/#\/schema\/logo\/image\/"}}]}},"_links":{"self":[{"href":"https:\/\/deltataxi-tignes.com\/en\/wp-json\/wp\/v2\/pages\/305","targetHints":{"allow":["GET"]}}],"collection":[{"href":"https:\/\/deltataxi-tignes.com\/en\/wp-json\/wp\/v2\/pages"}],"about":[{"href":"https:\/\/deltataxi-tignes.com\/en\/wp-json\/wp\/v2\/types\/page"}],"author":[{"embeddable":true,"href":"https:\/\/deltataxi-tignes.com\/en\/wp-json\/wp\/v2\/users\/1"}],"replies":[{"embeddable":true,"href":"https:\/\/deltataxi-tignes.com\/en\/wp-json\/wp\/v2\/comments?post=305"}],"version-history":[{"count":27,"href":"https:\/\/deltataxi-tignes.com\/en\/wp-json\/wp\/v2\/pages\/305\/revisions"}],"predecessor-version":[{"id":579,"href":"https:\/\/deltataxi-tignes.com\/en\/wp-json\/wp\/v2\/pages\/305\/revisions\/579"}],"wp:attachment":[{"href":"https:\/\/deltataxi-tignes.com\/en\/wp-json\/wp\/v2\/media?parent=305"}],"curies":[{"name":"wp","href":"https:\/\/api.w.org\/{rel}","templated":true}]}}