{"id":3,"date":"2023-10-30T16:31:26","date_gmt":"2023-10-30T15:31:26","guid":{"rendered":"http:\/\/deltataxi-tignes.com\/?page_id=3"},"modified":"2023-11-09T10:11:54","modified_gmt":"2023-11-09T09:11:54","slug":"politique-de-confidentialite","status":"publish","type":"page","link":"https:\/\/deltataxi-tignes.com\/es\/politica-de-confidencialidad\/","title":{"rendered":"pol\u00edtica de confidencialidad"},"content":{"rendered":"<div class=\"title_outer title_without_animation\" data-height=\"380\">\n<div class=\"title title_size_large position_left\">\n<div class=\"title_holder\">\n<div class=\"container\">\n<div class=\"container_inner clearfix\">\n<div class=\"title_subtitle_holder\">\n<div class=\"title_subtitle_holder_inner\">\n<h3 class=\"titre\">dise\u00f1o web<\/h3>\n<h3 class=\"titre\">CALAMAR \u2013 www.agencesquid.com<\/h3>\n<\/div>\n<\/div>\n<\/div>\n<\/div>\n<\/div>\n<\/div>\n<\/div>\n<div class=\"container\">\n<div class=\"container_inner default_template_holder clearfix page_container_inner\">\n<h3 class=\"titre\">1. INFORMACI\u00d3N LEGAL<\/h3>\n<p>El editor del Sitio es la empresa Delta Taxi, inscrita en el Registro Mercantil y de Sociedades de Chamb\u00e9ry y cuyo n\u00famero es 8 843 761 891.<br \/>\nLa sede social est\u00e1 situada: 3, rue des Petits Vergers<br \/>\n73700 S\u00e9ez<br \/>\nTel\u00e9fono: 06 11 45 67 01<br \/>\nCorreo electr\u00f3nico: contact@deltataxi-tignes.com<br \/>\nDirector de publicaci\u00f3n: No\u00ebl Core<\/p>\n<h3><\/h3>\n<h3 class=\"titre\">2. ALOJAMIENTO DEL SITIO<\/h3>\n<p>El sitio web deltataxi-tignes.com est\u00e1 alojado en la sociedad OVH, SAS con un capital de 10.000.000 de euros, inscrita en el RCS de Roubaix-Tourcoing con el n\u00famero 424 761 419 00045.<br \/>\nSede central: 2 rue Kellerman 59100 Roubaix Francia<\/p>\n<h3><\/h3>\n<h3 class=\"titre\">3. DERECHOS DE PROPIEDAD INTELECTUAL<\/h3>\n<p>El Sitio y todo su contenido (en particular las marcas comerciales, logotipos, cualquier elemento gr\u00e1fico, textual e inform\u00e1tico del Sitio, incluidos en particular \u00e1rboles, dise\u00f1os, art\u00edculos, presentaciones, ilustraciones, fotograf\u00edas y\/o cualquier otro documento) est\u00e1n protegidos. por las leyes francesas e internacionales sobre derechos de autor y propiedad intelectual.<br \/>\nNo se puede hacer ninguna interpretaci\u00f3n a favor de una licencia de uso o de cualquier derecho de uso de estos elementos.<br \/>\nComo tales, est\u00e1n prohibidas sus representaciones, reproducciones, anidamientos, emisiones y retransmisiones, parciales o totales (art\u00edculo L. 122-4 del C\u00f3digo de la Propiedad Intelectual). Toda persona que proceda sin poder demostrar la autorizaci\u00f3n previa y expresa del titular de estos derechos incurre en las sanciones propias del delito de falsificaci\u00f3n (art\u00edculos L. 335-2 y siguientes del C\u00f3digo de la Propiedad Intelectual). Delta Taxi podr\u00e1 invocar sus derechos, en particular los de propiedad intelectual, para iniciar procedimientos penales.<br \/>\nDelta Taxi se reserva el derecho de mejorar o modificar la informaci\u00f3n, productos, programas o condiciones de uso descritos en el Sitio en cualquier momento, sin que ello incurra en responsabilidad por ello. Las condiciones y avisos aplicables ser\u00e1n los vigentes en la fecha de su conexi\u00f3n al Sitio.<\/p>\n<div><\/div>\n<h3 class=\"titre\">4. ENLACES DE HIPERTEXTO<\/h3>\n<p>El usuario que ser\u00eda redirigido a un sitio de terceros a trav\u00e9s de un enlace de hipertexto establecido hacia otros sitios reconoce que Delta Taxi no controla el contenido, la informaci\u00f3n, los productos y los servicios ofrecidos en estos sitios. En consecuencia, Delta Taxi no se hace responsable en ning\u00fan caso de posibles da\u00f1os directos o indirectos resultantes del uso de sitios accesibles mediante enlaces de hipertexto.<br \/>\nDelta Taxi tampoco es responsable de los enlaces de hipertexto que apunten al Sitio.<br \/>\nCualquier persona que desee establecer enlaces de hipertexto que apunten al Sitio deber\u00e1 obtener autorizaci\u00f3n previa por escrito de Delta Taxi.<\/p>\n<h3 class=\"titre\">5. LIMITACI\u00d3N DE LA GARANT\u00cdA<\/h3>\n<p>Delta Taxi recuerda a los internautas las caracter\u00edsticas y l\u00edmites de la red de Internet. Delta Taxi no se hace responsable de ning\u00fan da\u00f1o resultante del acceso al Sitio o, por el contrario, de la imposibilidad de acceder al mismo. Delta Taxi no se hace responsable en ning\u00fan caso en caso de indisponibilidad del Sitio, sea cual sea el motivo (fallo t\u00e9cnico, congesti\u00f3n de la red, etc.).<br \/>\nEl usuario reconoce expresamente utilizar el Sitio bajo su propia responsabilidad y riesgo. Delta Taxi no se hace responsable de ning\u00fan da\u00f1o, directo o indirecto, material o inmaterial, causado a los usuarios, a sus equipos inform\u00e1ticos o de telecomunicaciones, a los datos all\u00ed almacenados y a las consecuencias que de ello puedan derivarse sobre su actividad personal, profesional o comercial.<br \/>\nLa informaci\u00f3n en el Sitio se proporciona \u00fanicamente con fines informativos. La informaci\u00f3n publicada en este Sitio se actualiza y revisa peri\u00f3dicamente pero a\u00fan puede contener errores. En cualquier caso, la informaci\u00f3n debe tenerse en cuenta en el momento de su puesta en l\u00ednea y no en el momento de la consulta del Sitio (estos datos pueden haber sido actualizados entre el momento en que los descargaste y el momento en que los conoces). En cualquier caso, Delta Taxi no se hace responsable de esta informaci\u00f3n.<\/p>\n<h3 class=\"titre\">6. USO DEL SITIO<\/h3>\n<p>Delta Taxi ofrece el Sitio principalmente para el uso de sus clientes y de cualquier persona que desee conocer y adquirir sus productos y servicios.<br \/>\nCuando se conecta al Sitio:<br \/>\n\u2013 se compromete a respetar estos avisos as\u00ed como, de manera m\u00e1s general, la legislaci\u00f3n aplicable,<br \/>\n\u2013 se abstiene de recopilar o utilizar indebidamente, en particular, la informaci\u00f3n personal a la que pueda tener acceso y, en general, de cualquier acto que pueda perjudicar a terceros.<br \/>\nCuando completa un formulario y proporciona informaci\u00f3n, acepta:<br \/>\n\u2013 entregar informaci\u00f3n real, exacta y actualizada en el momento de la entrada y, en particular, no utilizar nombres, cargos o direcciones falsos, o nombres, cargos o direcciones sin estar autorizado para ello,<br \/>\n\u2013 mantener actualizados los datos de registro para garantizar permanentemente su naturaleza real y exacta,<br \/>\n\u2013 no poner a disposici\u00f3n ni distribuir informaci\u00f3n, programas o elementos ilegales, objetables o da\u00f1inos (como virus, software de pirater\u00eda o copia).<br \/>\n\u2013 no difundir comentarios, opiniones o informaciones de car\u00e1cter difamatorio, obsceno, violento, racista y, en general, contrarios a las leyes y reglamentos vigentes, a los derechos de las personas y a las buenas costumbres.<br \/>\nEn caso de violaci\u00f3n de estas disposiciones, Delta Taxi se reserva el derecho de prohibirle el acceso al Sitio o a los servicios ofrecidos, a su entera discreci\u00f3n y sin perjuicio de cualquier acci\u00f3n de responsabilidad.<\/p>\n<p>Uso de los datos personales recopilados<\/p>\n<h3><\/h3>\n<h3>7. COMENTARIOS<\/h3>\n<p>Cuando deja un comentario en nuestro sitio web, los datos ingresados en el formulario de comentarios, pero tambi\u00e9n su direcci\u00f3n IP y el agente de usuario de su navegador, se recopilan para ayudarnos a detectar comentarios no deseados.<\/p>\n<p>Se puede enviar una cadena an\u00f3nima creada a partir de su direcci\u00f3n de correo electr\u00f3nico (tambi\u00e9n llamada hash) al servicio Gravatar para verificar si la est\u00e1 utilizando. Las disposiciones de confidencialidad del servicio Gravatar est\u00e1n disponibles aqu\u00ed: https:\/\/automattic.com\/privacy\/. Despu\u00e9s de la validaci\u00f3n de su comentario, su foto de perfil ser\u00e1 visible p\u00fablicamente junto a su comentario.8. Medios de comunicaci\u00f3n<\/p>\n<p>Si es un usuario registrado y sube im\u00e1genes al Sitio Web, le recomendamos que evite cargar im\u00e1genes que contengan datos de coordenadas GPS EXIF. Los visitantes de su sitio web pueden descargar y extraer datos de ubicaci\u00f3n de estas im\u00e1genes.<\/p>\n<h3><\/h3>\n<h3>8. GALLETAS<\/h3>\n<p>Si deja un comentario en nuestro sitio, puede guardar su nombre, direcci\u00f3n de correo electr\u00f3nico y sitio web en cookies. Esto es s\u00f3lo para tu comodidad para que no tengas que completar esta informaci\u00f3n si dejas otro comentario m\u00e1s tarde. Estas cookies caducan al cabo de un a\u00f1o.<\/p>\n<p>Si tiene una cuenta e inicia sesi\u00f3n en este sitio, se crear\u00e1 una cookie temporal para determinar si su navegador acepta cookies. No contiene datos personales y se eliminar\u00e1 autom\u00e1ticamente al cerrar su navegador.<\/p>\n<p>Cuando inicie sesi\u00f3n, configuraremos una serie de cookies para guardar su informaci\u00f3n de inicio de sesi\u00f3n y sus preferencias de pantalla. La vida \u00fatil de una cookie de conexi\u00f3n es de dos d\u00edas, la de una cookie de opci\u00f3n de pantalla es de un a\u00f1o. Si marca &quot;Recordarme&quot;, su cookie de inicio de sesi\u00f3n se conservar\u00e1 durante dos semanas. Si cierra sesi\u00f3n en su cuenta, la cookie de inicio de sesi\u00f3n se eliminar\u00e1.<\/p>\n<p>Al editar o publicar un art\u00edculo, se almacenar\u00e1 una cookie adicional en su navegador. Esta cookie no incluye ning\u00fan dato personal. Simplemente indica el ID del art\u00edculo que acabas de modificar. Caduca al cabo de un d\u00eda.<\/p>\n<h3><\/h3>\n<h3>9. CONTENIDO INTEGRADO DE OTROS SITIOS<\/h3>\n<p>Los art\u00edculos de este sitio pueden incluir contenido incrustado (por ejemplo, v\u00eddeos, im\u00e1genes, art\u00edculos, etc.). El contenido incrustado de otros sitios se comporta igual que si el visitante visitara ese otro sitio.<\/p>\n<p>Estos sitios web podr\u00edan recopilar datos sobre usted, utilizar cookies, incorporar herramientas de seguimiento de terceros y realizar un seguimiento de sus interacciones con este contenido integrado si tiene una cuenta conectada a su sitio web.<\/p>\n<h3>10. DURACI\u00d3N DEL ALMACENAMIENTO DE SUS DATOS<\/h3>\n<p>Si deja un comentario, el comentario y sus metadatos se conservan indefinidamente. Esto permite que los comentarios posteriores sean reconocidos y aprobados autom\u00e1ticamente en lugar de dejarlos en la cola de moderaci\u00f3n.<\/p>\n<p>Para los usuarios que se registran en nuestro sitio (si es posible), tambi\u00e9n almacenamos los datos personales indicados en su perfil. Todos los usuarios pueden ver, modificar o eliminar su informaci\u00f3n personal en cualquier momento (excepto su nombre de usuario). Los administradores del sitio tambi\u00e9n pueden ver y modificar esta informaci\u00f3n.<\/p>\n<h3><\/h3>\n<h3>11. LOS DERECHOS QUE TIENES SOBRE TUS DATOS<\/h3>\n<p>Si tiene una cuenta o ha dejado comentarios en el sitio, puede solicitar recibir un archivo que contenga todos los datos personales que tenemos sobre usted, incluidos los que nos ha proporcionado. Tambi\u00e9n puede solicitar la eliminaci\u00f3n de los datos personales que le conciernen. Esto no tiene en cuenta los datos almacenados con fines administrativos, legales o de seguridad.<\/p>\n<h3>12. TRANSMISI\u00d3N DE SUS DATOS PERSONALES<\/h3>\n<p>Los comentarios de los visitantes pueden comprobarse mediante un servicio automatizado de detecci\u00f3n de comentarios no deseados.<\/p>\n<h2><\/h2>\n<\/div>\n<\/div>","protected":false},"excerpt":{"rendered":"<p>Web design SQUID &#8211; www.agencesquid.com 1. INFORMATIONS L\u00c9GALES L\u2019\u00e9diteur du Site est la soci\u00e9t\u00e9 Delta Taxi, immatricul\u00e9e au registre du commerce et des soci\u00e9t\u00e9s de Chamb\u00e9ry et dont le n\u00b0 est 8 843 761 891 Le si\u00e8ge social est situ\u00e9 : 3, rue des Petits&#8230;<\/p>","protected":false},"author":1,"featured_media":0,"parent":0,"menu_order":0,"comment_status":"closed","ping_status":"open","template":"","meta":{"iawp_total_views":48,"footnotes":""},"class_list":["post-3","page","type-page","status-publish","hentry"],"yoast_head":"<!-- This site is optimized with the Yoast SEO plugin v26.9 - https:\/\/yoast.com\/product\/yoast-seo-wordpress\/ -->\n<title>Politique de confidentialit\u00e9 - Delta Taxi<\/title>\n<meta name=\"robots\" content=\"index, follow, max-snippet:-1, max-image-preview:large, max-video-preview:-1\" \/>\n<link rel=\"canonical\" href=\"https:\/\/deltataxi-tignes.com\/es\/politica-de-confidencialidad\/\" \/>\n<meta property=\"og:locale\" content=\"es_ES\" \/>\n<meta property=\"og:type\" content=\"article\" \/>\n<meta property=\"og:title\" content=\"Politique de confidentialit\u00e9 - Delta Taxi\" \/>\n<meta property=\"og:description\" content=\"Web design SQUID &#8211; www.agencesquid.com 1. INFORMATIONS L\u00c9GALES L\u2019\u00e9diteur du Site est la soci\u00e9t\u00e9 Delta Taxi, immatricul\u00e9e au registre du commerce et des soci\u00e9t\u00e9s de Chamb\u00e9ry et dont le n\u00b0 est 8 843 761 891 Le si\u00e8ge social est situ\u00e9 : 3, rue des Petits...\" \/>\n<meta property=\"og:url\" content=\"https:\/\/deltataxi-tignes.com\/es\/politica-de-confidencialidad\/\" \/>\n<meta property=\"og:site_name\" content=\"Delta Taxi\" \/>\n<meta property=\"article:modified_time\" content=\"2023-11-09T09:11:54+00:00\" \/>\n<meta name=\"twitter:card\" content=\"summary_large_image\" \/>\n<meta name=\"twitter:label1\" content=\"Tiempo de lectura\" \/>\n\t<meta name=\"twitter:data1\" content=\"8 minutos\" \/>\n<script type=\"application\/ld+json\" class=\"yoast-schema-graph\">{\"@context\":\"https:\/\/schema.org\",\"@graph\":[{\"@type\":\"WebPage\",\"@id\":\"https:\/\/deltataxi-tignes.com\/politique-de-confidentialite\/\",\"url\":\"https:\/\/deltataxi-tignes.com\/politique-de-confidentialite\/\",\"name\":\"Politique de confidentialit\u00e9 - Delta Taxi\",\"isPartOf\":{\"@id\":\"https:\/\/deltataxi-tignes.com\/#website\"},\"datePublished\":\"2023-10-30T15:31:26+00:00\",\"dateModified\":\"2023-11-09T09:11:54+00:00\",\"breadcrumb\":{\"@id\":\"https:\/\/deltataxi-tignes.com\/politique-de-confidentialite\/#breadcrumb\"},\"inLanguage\":\"es\",\"potentialAction\":[{\"@type\":\"ReadAction\",\"target\":[\"https:\/\/deltataxi-tignes.com\/politique-de-confidentialite\/\"]}]},{\"@type\":\"BreadcrumbList\",\"@id\":\"https:\/\/deltataxi-tignes.com\/politique-de-confidentialite\/#breadcrumb\",\"itemListElement\":[{\"@type\":\"ListItem\",\"position\":1,\"name\":\"Accueil\",\"item\":\"https:\/\/deltataxi-tignes.com\/\"},{\"@type\":\"ListItem\",\"position\":2,\"name\":\"Politique de confidentialit\u00e9\"}]},{\"@type\":\"WebSite\",\"@id\":\"https:\/\/deltataxi-tignes.com\/#website\",\"url\":\"https:\/\/deltataxi-tignes.com\/\",\"name\":\"Delta Taxi\",\"description\":\"Delta Taxi, voyagez autrement.\",\"publisher\":{\"@id\":\"https:\/\/deltataxi-tignes.com\/#organization\"},\"potentialAction\":[{\"@type\":\"SearchAction\",\"target\":{\"@type\":\"EntryPoint\",\"urlTemplate\":\"https:\/\/deltataxi-tignes.com\/?s={search_term_string}\"},\"query-input\":{\"@type\":\"PropertyValueSpecification\",\"valueRequired\":true,\"valueName\":\"search_term_string\"}}],\"inLanguage\":\"es\"},{\"@type\":\"Organization\",\"@id\":\"https:\/\/deltataxi-tignes.com\/#organization\",\"name\":\"Delta Taxi\",\"url\":\"https:\/\/deltataxi-tignes.com\/\",\"logo\":{\"@type\":\"ImageObject\",\"inLanguage\":\"es\",\"@id\":\"https:\/\/deltataxi-tignes.com\/#\/schema\/logo\/image\/\",\"url\":\"https:\/\/deltataxi-tignes.com\/wp-content\/uploads\/2023\/10\/logomobile.png\",\"contentUrl\":\"https:\/\/deltataxi-tignes.com\/wp-content\/uploads\/2023\/10\/logomobile.png\",\"width\":1227,\"height\":219,\"caption\":\"Delta Taxi\"},\"image\":{\"@id\":\"https:\/\/deltataxi-tignes.com\/#\/schema\/logo\/image\/\"}}]}<\/script>\n<!-- \/ Yoast SEO plugin. -->","yoast_head_json":{"title":"Pol\u00edtica de privacidad - Delta Taxi","robots":{"index":"index","follow":"follow","max-snippet":"max-snippet:-1","max-image-preview":"max-image-preview:large","max-video-preview":"max-video-preview:-1"},"canonical":"https:\/\/deltataxi-tignes.com\/es\/politica-de-confidencialidad\/","og_locale":"es_ES","og_type":"article","og_title":"Politique de confidentialit\u00e9 - Delta Taxi","og_description":"Web design SQUID &#8211; www.agencesquid.com 1. INFORMATIONS L\u00c9GALES L\u2019\u00e9diteur du Site est la soci\u00e9t\u00e9 Delta Taxi, immatricul\u00e9e au registre du commerce et des soci\u00e9t\u00e9s de Chamb\u00e9ry et dont le n\u00b0 est 8 843 761 891 Le si\u00e8ge social est situ\u00e9 : 3, rue des Petits...","og_url":"https:\/\/deltataxi-tignes.com\/es\/politica-de-confidencialidad\/","og_site_name":"Delta Taxi","article_modified_time":"2023-11-09T09:11:54+00:00","twitter_card":"summary_large_image","twitter_misc":{"Tiempo de lectura":"8 minutos"},"schema":{"@context":"https:\/\/schema.org","@graph":[{"@type":"WebPage","@id":"https:\/\/deltataxi-tignes.com\/politique-de-confidentialite\/","url":"https:\/\/deltataxi-tignes.com\/politique-de-confidentialite\/","name":"Pol\u00edtica de privacidad - Delta Taxi","isPartOf":{"@id":"https:\/\/deltataxi-tignes.com\/#website"},"datePublished":"2023-10-30T15:31:26+00:00","dateModified":"2023-11-09T09:11:54+00:00","breadcrumb":{"@id":"https:\/\/deltataxi-tignes.com\/politique-de-confidentialite\/#breadcrumb"},"inLanguage":"es","potentialAction":[{"@type":"ReadAction","target":["https:\/\/deltataxi-tignes.com\/politique-de-confidentialite\/"]}]},{"@type":"BreadcrumbList","@id":"https:\/\/deltataxi-tignes.com\/politique-de-confidentialite\/#breadcrumb","itemListElement":[{"@type":"ListItem","position":1,"name":"Accueil","item":"https:\/\/deltataxi-tignes.com\/"},{"@type":"ListItem","position":2,"name":"Politique de confidentialit\u00e9"}]},{"@type":"WebSite","@id":"https:\/\/deltataxi-tignes.com\/#website","url":"https:\/\/deltataxi-tignes.com\/","name":"Taxi Delta","description":"Delta Taxi, viaja diferente.","publisher":{"@id":"https:\/\/deltataxi-tignes.com\/#organization"},"potentialAction":[{"@type":"SearchAction","target":{"@type":"EntryPoint","urlTemplate":"https:\/\/deltataxi-tignes.com\/?s={search_term_string}"},"query-input":{"@type":"PropertyValueSpecification","valueRequired":true,"valueName":"search_term_string"}}],"inLanguage":"es"},{"@type":"Organization","@id":"https:\/\/deltataxi-tignes.com\/#organization","name":"Taxi Delta","url":"https:\/\/deltataxi-tignes.com\/","logo":{"@type":"ImageObject","inLanguage":"es","@id":"https:\/\/deltataxi-tignes.com\/#\/schema\/logo\/image\/","url":"https:\/\/deltataxi-tignes.com\/wp-content\/uploads\/2023\/10\/logomobile.png","contentUrl":"https:\/\/deltataxi-tignes.com\/wp-content\/uploads\/2023\/10\/logomobile.png","width":1227,"height":219,"caption":"Delta Taxi"},"image":{"@id":"https:\/\/deltataxi-tignes.com\/#\/schema\/logo\/image\/"}}]}},"_links":{"self":[{"href":"https:\/\/deltataxi-tignes.com\/es\/wp-json\/wp\/v2\/pages\/3","targetHints":{"allow":["GET"]}}],"collection":[{"href":"https:\/\/deltataxi-tignes.com\/es\/wp-json\/wp\/v2\/pages"}],"about":[{"href":"https:\/\/deltataxi-tignes.com\/es\/wp-json\/wp\/v2\/types\/page"}],"author":[{"embeddable":true,"href":"https:\/\/deltataxi-tignes.com\/es\/wp-json\/wp\/v2\/users\/1"}],"replies":[{"embeddable":true,"href":"https:\/\/deltataxi-tignes.com\/es\/wp-json\/wp\/v2\/comments?post=3"}],"version-history":[{"count":7,"href":"https:\/\/deltataxi-tignes.com\/es\/wp-json\/wp\/v2\/pages\/3\/revisions"}],"predecessor-version":[{"id":526,"href":"https:\/\/deltataxi-tignes.com\/es\/wp-json\/wp\/v2\/pages\/3\/revisions\/526"}],"wp:attachment":[{"href":"https:\/\/deltataxi-tignes.com\/es\/wp-json\/wp\/v2\/media?parent=3"}],"curies":[{"name":"wp","href":"https:\/\/api.w.org\/{rel}","templated":true}]}}