{"id":3,"date":"2023-10-30T16:31:26","date_gmt":"2023-10-30T15:31:26","guid":{"rendered":"http:\/\/deltataxi-tignes.com\/?page_id=3"},"modified":"2023-11-09T10:11:54","modified_gmt":"2023-11-09T09:11:54","slug":"politique-de-confidentialite","status":"publish","type":"page","link":"https:\/\/deltataxi-tignes.com\/it\/politica-sulla-riservatezza\/","title":{"rendered":"politica sulla riservatezza"},"content":{"rendered":"<div class=\"title_outer title_without_animation\" data-height=\"380\">\n<div class=\"title title_size_large position_left\">\n<div class=\"title_holder\">\n<div class=\"container\">\n<div class=\"container_inner clearfix\">\n<div class=\"title_subtitle_holder\">\n<div class=\"title_subtitle_holder_inner\">\n<h3 class=\"titre\">web design<\/h3>\n<h3 class=\"titre\">SQUID \u2013 www.agencesquid.com<\/h3>\n<\/div>\n<\/div>\n<\/div>\n<\/div>\n<\/div>\n<\/div>\n<\/div>\n<div class=\"container\">\n<div class=\"container_inner default_template_holder clearfix page_container_inner\">\n<h3 class=\"titre\">1. INFORMAZIONI LEGALI<\/h3>\n<p>L&#039;editore del Sito \u00e8 la societ\u00e0 Delta Taxi, iscritta al registro del commercio e delle imprese di Chamb\u00e9ry e il cui numero \u00e8 8 843 761 891<br \/>\nLa sede centrale si trova: 3, rue des Petits Vergers<br \/>\n73700 S\u00e9ez<br \/>\nTel: 06 11 45 67 01<br \/>\nE-mail: contact@deltataxi-tignes.com<br \/>\nDirettore della pubblicazione: No\u00ebl Core<\/p>\n<h3><\/h3>\n<h3 class=\"titre\">2. HOSTING DEL SITO<\/h3>\n<p>Il sito deltataxi-tignes.com \u00e8 ospitato dalla societ\u00e0 OVH, SAS con un capitale di 10.000.000 di euro, iscritta presso la RCS di Roubaix-Tourcoing con il numero 424 761 419 00045.<br \/>\nSede principale: 2 rue Kellerman 59100 Roubaix Francia<\/p>\n<h3><\/h3>\n<h3 class=\"titre\">3. DIRITTI DI PROPRIET\u00c0 INTELLETTUALE<\/h3>\n<p>Il Sito e tutti i suoi contenuti (in particolare i marchi commerciali, i loghi, qualsiasi elemento grafico, testuale ed informatico del Sito compresi in particolare alberi, layout, articoli, presentazioni, illustrazioni, fotografie e\/o qualsiasi altro documento) sono protetti dalle leggi francesi e internazionali sul diritto d&#039;autore e sulla propriet\u00e0 intellettuale.<br \/>\nNon \u00e8 possibile alcuna interpretazione a favore di una licenza d&#039;uso o di qualsiasi diritto di utilizzo di questi elementi.<br \/>\nPertanto, le loro rappresentazioni, riproduzioni, nidificamenti, trasmissioni e ritrasmissioni, parziali o totali, sono vietate (articolo L. 122-4 del Codice della propriet\u00e0 intellettuale). Chiunque proceda senza poter dimostrare l&#039;autorizzazione preventiva ed espressa del titolare di tali diritti incorre nelle sanzioni relative al reato di contraffazione (articoli L. 335-2 e seguenti del Codice della propriet\u00e0 intellettuale). La Delta Taxi pu\u00f2 far valere i propri diritti, in particolare la propriet\u00e0 intellettuale, per avviare procedimenti penali.<br \/>\nDelta Taxi si riserva il diritto di migliorare o modificare le informazioni, i prodotti, i programmi o le condizioni d&#039;uso descritti sul Sito in qualsiasi momento, senza che ci\u00f2 comporti alcuna responsabilit\u00e0. Le condizioni e le informative applicabili saranno quelle in vigore alla data della tua connessione al Sito.<\/p>\n<div><\/div>\n<h3 class=\"titre\">4. LINK IPERTESTUALI<\/h3>\n<p>L&#039;utente che viene reindirizzato a un sito di terzi tramite un collegamento ipertestuale stabilito ad altri siti riconosce che Delta Taxi non controlla il contenuto, le informazioni, i prodotti e i servizi offerti su questi siti. Di conseguenza, Delta Taxi non potr\u00e0 in nessun caso essere ritenuta responsabile per eventuali danni diretti o indiretti derivanti dall&#039;utilizzo di siti accessibili tramite collegamenti ipertestuali.<br \/>\nDelta Taxi non \u00e8 inoltre responsabile dei collegamenti ipertestuali che puntano al Sito.<br \/>\nChiunque desideri creare collegamenti ipertestuali che puntano al Sito dovr\u00e0 ottenere la previa autorizzazione scritta di Delta Taxi.<\/p>\n<h3 class=\"titre\">5. LIMITAZIONE DELLA GARANZIA<\/h3>\n<p>Delta Taxi ricorda agli internauti le caratteristiche ed i limiti della rete Internet. Delta Taxi non potr\u00e0 essere ritenuta responsabile per eventuali danni derivanti dall&#039;accesso al Sito o, al contrario, dall&#039;impossibilit\u00e0 di accedervi. Delta Taxi non potr\u00e0 in nessun caso essere ritenuta responsabile in caso di indisponibilit\u00e0 del Sito, per qualsiasi motivo (guasto tecnico, congestione della rete, ecc.).<br \/>\nL&#039;utente riconosce espressamente di utilizzare il Sito a proprio rischio e sotto la sua esclusiva responsabilit\u00e0. Delta Taxi non pu\u00f2 essere ritenuta responsabile per eventuali danni, diretti o indiretti, materiali o immateriali causati agli utenti, alle loro apparecchiature informatiche o di telecomunicazione, ai dati ivi archiviati e alle conseguenze che potrebbero derivarne sulla loro attivit\u00e0 personale, professionale o commerciale. .<br \/>\nLe informazioni sul Sito sono fornite solo a scopo informativo. Le informazioni pubblicate su questo Sito vengono aggiornate e controllate periodicamente ma potrebbero comunque contenere errori. L&#039;informativa deve in ogni caso essere presa in considerazione al momento della messa online e non al momento della consultazione del Sito (questi dati potrebbero essere aggiornati tra il momento in cui l&#039;hai scaricata e quello in cui ne vieni a conoscenza). In ogni caso, Delta Taxi non pu\u00f2 essere ritenuta responsabile di queste informazioni.<\/p>\n<h3 class=\"titre\">6. UTILIZZO DEL SITO<\/h3>\n<p>Delta Taxi offre il Sito principalmente ad uso dei propri clienti e di chiunque desideri conoscere e acquistare i suoi prodotti e servizi.<br \/>\nQuando ti connetti al Sito:<br \/>\n\u2013 ti impegni a rispettare le presenti informative nonch\u00e9, pi\u00f9 in generale, la normativa applicabile,<br \/>\n\u2013 ti astieni da qualsiasi raccolta o utilizzo improprio, in particolare delle informazioni personali a cui potresti avere accesso e, in generale, da qualsiasi atto che possa danneggiare terzi.<br \/>\nQuando compili un modulo e fornisci informazioni, accetti di:<br \/>\n\u2013 fornire informazioni reali, esatte e aggiornate al momento dell\u2019ingresso e in particolare non utilizzare nomi, posizioni o indirizzi falsi, o nomi, posizioni o indirizzi senza essere autorizzati a farlo,<br \/>\n\u2013 mantenere aggiornati i dati di registrazione in modo da garantire in modo permanente la loro veridicit\u00e0 ed esattezza,<br \/>\n\u2013 non rendere disponibili o distribuire informazioni, programmi o elementi illegali, discutibili o dannosi (come virus, software di hacking o copia).<br \/>\n\u2013 non diffondere commenti, opinioni o informazioni di carattere diffamatorio, osceno, violento, razzista e pi\u00f9 in generale contrari alle leggi e ai regolamenti vigenti, ai diritti della persona e al buon costume.<br \/>\nIn caso di violazione di tali disposizioni, Delta Taxi si riserva il diritto di vietarti l&#039;accesso al Sito o ai servizi offerti, a tuo insindacabile giudizio e fatta salva ogni azione di responsabilit\u00e0.<\/p>\n<p>Utilizzo dei dati personali raccolti<\/p>\n<h3><\/h3>\n<h3>7. COMMENTI<\/h3>\n<p>Quando lasci un commento sul nostro sito web, i dati inseriti nel modulo dei commenti, ma anche il tuo indirizzo IP e lo user agent del tuo browser vengono raccolti per aiutarci a rilevare commenti indesiderati.<\/p>\n<p>Una stringa anonima creata dal tuo indirizzo email (chiamata anche hash) pu\u00f2 essere inviata al servizio Gravatar per verificare se lo stai utilizzando. Le disposizioni sulla riservatezza del servizio Gravatar sono disponibili qui: https:\/\/automattic.com\/privacy\/. Dopo la convalida del tuo commento, la foto del tuo profilo sar\u00e0 visibile pubblicamente accanto al tuo commento.8. Media<\/p>\n<p>Se sei un utente registrato e carichi immagini sul Sito, ti consigliamo di evitare di caricare immagini che contengano dati di coordinate GPS EXIF. I visitatori del tuo sito web possono scaricare ed estrarre dati sulla posizione da queste immagini.<\/p>\n<h3><\/h3>\n<h3>8. COOKIE<\/h3>\n<p>Se lasci un commento sul nostro sito, potresti salvare il tuo nome, indirizzo email e sito web nei cookie. Questo \u00e8 solo per la tua comodit\u00e0 in modo che tu non debba inserire queste informazioni se lasci un altro commento in seguito. Questi cookie scadono dopo un anno.<\/p>\n<p>Se hai un account e accedi a questo sito, verr\u00e0 creato un cookie temporaneo per determinare se il tuo browser accetta i cookie. Non contiene dati personali e verr\u00e0 cancellato automaticamente alla chiusura del browser.<\/p>\n<p>Quando accedi, imposteremo una serie di cookie per salvare le tue informazioni di accesso e le preferenze dello schermo. La durata di un cookie di connessione \u00e8 di due giorni, quella di un cookie di opzione dello schermo \u00e8 di un anno. Se selezioni \u201cRicordami\u201d, il tuo cookie di accesso verr\u00e0 conservato per due settimane. Se esci dal tuo account, il cookie di accesso verr\u00e0 eliminato.<\/p>\n<p>Modificando o pubblicando un articolo, un cookie aggiuntivo verr\u00e0 memorizzato nel tuo browser. Questo cookie non include alcun dato personale. Indica semplicemente l&#039;ID dell&#039;articolo che hai appena modificato. Scade dopo un giorno.<\/p>\n<h3><\/h3>\n<h3>9. CONTENUTI INTEGRATI DA ALTRI SITI<\/h3>\n<p>Gli articoli su questo sito possono includere contenuti incorporati (ad esempio video, immagini, articoli, ecc.). Il contenuto incorporato da altri siti si comporta come se il visitatore si recasse su quell&#039;altro sito.<\/p>\n<p>Questi siti Web potrebbero raccogliere dati su di te, utilizzare cookie, incorporare strumenti di tracciamento di terze parti, tracciare le tue interazioni con questo contenuto incorporato se disponi di un account collegato al loro sito Web.<\/p>\n<h3>10. DURATA DI CONSERVAZIONE DEI TUOI DATI<\/h3>\n<p>Se lasci un commento, il commento e i relativi metadati vengono conservati a tempo indeterminato. Ci\u00f2 consente ai commenti successivi di essere riconosciuti e approvati automaticamente invece di lasciarli nella coda di moderazione.<\/p>\n<p>Per gli utenti che si registrano sul nostro sito (se possibile), memorizziamo anche i dati personali indicati nel loro profilo. Tutti gli utenti possono visualizzare, modificare o cancellare le proprie informazioni personali in qualsiasi momento (eccetto il proprio nome utente). I gestori del sito possono anche visualizzare e modificare queste informazioni.<\/p>\n<h3><\/h3>\n<h3>11. I DIRITTI CHE HAI SUI TUOI DATI<\/h3>\n<p>Se hai un account o hai lasciato commenti sul sito, puoi richiedere di ricevere un file contenente tutti i dati personali che abbiamo su di te, compresi quelli che ci hai fornito. Puoi anche richiedere la cancellazione dei dati personali che ti riguardano. Ci\u00f2 non tiene conto dei dati archiviati per scopi amministrativi, legali o di sicurezza.<\/p>\n<h3>12. TRASMISSIONE DEI TUOI DATI PERSONALI<\/h3>\n<p>I commenti dei visitatori possono essere controllati utilizzando un servizio di rilevamento automatico dei commenti spam.<\/p>\n<h2><\/h2>\n<\/div>\n<\/div>","protected":false},"excerpt":{"rendered":"<p>Web design SQUID &#8211; www.agencesquid.com 1. INFORMATIONS L\u00c9GALES L\u2019\u00e9diteur du Site est la soci\u00e9t\u00e9 Delta Taxi, immatricul\u00e9e au registre du commerce et des soci\u00e9t\u00e9s de Chamb\u00e9ry et dont le n\u00b0 est 8 843 761 891 Le si\u00e8ge social est situ\u00e9 : 3, rue des Petits&#8230;<\/p>","protected":false},"author":1,"featured_media":0,"parent":0,"menu_order":0,"comment_status":"closed","ping_status":"open","template":"","meta":{"iawp_total_views":48,"footnotes":""},"class_list":["post-3","page","type-page","status-publish","hentry"],"yoast_head":"<!-- This site is optimized with the Yoast SEO plugin v26.9 - https:\/\/yoast.com\/product\/yoast-seo-wordpress\/ -->\n<title>Politique de confidentialit\u00e9 - Delta Taxi<\/title>\n<meta name=\"robots\" content=\"index, follow, max-snippet:-1, max-image-preview:large, max-video-preview:-1\" \/>\n<link rel=\"canonical\" href=\"https:\/\/deltataxi-tignes.com\/it\/politica-sulla-riservatezza\/\" \/>\n<meta property=\"og:locale\" content=\"it_IT\" \/>\n<meta property=\"og:type\" content=\"article\" \/>\n<meta property=\"og:title\" content=\"Politique de confidentialit\u00e9 - Delta Taxi\" \/>\n<meta property=\"og:description\" content=\"Web design SQUID &#8211; www.agencesquid.com 1. INFORMATIONS L\u00c9GALES L\u2019\u00e9diteur du Site est la soci\u00e9t\u00e9 Delta Taxi, immatricul\u00e9e au registre du commerce et des soci\u00e9t\u00e9s de Chamb\u00e9ry et dont le n\u00b0 est 8 843 761 891 Le si\u00e8ge social est situ\u00e9 : 3, rue des Petits...\" \/>\n<meta property=\"og:url\" content=\"https:\/\/deltataxi-tignes.com\/it\/politica-sulla-riservatezza\/\" \/>\n<meta property=\"og:site_name\" content=\"Delta Taxi\" \/>\n<meta property=\"article:modified_time\" content=\"2023-11-09T09:11:54+00:00\" \/>\n<meta name=\"twitter:card\" content=\"summary_large_image\" \/>\n<meta name=\"twitter:label1\" content=\"Tempo di lettura stimato\" \/>\n\t<meta name=\"twitter:data1\" content=\"8 minuti\" \/>\n<script type=\"application\/ld+json\" class=\"yoast-schema-graph\">{\"@context\":\"https:\/\/schema.org\",\"@graph\":[{\"@type\":\"WebPage\",\"@id\":\"https:\/\/deltataxi-tignes.com\/politique-de-confidentialite\/\",\"url\":\"https:\/\/deltataxi-tignes.com\/politique-de-confidentialite\/\",\"name\":\"Politique de confidentialit\u00e9 - Delta Taxi\",\"isPartOf\":{\"@id\":\"https:\/\/deltataxi-tignes.com\/#website\"},\"datePublished\":\"2023-10-30T15:31:26+00:00\",\"dateModified\":\"2023-11-09T09:11:54+00:00\",\"breadcrumb\":{\"@id\":\"https:\/\/deltataxi-tignes.com\/politique-de-confidentialite\/#breadcrumb\"},\"inLanguage\":\"it-IT\",\"potentialAction\":[{\"@type\":\"ReadAction\",\"target\":[\"https:\/\/deltataxi-tignes.com\/politique-de-confidentialite\/\"]}]},{\"@type\":\"BreadcrumbList\",\"@id\":\"https:\/\/deltataxi-tignes.com\/politique-de-confidentialite\/#breadcrumb\",\"itemListElement\":[{\"@type\":\"ListItem\",\"position\":1,\"name\":\"Accueil\",\"item\":\"https:\/\/deltataxi-tignes.com\/\"},{\"@type\":\"ListItem\",\"position\":2,\"name\":\"Politique de confidentialit\u00e9\"}]},{\"@type\":\"WebSite\",\"@id\":\"https:\/\/deltataxi-tignes.com\/#website\",\"url\":\"https:\/\/deltataxi-tignes.com\/\",\"name\":\"Delta Taxi\",\"description\":\"Delta Taxi, voyagez autrement.\",\"publisher\":{\"@id\":\"https:\/\/deltataxi-tignes.com\/#organization\"},\"potentialAction\":[{\"@type\":\"SearchAction\",\"target\":{\"@type\":\"EntryPoint\",\"urlTemplate\":\"https:\/\/deltataxi-tignes.com\/?s={search_term_string}\"},\"query-input\":{\"@type\":\"PropertyValueSpecification\",\"valueRequired\":true,\"valueName\":\"search_term_string\"}}],\"inLanguage\":\"it-IT\"},{\"@type\":\"Organization\",\"@id\":\"https:\/\/deltataxi-tignes.com\/#organization\",\"name\":\"Delta Taxi\",\"url\":\"https:\/\/deltataxi-tignes.com\/\",\"logo\":{\"@type\":\"ImageObject\",\"inLanguage\":\"it-IT\",\"@id\":\"https:\/\/deltataxi-tignes.com\/#\/schema\/logo\/image\/\",\"url\":\"https:\/\/deltataxi-tignes.com\/wp-content\/uploads\/2023\/10\/logomobile.png\",\"contentUrl\":\"https:\/\/deltataxi-tignes.com\/wp-content\/uploads\/2023\/10\/logomobile.png\",\"width\":1227,\"height\":219,\"caption\":\"Delta Taxi\"},\"image\":{\"@id\":\"https:\/\/deltataxi-tignes.com\/#\/schema\/logo\/image\/\"}}]}<\/script>\n<!-- \/ Yoast SEO plugin. -->","yoast_head_json":{"title":"Informativa sulla privacy - Delta Taxi","robots":{"index":"index","follow":"follow","max-snippet":"max-snippet:-1","max-image-preview":"max-image-preview:large","max-video-preview":"max-video-preview:-1"},"canonical":"https:\/\/deltataxi-tignes.com\/it\/politica-sulla-riservatezza\/","og_locale":"it_IT","og_type":"article","og_title":"Politique de confidentialit\u00e9 - Delta Taxi","og_description":"Web design SQUID &#8211; www.agencesquid.com 1. INFORMATIONS L\u00c9GALES L\u2019\u00e9diteur du Site est la soci\u00e9t\u00e9 Delta Taxi, immatricul\u00e9e au registre du commerce et des soci\u00e9t\u00e9s de Chamb\u00e9ry et dont le n\u00b0 est 8 843 761 891 Le si\u00e8ge social est situ\u00e9 : 3, rue des Petits...","og_url":"https:\/\/deltataxi-tignes.com\/it\/politica-sulla-riservatezza\/","og_site_name":"Delta Taxi","article_modified_time":"2023-11-09T09:11:54+00:00","twitter_card":"summary_large_image","twitter_misc":{"Tempo di lettura stimato":"8 minuti"},"schema":{"@context":"https:\/\/schema.org","@graph":[{"@type":"WebPage","@id":"https:\/\/deltataxi-tignes.com\/politique-de-confidentialite\/","url":"https:\/\/deltataxi-tignes.com\/politique-de-confidentialite\/","name":"Informativa sulla privacy - Delta Taxi","isPartOf":{"@id":"https:\/\/deltataxi-tignes.com\/#website"},"datePublished":"2023-10-30T15:31:26+00:00","dateModified":"2023-11-09T09:11:54+00:00","breadcrumb":{"@id":"https:\/\/deltataxi-tignes.com\/politique-de-confidentialite\/#breadcrumb"},"inLanguage":"it-IT","potentialAction":[{"@type":"ReadAction","target":["https:\/\/deltataxi-tignes.com\/politique-de-confidentialite\/"]}]},{"@type":"BreadcrumbList","@id":"https:\/\/deltataxi-tignes.com\/politique-de-confidentialite\/#breadcrumb","itemListElement":[{"@type":"ListItem","position":1,"name":"Accueil","item":"https:\/\/deltataxi-tignes.com\/"},{"@type":"ListItem","position":2,"name":"Politique de confidentialit\u00e9"}]},{"@type":"WebSite","@id":"https:\/\/deltataxi-tignes.com\/#website","url":"https:\/\/deltataxi-tignes.com\/","name":"Taxi Delta","description":"Delta Taxi, viaggia diversamente.","publisher":{"@id":"https:\/\/deltataxi-tignes.com\/#organization"},"potentialAction":[{"@type":"SearchAction","target":{"@type":"EntryPoint","urlTemplate":"https:\/\/deltataxi-tignes.com\/?s={search_term_string}"},"query-input":{"@type":"PropertyValueSpecification","valueRequired":true,"valueName":"search_term_string"}}],"inLanguage":"it-IT"},{"@type":"Organization","@id":"https:\/\/deltataxi-tignes.com\/#organization","name":"Taxi Delta","url":"https:\/\/deltataxi-tignes.com\/","logo":{"@type":"ImageObject","inLanguage":"it-IT","@id":"https:\/\/deltataxi-tignes.com\/#\/schema\/logo\/image\/","url":"https:\/\/deltataxi-tignes.com\/wp-content\/uploads\/2023\/10\/logomobile.png","contentUrl":"https:\/\/deltataxi-tignes.com\/wp-content\/uploads\/2023\/10\/logomobile.png","width":1227,"height":219,"caption":"Delta Taxi"},"image":{"@id":"https:\/\/deltataxi-tignes.com\/#\/schema\/logo\/image\/"}}]}},"_links":{"self":[{"href":"https:\/\/deltataxi-tignes.com\/it\/wp-json\/wp\/v2\/pages\/3","targetHints":{"allow":["GET"]}}],"collection":[{"href":"https:\/\/deltataxi-tignes.com\/it\/wp-json\/wp\/v2\/pages"}],"about":[{"href":"https:\/\/deltataxi-tignes.com\/it\/wp-json\/wp\/v2\/types\/page"}],"author":[{"embeddable":true,"href":"https:\/\/deltataxi-tignes.com\/it\/wp-json\/wp\/v2\/users\/1"}],"replies":[{"embeddable":true,"href":"https:\/\/deltataxi-tignes.com\/it\/wp-json\/wp\/v2\/comments?post=3"}],"version-history":[{"count":7,"href":"https:\/\/deltataxi-tignes.com\/it\/wp-json\/wp\/v2\/pages\/3\/revisions"}],"predecessor-version":[{"id":526,"href":"https:\/\/deltataxi-tignes.com\/it\/wp-json\/wp\/v2\/pages\/3\/revisions\/526"}],"wp:attachment":[{"href":"https:\/\/deltataxi-tignes.com\/it\/wp-json\/wp\/v2\/media?parent=3"}],"curies":[{"name":"wp","href":"https:\/\/api.w.org\/{rel}","templated":true}]}}