{"id":3,"date":"2023-10-30T16:31:26","date_gmt":"2023-10-30T15:31:26","guid":{"rendered":"http:\/\/deltataxi-tignes.com\/?page_id=3"},"modified":"2023-11-09T10:11:54","modified_gmt":"2023-11-09T09:11:54","slug":"politique-de-confidentialite","status":"publish","type":"page","link":"https:\/\/deltataxi-tignes.com\/nl\/privacybeleid\/","title":{"rendered":"Privacybeleid"},"content":{"rendered":"<div class=\"title_outer title_without_animation\" data-height=\"380\">\n<div class=\"title title_size_large position_left\">\n<div class=\"title_holder\">\n<div class=\"container\">\n<div class=\"container_inner clearfix\">\n<div class=\"title_subtitle_holder\">\n<div class=\"title_subtitle_holder_inner\">\n<h3 class=\"titre\">Webontwerp<\/h3>\n<h3 class=\"titre\">SQUID \u2013 www.agencesquid.com<\/h3>\n<\/div>\n<\/div>\n<\/div>\n<\/div>\n<\/div>\n<\/div>\n<\/div>\n<div class=\"container\">\n<div class=\"container_inner default_template_holder clearfix page_container_inner\">\n<h3 class=\"titre\">1. JURIDISCHE INFORMATIE<\/h3>\n<p>De uitgever van de site is het bedrijf Delta Taxi, ingeschreven in het handels- en vennootschapsregister van Chamb\u00e9ry en met nummer 8 843 761 891<br \/>\nHet hoofdkantoor is gevestigd: 3, rue des Petits Vergers<br \/>\n73700 Ziez<br \/>\nTel: 06 11 45 67 01<br \/>\nE-mail: contact@deltataxi-tignes.com<br \/>\nPublicatiedirecteur: No\u00ebl Core<\/p>\n<h3><\/h3>\n<h3 class=\"titre\">2. SITE-HOSTING<\/h3>\n<p>De website deltataxi-tignes.com wordt gehost door het bedrijf OVH, SAS met een kapitaal van 10.000.000 euro, geregistreerd bij de RCS van Roubaix-Tourcoing onder nummer 424 761 419 00045.<br \/>\nHoofdkantoor: 2 rue Kellerman 59100 Roubaix Frankrijk<\/p>\n<h3><\/h3>\n<h3 class=\"titre\">3. INTELLECTUELE-EIGENDOMSRECHTEN<\/h3>\n<p>De site en de gehele inhoud ervan (in het bijzonder de commerci\u00eble merken, logo&#039;s, elk grafisch, tekstueel en computerelement van de site, inclusief in het bijzonder bomen, lay-outs, artikelen, presentaties, illustraties, foto&#039;s en\/of enig ander document) zijn beschermd door de Franse en internationale wetten op het gebied van auteursrecht en intellectueel eigendom.<br \/>\nEr kan geen interpretatie worden gegeven ten gunste van een gebruikslicentie of enig recht om deze elementen te gebruiken.<br \/>\nAls zodanig zijn hun representaties, reproducties, nestingen, uitzendingen en heruitzendingen, geheel of gedeeltelijk, verboden (artikel L. 122-4 van de Intellectuele Eigendomswet). Elke persoon die een procedure onderneemt zonder de voorafgaande en uitdrukkelijke toestemming van de houder van deze rechten te kunnen aantonen, riskeert de straffen met betrekking tot het misdrijf van namaak (artikelen L. 335-2 en volgende van het Wetboek van Intellectuele Eigendom). Delta Taxi kan zich beroepen op haar rechten, in het bijzonder intellectuele eigendom, om een strafrechtelijke procedure te starten.<br \/>\nDelta Taxi behoudt zich het recht voor om op ieder moment de op de Site beschreven informatie, producten, programma&#039;s of gebruiksvoorwaarden te verbeteren of aan te passen, zonder dat hierdoor aansprakelijkheid ontstaat. De toepasselijke voorwaarden en mededelingen zijn die welke van kracht zijn op de datum van uw verbinding met de Site.<\/p>\n<div><\/div>\n<h3 class=\"titre\">4. HYPERTEXTLINKS<\/h3>\n<p>De gebruiker die wordt doorverwezen naar een site van derden via een hypertextlink naar andere sites, erkent dat Delta Taxi geen controle heeft over de inhoud, informatie, producten en diensten die op deze sites worden aangeboden. Bijgevolg kan Delta Taxi in geen geval aansprakelijk worden gesteld voor eventuele directe of indirecte schade die voortvloeit uit het gebruik van sites die toegankelijk zijn via hyperlinks.<br \/>\nDelta Taxi is evenmin verantwoordelijk voor hyperlinks die naar de Site verwijzen.<br \/>\nIedereen die hyperlinks wil opzetten die naar de Site verwijzen, moet vooraf schriftelijke toestemming krijgen van Delta Taxi.<\/p>\n<h3 class=\"titre\">5. BEPERKING VAN GARANTIE<\/h3>\n<p>Delta Taxi herinnert internetgebruikers aan de kenmerken en beperkingen van het internetnetwerk. Delta Taxi kan niet aansprakelijk worden gesteld voor schade die voortvloeit uit de toegang tot de Site of, integendeel, uit de onmogelijkheid om er toegang toe te krijgen. Delta Taxi kan in geen geval aansprakelijk worden gesteld in geval van onbeschikbaarheid van de Site, om welke reden dan ook (technisch defect, netwerkcongestie, enz.).<br \/>\nDe gebruiker erkent uitdrukkelijk dat hij de Site op eigen risico en onder zijn exclusieve verantwoordelijkheid gebruikt. Delta Taxi kan niet aansprakelijk worden gesteld voor enige schade, rechtstreeks of onrechtstreeks, materieel of immaterieel, toegebracht aan de gebruikers, hun computer- of telecommunicatieapparatuur, de daarin opgeslagen gegevens en de gevolgen die hieruit kunnen voortvloeien voor hun persoonlijke, professionele of commerci\u00eble activiteiten.<br \/>\nDe informatie op de Site wordt uitsluitend ter informatie verstrekt. De informatie die op deze site wordt gepubliceerd, wordt periodiek bijgewerkt en gecontroleerd, maar kan nog steeds fouten bevatten. Er moet in ieder geval rekening mee worden gehouden op het moment dat deze online wordt gezet, en niet op het moment dat de Site wordt geraadpleegd (deze gegevens kunnen zijn bijgewerkt tussen het moment waarop u ze downloadde en het moment waarop u er kennis van neemt). Delta Taxi kan in ieder geval niet verantwoordelijk worden gehouden voor deze informatie.<\/p>\n<h3 class=\"titre\">6. GEBRUIK VAN DE SITE<\/h3>\n<p>Delta Taxi biedt de Site in de eerste plaats aan voor gebruik door haar klanten en iedereen die haar producten en diensten wil leren kennen en kopen.<br \/>\nWanneer u verbinding maakt met de site:<br \/>\n\u2013 u verbindt zich ertoe deze mededelingen en, meer in het algemeen, de toepasselijke wetgeving te respecteren,<br \/>\n\u2013 u zich onthoudt van elke verzameling of misbruik, in het bijzonder van persoonlijke informatie waartoe u toegang heeft, en, in het algemeen, van elke handeling die derden kan schaden.<br \/>\nWanneer u een formulier invult en informatie verstrekt, gaat u akkoord met:<br \/>\n\u2013 echte, nauwkeurige en actuele informatie te verstrekken op het moment van binnenkomst en in het bijzonder geen valse namen, posities of adressen te gebruiken, of namen, posities of adressen zonder daartoe bevoegd te zijn,<br \/>\n\u2013 registratiegegevens up-to-date houden om hun re\u00eble en nauwkeurige aard permanent te garanderen,<br \/>\n\u2013 geen illegale, aanstootgevende of schadelijke informatie, programma\u2019s of elementen (zoals virussen, hacking of kopi\u00ebren van software) beschikbaar stellen of verspreiden.<br \/>\n\u2013 geen opmerkingen, meningen of informatie verspreiden die lasterlijk, obsceen, gewelddadig of racistisch van aard zijn en, meer in het algemeen, in strijd zijn met de geldende wet- en regelgeving, de rechten van het individu en de goede zeden.<br \/>\nIn geval van overtreding van deze bepalingen behoudt Delta Taxi zich het recht voor om u de toegang tot de Site of de aangeboden diensten te ontzeggen, naar eigen goeddunken en onverminderd eventuele aansprakelijkheidsvorderingen.<\/p>\n<p>Gebruik van verzamelde persoonlijke gegevens<\/p>\n<h3><\/h3>\n<h3>7. OPMERKINGEN<\/h3>\n<p>Wanneer u een reactie achterlaat op onze website, worden de gegevens die u in het reactieformulier invoert, maar ook uw IP-adres en de user-agent van uw browser verzameld om ons te helpen ongewenste reacties op te sporen.<\/p>\n<p>Er kan een geanonimiseerde string, gemaakt op basis van uw e-mailadres (ook wel een hash genoemd), naar de Gravatar-service worden gestuurd om te controleren of u deze gebruikt. De vertrouwelijkheidsbepalingen van de Gravatar-service zijn hier beschikbaar: https:\/\/automattic.com\/privacy\/. Na validatie van uw reactie zal uw profielfoto publiekelijk zichtbaar zijn naast uw reactie.8. Media<\/p>\n<p>Als u een geregistreerde gebruiker bent en afbeeldingen uploadt naar de Website, raden wij u aan om het uploaden van afbeeldingen die EXIF GPS-co\u00f6rdinatengegevens bevatten, te vermijden. Bezoekers van uw website kunnen locatiegegevens uit deze afbeeldingen downloaden en extraheren.<\/p>\n<h3><\/h3>\n<h3>8. COOKIES<\/h3>\n<p>Als u een reactie achterlaat op onze site, kunt u uw naam, e-mailadres en website opslaan in cookies. Dit is alleen voor uw gemak, zodat u deze gegevens niet hoeft in te vullen als u later nog een reactie achterlaat. Deze cookies vervallen na \u00e9\u00e9n jaar.<\/p>\n<p>Als u een account heeft en inlogt op deze site, wordt er een tijdelijke cookie aangemaakt om te bepalen of uw browser cookies accepteert. Het bevat geen persoonlijke gegevens en wordt automatisch verwijderd wanneer u uw browser sluit.<\/p>\n<p>Wanneer u inlogt, plaatsen wij een aantal cookies om uw inloggegevens en schermvoorkeuren op te slaan. De levensduur van een verbindingscookie is twee dagen, die van een schermoptiecookie \u00e9\u00e9n jaar. Als u \u201cOnthoud mij\u201d aanvinkt, wordt uw login-cookie twee weken bewaard. Als u uitlogt bij uw account, wordt de login-cookie verwijderd.<\/p>\n<p>Door een artikel te bewerken of te publiceren, wordt er een extra cookie in uw browser opgeslagen. Deze cookie bevat geen persoonlijke gegevens. Het geeft eenvoudigweg de ID aan van het artikel dat u zojuist hebt gewijzigd. Deze vervalt na \u00e9\u00e9n dag.<\/p>\n<h3><\/h3>\n<h3>9. INHOUD INGEBED VAN ANDERE SITES<\/h3>\n<p>Artikelen op deze site kunnen ingesloten inhoud bevatten (bijvoorbeeld video&#039;s, afbeeldingen, artikelen, enz.). Inhoud die is ingesloten vanaf andere sites gedraagt zich hetzelfde alsof de bezoeker naar die andere site zou gaan.<\/p>\n<p>Deze websites kunnen gegevens over u verzamelen, cookies gebruiken, trackingtools van derden insluiten en uw interacties met deze ingesloten inhoud volgen als u een account heeft dat aan hun website is gekoppeld.<\/p>\n<h3>10. BEWAARDUUR VAN UW GEGEVENS<\/h3>\n<p>Als u een reactie achterlaat, worden de reactie en de metagegevens ervan voor onbepaalde tijd bewaard. Hierdoor kunnen daaropvolgende reacties automatisch worden herkend en goedgekeurd, in plaats van dat ze in de moderatiewachtrij blijven staan.<\/p>\n<p>Voor gebruikers die zich (indien mogelijk) op onze site registreren, slaan wij ook de persoonlijke gegevens op die in hun profiel zijn aangegeven. Alle gebruikers kunnen op elk moment hun persoonlijke gegevens bekijken, wijzigen of verwijderen (behalve hun gebruikersnaam). Locatiebeheerders kunnen deze informatie ook bekijken en wijzigen.<\/p>\n<h3><\/h3>\n<h3>11. DE RECHTEN DIE U HEBT OP UW GEGEVENS<\/h3>\n<p>Als u een account heeft of reacties op de site heeft achtergelaten, kunt u verzoeken om een bestand met alle persoonlijke gegevens die we over u hebben, inclusief de gegevens die u aan ons heeft verstrekt. U kunt ook verzoeken om de verwijdering van persoonlijke gegevens die op u betrekking hebben. Hierbij wordt geen rekening gehouden met gegevens die zijn opgeslagen voor administratieve, wettelijke of veiligheidsdoeleinden.<\/p>\n<h3>12. OVERDRACHT VAN UW PERSOONLIJKE GEGEVENS<\/h3>\n<p>Bezoekersreacties kunnen worden gecontroleerd met behulp van een geautomatiseerde detectieservice voor spamreacties.<\/p>\n<h2><\/h2>\n<\/div>\n<\/div>","protected":false},"excerpt":{"rendered":"<p>Web design SQUID &#8211; www.agencesquid.com 1. INFORMATIONS L\u00c9GALES L\u2019\u00e9diteur du Site est la soci\u00e9t\u00e9 Delta Taxi, immatricul\u00e9e au registre du commerce et des soci\u00e9t\u00e9s de Chamb\u00e9ry et dont le n\u00b0 est 8 843 761 891 Le si\u00e8ge social est situ\u00e9 : 3, rue des Petits&#8230;<\/p>","protected":false},"author":1,"featured_media":0,"parent":0,"menu_order":0,"comment_status":"closed","ping_status":"open","template":"","meta":{"iawp_total_views":48,"footnotes":""},"class_list":["post-3","page","type-page","status-publish","hentry"],"yoast_head":"<!-- This site is optimized with the Yoast SEO plugin v26.9 - https:\/\/yoast.com\/product\/yoast-seo-wordpress\/ -->\n<title>Politique de confidentialit\u00e9 - Delta Taxi<\/title>\n<meta name=\"robots\" content=\"index, follow, max-snippet:-1, max-image-preview:large, max-video-preview:-1\" \/>\n<link rel=\"canonical\" href=\"https:\/\/deltataxi-tignes.com\/nl\/privacybeleid\/\" \/>\n<meta property=\"og:locale\" content=\"nl_NL\" \/>\n<meta property=\"og:type\" content=\"article\" \/>\n<meta property=\"og:title\" content=\"Politique de confidentialit\u00e9 - Delta Taxi\" \/>\n<meta property=\"og:description\" content=\"Web design SQUID &#8211; www.agencesquid.com 1. INFORMATIONS L\u00c9GALES L\u2019\u00e9diteur du Site est la soci\u00e9t\u00e9 Delta Taxi, immatricul\u00e9e au registre du commerce et des soci\u00e9t\u00e9s de Chamb\u00e9ry et dont le n\u00b0 est 8 843 761 891 Le si\u00e8ge social est situ\u00e9 : 3, rue des Petits...\" \/>\n<meta property=\"og:url\" content=\"https:\/\/deltataxi-tignes.com\/nl\/privacybeleid\/\" \/>\n<meta property=\"og:site_name\" content=\"Delta Taxi\" \/>\n<meta property=\"article:modified_time\" content=\"2023-11-09T09:11:54+00:00\" \/>\n<meta name=\"twitter:card\" content=\"summary_large_image\" \/>\n<meta name=\"twitter:label1\" content=\"Geschatte leestijd\" \/>\n\t<meta name=\"twitter:data1\" content=\"8 minuten\" \/>\n<script type=\"application\/ld+json\" class=\"yoast-schema-graph\">{\"@context\":\"https:\/\/schema.org\",\"@graph\":[{\"@type\":\"WebPage\",\"@id\":\"https:\/\/deltataxi-tignes.com\/politique-de-confidentialite\/\",\"url\":\"https:\/\/deltataxi-tignes.com\/politique-de-confidentialite\/\",\"name\":\"Politique de confidentialit\u00e9 - Delta Taxi\",\"isPartOf\":{\"@id\":\"https:\/\/deltataxi-tignes.com\/#website\"},\"datePublished\":\"2023-10-30T15:31:26+00:00\",\"dateModified\":\"2023-11-09T09:11:54+00:00\",\"breadcrumb\":{\"@id\":\"https:\/\/deltataxi-tignes.com\/politique-de-confidentialite\/#breadcrumb\"},\"inLanguage\":\"nl-NL\",\"potentialAction\":[{\"@type\":\"ReadAction\",\"target\":[\"https:\/\/deltataxi-tignes.com\/politique-de-confidentialite\/\"]}]},{\"@type\":\"BreadcrumbList\",\"@id\":\"https:\/\/deltataxi-tignes.com\/politique-de-confidentialite\/#breadcrumb\",\"itemListElement\":[{\"@type\":\"ListItem\",\"position\":1,\"name\":\"Accueil\",\"item\":\"https:\/\/deltataxi-tignes.com\/\"},{\"@type\":\"ListItem\",\"position\":2,\"name\":\"Politique de confidentialit\u00e9\"}]},{\"@type\":\"WebSite\",\"@id\":\"https:\/\/deltataxi-tignes.com\/#website\",\"url\":\"https:\/\/deltataxi-tignes.com\/\",\"name\":\"Delta Taxi\",\"description\":\"Delta Taxi, voyagez autrement.\",\"publisher\":{\"@id\":\"https:\/\/deltataxi-tignes.com\/#organization\"},\"potentialAction\":[{\"@type\":\"SearchAction\",\"target\":{\"@type\":\"EntryPoint\",\"urlTemplate\":\"https:\/\/deltataxi-tignes.com\/?s={search_term_string}\"},\"query-input\":{\"@type\":\"PropertyValueSpecification\",\"valueRequired\":true,\"valueName\":\"search_term_string\"}}],\"inLanguage\":\"nl-NL\"},{\"@type\":\"Organization\",\"@id\":\"https:\/\/deltataxi-tignes.com\/#organization\",\"name\":\"Delta Taxi\",\"url\":\"https:\/\/deltataxi-tignes.com\/\",\"logo\":{\"@type\":\"ImageObject\",\"inLanguage\":\"nl-NL\",\"@id\":\"https:\/\/deltataxi-tignes.com\/#\/schema\/logo\/image\/\",\"url\":\"https:\/\/deltataxi-tignes.com\/wp-content\/uploads\/2023\/10\/logomobile.png\",\"contentUrl\":\"https:\/\/deltataxi-tignes.com\/wp-content\/uploads\/2023\/10\/logomobile.png\",\"width\":1227,\"height\":219,\"caption\":\"Delta Taxi\"},\"image\":{\"@id\":\"https:\/\/deltataxi-tignes.com\/#\/schema\/logo\/image\/\"}}]}<\/script>\n<!-- \/ Yoast SEO plugin. -->","yoast_head_json":{"title":"Privacybeleid - Delta Taxi","robots":{"index":"index","follow":"follow","max-snippet":"max-snippet:-1","max-image-preview":"max-image-preview:large","max-video-preview":"max-video-preview:-1"},"canonical":"https:\/\/deltataxi-tignes.com\/nl\/privacybeleid\/","og_locale":"nl_NL","og_type":"article","og_title":"Politique de confidentialit\u00e9 - Delta Taxi","og_description":"Web design SQUID &#8211; www.agencesquid.com 1. INFORMATIONS L\u00c9GALES L\u2019\u00e9diteur du Site est la soci\u00e9t\u00e9 Delta Taxi, immatricul\u00e9e au registre du commerce et des soci\u00e9t\u00e9s de Chamb\u00e9ry et dont le n\u00b0 est 8 843 761 891 Le si\u00e8ge social est situ\u00e9 : 3, rue des Petits...","og_url":"https:\/\/deltataxi-tignes.com\/nl\/privacybeleid\/","og_site_name":"Delta Taxi","article_modified_time":"2023-11-09T09:11:54+00:00","twitter_card":"summary_large_image","twitter_misc":{"Geschatte leestijd":"8 minuten"},"schema":{"@context":"https:\/\/schema.org","@graph":[{"@type":"WebPage","@id":"https:\/\/deltataxi-tignes.com\/politique-de-confidentialite\/","url":"https:\/\/deltataxi-tignes.com\/politique-de-confidentialite\/","name":"Privacybeleid - Delta Taxi","isPartOf":{"@id":"https:\/\/deltataxi-tignes.com\/#website"},"datePublished":"2023-10-30T15:31:26+00:00","dateModified":"2023-11-09T09:11:54+00:00","breadcrumb":{"@id":"https:\/\/deltataxi-tignes.com\/politique-de-confidentialite\/#breadcrumb"},"inLanguage":"nl-NL","potentialAction":[{"@type":"ReadAction","target":["https:\/\/deltataxi-tignes.com\/politique-de-confidentialite\/"]}]},{"@type":"BreadcrumbList","@id":"https:\/\/deltataxi-tignes.com\/politique-de-confidentialite\/#breadcrumb","itemListElement":[{"@type":"ListItem","position":1,"name":"Accueil","item":"https:\/\/deltataxi-tignes.com\/"},{"@type":"ListItem","position":2,"name":"Politique de confidentialit\u00e9"}]},{"@type":"WebSite","@id":"https:\/\/deltataxi-tignes.com\/#website","url":"https:\/\/deltataxi-tignes.com\/","name":"Delta Taxi","description":"Delta Taxi, reis anders.","publisher":{"@id":"https:\/\/deltataxi-tignes.com\/#organization"},"potentialAction":[{"@type":"SearchAction","target":{"@type":"EntryPoint","urlTemplate":"https:\/\/deltataxi-tignes.com\/?s={search_term_string}"},"query-input":{"@type":"PropertyValueSpecification","valueRequired":true,"valueName":"search_term_string"}}],"inLanguage":"nl-NL"},{"@type":"Organization","@id":"https:\/\/deltataxi-tignes.com\/#organization","name":"Delta Taxi","url":"https:\/\/deltataxi-tignes.com\/","logo":{"@type":"ImageObject","inLanguage":"nl-NL","@id":"https:\/\/deltataxi-tignes.com\/#\/schema\/logo\/image\/","url":"https:\/\/deltataxi-tignes.com\/wp-content\/uploads\/2023\/10\/logomobile.png","contentUrl":"https:\/\/deltataxi-tignes.com\/wp-content\/uploads\/2023\/10\/logomobile.png","width":1227,"height":219,"caption":"Delta Taxi"},"image":{"@id":"https:\/\/deltataxi-tignes.com\/#\/schema\/logo\/image\/"}}]}},"_links":{"self":[{"href":"https:\/\/deltataxi-tignes.com\/nl\/wp-json\/wp\/v2\/pages\/3","targetHints":{"allow":["GET"]}}],"collection":[{"href":"https:\/\/deltataxi-tignes.com\/nl\/wp-json\/wp\/v2\/pages"}],"about":[{"href":"https:\/\/deltataxi-tignes.com\/nl\/wp-json\/wp\/v2\/types\/page"}],"author":[{"embeddable":true,"href":"https:\/\/deltataxi-tignes.com\/nl\/wp-json\/wp\/v2\/users\/1"}],"replies":[{"embeddable":true,"href":"https:\/\/deltataxi-tignes.com\/nl\/wp-json\/wp\/v2\/comments?post=3"}],"version-history":[{"count":7,"href":"https:\/\/deltataxi-tignes.com\/nl\/wp-json\/wp\/v2\/pages\/3\/revisions"}],"predecessor-version":[{"id":526,"href":"https:\/\/deltataxi-tignes.com\/nl\/wp-json\/wp\/v2\/pages\/3\/revisions\/526"}],"wp:attachment":[{"href":"https:\/\/deltataxi-tignes.com\/nl\/wp-json\/wp\/v2\/media?parent=3"}],"curies":[{"name":"wp","href":"https:\/\/api.w.org\/{rel}","templated":true}]}}