{"id":68,"date":"2016-03-28T11:21:03","date_gmt":"2016-03-28T11:21:03","guid":{"rendered":"http:\/\/bridge17.qodeinteractive.com\/?page_id=68"},"modified":"2026-02-11T14:09:44","modified_gmt":"2026-02-11T13:09:44","slug":"vtc-tignes","status":"publish","type":"page","link":"https:\/\/deltataxi-tignes.com\/nl\/neem-contact-op-met-delta-taxi-tignes\/","title":{"rendered":"Contact"},"content":{"rendered":"<section class=\"wpb-content-wrapper\"><div      class=\"vc_row wpb_row section vc_row-fluid  vc_custom_1698771580545 grid_section\" style=' text-align:center;'><div class=\"section_inner clearfix\"><div class='section_inner_margin clearfix'><div class=\"wpb_column vc_column_container vc_col-sm-8 vc_col-lg-offset-4 vc_col-lg-4 vc_col-md-offset-3 vc_col-md-6 vc_col-sm-offset-2 vc_col-xs-12\"><div class=\"vc_column-inner\"><div class=\"wpb_wrapper\">\n\t<div class=\"wpb_text_column wpb_content_element\">\n\t\t<div class=\"wpb_wrapper\">\n\t\t\t<h1 style=\"text-align: center;\">VTC Tignes &#8211; Taxi Tignes.<\/h1>\n<h1 style=\"text-align: center;\">Neem contact op met Delta Taxi Tignes<\/h1>\n<h1 style=\"text-align: center;\">Schrijf ons<\/h1>\n\n\t\t<\/div> \n\t<\/div> <div class=\"separator  small center\" style=\"\"><\/div>\n\n\t<div class=\"wpb_text_column wpb_content_element\">\n\t\t<div class=\"wpb_wrapper\">\n\t\t\t<h4 style=\"text-align: center;\">Informatie of een offerte nodig? Gebruik het onderstaande formulier of schrijf ons op<\/h4>\n<h4 style=\"text-align: center;\">contact@deltataxi-tignes.com<\/h4>\n\n\t\t<\/div> \n\t<\/div> <div class=\"separator  transparent\" style=\"margin-top: 52px;margin-bottom: 0px;height: 0px;\"><\/div>\n\n<div class=\"wpcf7 no-js\" id=\"wpcf7-f436-o1\" lang=\"fr-FR\" dir=\"ltr\" data-wpcf7-id=\"436\">\n<div class=\"screen-reader-response\"><p role=\"status\" aria-live=\"polite\" aria-atomic=\"true\"><\/p> <ul><\/ul><\/div>\n<form action=\"\/nl\/wp-json\/wp\/v2\/pages\/68#wpcf7-f436-o1\" method=\"post\" class=\"wpcf7-form init cf7_custom_style_1\" aria-label=\"Contact Formulier\" novalidate=\"novalidate\" data-status=\"init\" data-trp-original-action=\"\/nl\/wp-json\/wp\/v2\/pages\/68#wpcf7-f436-o1\">\n<fieldset class=\"hidden-fields-container\"><input type=\"hidden\" name=\"_wpcf7\" value=\"436\" \/><input type=\"hidden\" name=\"_wpcf7_version\" value=\"6.1.5\" \/><input type=\"hidden\" name=\"_wpcf7_locale\" value=\"fr_FR\" \/><input type=\"hidden\" name=\"_wpcf7_unit_tag\" value=\"wpcf7-f436-o1\" \/><input type=\"hidden\" name=\"_wpcf7_container_post\" value=\"0\" \/><input type=\"hidden\" name=\"_wpcf7_posted_data_hash\" value=\"\" \/><input type=\"hidden\" name=\"_wpcf7_recaptcha_response\" value=\"\" \/>\n<\/fieldset>\n<p><label> Uw naam<br \/>\n<span class=\"wpcf7-form-control-wrap\" data-name=\"your-name\"><input size=\"40\" maxlength=\"400\" class=\"wpcf7-form-control wpcf7-text\" aria-invalid=\"false\" value=\"\" type=\"text\" name=\"your-name\" \/><\/span> <\/label>\n<\/p>\n<p><label> Jouw e-mailadres*<br \/>\n<span class=\"wpcf7-form-control-wrap\" data-name=\"your-email\"><input size=\"40\" maxlength=\"400\" class=\"wpcf7-form-control wpcf7-email wpcf7-validates-as-required wpcf7-text wpcf7-validates-as-email\" aria-required=\"true\" aria-invalid=\"false\" value=\"\" type=\"email\" name=\"your-email\" \/><\/span> <\/label>\n<\/p>\n<p><label> Jouw telefoon nummer<br \/>\n<span class=\"wpcf7-form-control-wrap\" data-name=\"tel-673\"><input size=\"40\" maxlength=\"400\" class=\"wpcf7-form-control wpcf7-tel wpcf7-text wpcf7-validates-as-tel\" aria-invalid=\"false\" value=\"\" type=\"tel\" name=\"tel-673\" \/><\/span> <\/label>\n<\/p>\n<p><label> Devis ou r\u00e9servation?*<br \/>\n<span class=\"wpcf7-form-control-wrap\" data-name=\"menu-410\"><select class=\"wpcf7-form-control wpcf7-select\" aria-invalid=\"false\" name=\"menu-410\"><option value=\"Devis\">Schatting<\/option><option value=\"R\u00e9servation\">Reservering<\/option><\/select><\/span> <\/label>\n<\/p>\n<p><label> Nombre de passagers*<br \/>\n<span class=\"wpcf7-form-control-wrap\" data-name=\"number-800\"><input class=\"wpcf7-form-control wpcf7-number wpcf7-validates-as-number\" min=\"1\" max=\"100\" aria-invalid=\"false\" value=\"Nombre de passagers\" type=\"number\" name=\"number-800\" \/><\/span> <\/label>\n<\/p>\n<p><label> Lieu de prise en charge*<br \/>\n<span class=\"wpcf7-form-control-wrap\" data-name=\"text-345\"><input size=\"40\" maxlength=\"400\" class=\"wpcf7-form-control wpcf7-text\" aria-invalid=\"false\" value=\"\" type=\"text\" name=\"text-345\" \/><\/span> <\/label>\n<\/p>\n<p><label> Num\u00e9ro de train ou d'avion*<br \/>\n<span class=\"wpcf7-form-control-wrap\" data-name=\"text-519\"><input size=\"40\" maxlength=\"400\" class=\"wpcf7-form-control wpcf7-text\" aria-invalid=\"false\" value=\"\" type=\"text\" name=\"text-519\" \/><\/span> <\/label>\n<\/p>\n<p><label> Lieu de d\u00e9pose*<br \/>\n<span class=\"wpcf7-form-control-wrap\" data-name=\"text-210\"><input size=\"40\" maxlength=\"400\" class=\"wpcf7-form-control wpcf7-text\" aria-invalid=\"false\" value=\"\" type=\"text\" name=\"text-210\" \/><\/span> <\/label>\n<\/p>\n<p><label> Jour d'arriv\u00e9e*<br \/>\n<span class=\"wpcf7-form-control-wrap\" data-name=\"text-911\"><input size=\"40\" maxlength=\"400\" class=\"wpcf7-form-control wpcf7-text\" aria-invalid=\"false\" value=\"\" type=\"text\" name=\"text-911\" \/><\/span> <\/label>\n<\/p>\n<p><label> Heure d'arriv\u00e9e*<br \/>\n<span class=\"wpcf7-form-control-wrap\" data-name=\"text-594\"><input size=\"40\" maxlength=\"400\" class=\"wpcf7-form-control wpcf7-text\" aria-invalid=\"false\" value=\"\" type=\"text\" name=\"text-594\" \/><\/span> <\/label>\n<\/p>\n<p><label> Jour de d\u00e9part*<br \/>\n<span class=\"wpcf7-form-control-wrap\" data-name=\"text-705\"><input size=\"40\" maxlength=\"400\" class=\"wpcf7-form-control wpcf7-text\" aria-invalid=\"false\" value=\"\" type=\"text\" name=\"text-705\" \/><\/span> <\/label>\n<\/p>\n<p><label> Heure de d\u00e9part*<br \/>\n<span class=\"wpcf7-form-control-wrap\" data-name=\"text-402\"><input size=\"40\" maxlength=\"400\" class=\"wpcf7-form-control wpcf7-text\" aria-invalid=\"false\" value=\"\" type=\"text\" name=\"text-402\" \/><\/span> <\/label>\n<\/p>\n<p><label> Aantal ski&#039;s<br \/>\n<span class=\"wpcf7-form-control-wrap\" data-name=\"number-252\"><input class=\"wpcf7-form-control wpcf7-number wpcf7-validates-as-number\" min=\"0\" max=\"100\" aria-invalid=\"false\" value=\"\" type=\"number\" name=\"number-252\" \/><\/span> <\/label>\n<\/p>\n<p><label> Aantal zakken<br \/>\n<span class=\"wpcf7-form-control-wrap\" data-name=\"number-925\"><input class=\"wpcf7-form-control wpcf7-number wpcf7-validates-as-number\" min=\"0\" max=\"100\" aria-invalid=\"false\" value=\"\" type=\"number\" name=\"number-925\" \/><\/span> <\/label>\n<\/p>\n<p><label> Babyzitje nodig?<br \/>\n<span class=\"wpcf7-form-control-wrap\" data-name=\"text-884\"><input size=\"40\" maxlength=\"400\" class=\"wpcf7-form-control wpcf7-text\" aria-invalid=\"false\" value=\"\" type=\"text\" name=\"text-884\" \/><\/span> <\/label>\n<\/p>\n<p><label> Een stoelverhoger nodig?<br \/>\n<span class=\"wpcf7-form-control-wrap\" data-name=\"text-218\"><input size=\"40\" maxlength=\"400\" class=\"wpcf7-form-control wpcf7-text\" aria-invalid=\"false\" value=\"\" type=\"text\" name=\"text-218\" \/><\/span> <\/label>\n<\/p>\n<p><label> Opmerkingen<br \/>\n<span class=\"wpcf7-form-control-wrap\" data-name=\"text-350\"><input size=\"40\" maxlength=\"400\" class=\"wpcf7-form-control wpcf7-text\" aria-invalid=\"false\" value=\"\" type=\"text\" name=\"text-350\" \/><\/span> <\/label>\n<\/p>\n<p><input class=\"wpcf7-form-control wpcf7-submit has-spinner\" type=\"submit\" value=\"sturen\" \/>\n<\/p><div class=\"wpcf7-response-output\" aria-hidden=\"true\"><\/div>\n<input type=\"hidden\" name=\"trp-form-language\" value=\"nl\"\/><\/form>\n<\/div>\n<\/div><\/div><\/div><\/div><\/div><\/div>\n<\/section>","protected":false},"excerpt":{"rendered":"VTC Tignes - Taxi Tignes. Contact Delta Taxi Tignes Ecrivez-nous Besoin d'information ou d'un devis ? Utilisez le formulaire ci-desssous ou \u00e9crivez-nous \u00e0 contact@deltataxi-tignes.com Votre nom Votre adresse de messagerie* Votre num\u00e9ro de t\u00e9l\u00e9phone Devis ou r\u00e9servation?* DevisR\u00e9servation Nombre de passagers* Lieu de prise en...","protected":false},"author":1,"featured_media":0,"parent":0,"menu_order":0,"comment_status":"closed","ping_status":"closed","template":"full_width.php","meta":{"iawp_total_views":480,"footnotes":""},"class_list":["post-68","page","type-page","status-publish","hentry"],"yoast_head":"<!-- This site is optimized with the Yoast SEO plugin v26.9 - https:\/\/yoast.com\/product\/yoast-seo-wordpress\/ -->\n<title>VTC Tignes. Taxi et VTC \u00e0 Tignes. Transferts a\u00e9roports et gares<\/title>\n<meta name=\"description\" content=\"VTC Tignes. Contact Delta Taxi Tignes 7\/7 24\/24 au +33(0)6 11 45 67 01 pour r\u00e9server votre trajet. Taxi Tignes. Taxi Val d&#039;is\u00e8re.\" \/>\n<meta name=\"robots\" content=\"index, follow, max-snippet:-1, max-image-preview:large, max-video-preview:-1\" \/>\n<link rel=\"canonical\" href=\"https:\/\/deltataxi-tignes.com\/nl\/neem-contact-op-met-delta-taxi-tignes\/\" \/>\n<meta property=\"og:locale\" content=\"nl_NL\" \/>\n<meta property=\"og:type\" content=\"article\" \/>\n<meta property=\"og:title\" content=\"VTC Tignes. Taxi et VTC \u00e0 Tignes. Transferts a\u00e9roports et gares\" \/>\n<meta property=\"og:description\" content=\"VTC Tignes. Contact Delta Taxi Tignes 7\/7 24\/24 au +33(0)6 11 45 67 01 pour r\u00e9server votre trajet. Taxi Tignes. Taxi Val d&#039;is\u00e8re.\" \/>\n<meta property=\"og:url\" content=\"https:\/\/deltataxi-tignes.com\/nl\/neem-contact-op-met-delta-taxi-tignes\/\" \/>\n<meta property=\"og:site_name\" content=\"Delta Taxi\" \/>\n<meta property=\"article:modified_time\" content=\"2026-02-11T13:09:44+00:00\" \/>\n<meta name=\"twitter:card\" content=\"summary_large_image\" \/>\n<meta name=\"twitter:label1\" content=\"Geschatte leestijd\" \/>\n\t<meta name=\"twitter:data1\" content=\"1 minuut\" \/>\n<script type=\"application\/ld+json\" class=\"yoast-schema-graph\">{\"@context\":\"https:\/\/schema.org\",\"@graph\":[{\"@type\":\"WebPage\",\"@id\":\"https:\/\/deltataxi-tignes.com\/vtc-tignes\/\",\"url\":\"https:\/\/deltataxi-tignes.com\/vtc-tignes\/\",\"name\":\"VTC Tignes. Taxi et VTC \u00e0 Tignes. Transferts a\u00e9roports et gares\",\"isPartOf\":{\"@id\":\"https:\/\/deltataxi-tignes.com\/#website\"},\"datePublished\":\"2016-03-28T11:21:03+00:00\",\"dateModified\":\"2026-02-11T13:09:44+00:00\",\"description\":\"VTC Tignes. Contact Delta Taxi Tignes 7\/7 24\/24 au +33(0)6 11 45 67 01 pour r\u00e9server votre trajet. Taxi Tignes. Taxi Val d'is\u00e8re.\",\"breadcrumb\":{\"@id\":\"https:\/\/deltataxi-tignes.com\/vtc-tignes\/#breadcrumb\"},\"inLanguage\":\"nl-NL\",\"potentialAction\":[{\"@type\":\"ReadAction\",\"target\":[\"https:\/\/deltataxi-tignes.com\/vtc-tignes\/\"]}]},{\"@type\":\"BreadcrumbList\",\"@id\":\"https:\/\/deltataxi-tignes.com\/vtc-tignes\/#breadcrumb\",\"itemListElement\":[{\"@type\":\"ListItem\",\"position\":1,\"name\":\"Accueil\",\"item\":\"https:\/\/deltataxi-tignes.com\/\"},{\"@type\":\"ListItem\",\"position\":2,\"name\":\"Contact\"}]},{\"@type\":\"WebSite\",\"@id\":\"https:\/\/deltataxi-tignes.com\/#website\",\"url\":\"https:\/\/deltataxi-tignes.com\/\",\"name\":\"Delta Taxi\",\"description\":\"Delta Taxi, voyagez autrement.\",\"publisher\":{\"@id\":\"https:\/\/deltataxi-tignes.com\/#organization\"},\"potentialAction\":[{\"@type\":\"SearchAction\",\"target\":{\"@type\":\"EntryPoint\",\"urlTemplate\":\"https:\/\/deltataxi-tignes.com\/?s={search_term_string}\"},\"query-input\":{\"@type\":\"PropertyValueSpecification\",\"valueRequired\":true,\"valueName\":\"search_term_string\"}}],\"inLanguage\":\"nl-NL\"},{\"@type\":\"Organization\",\"@id\":\"https:\/\/deltataxi-tignes.com\/#organization\",\"name\":\"Delta Taxi\",\"url\":\"https:\/\/deltataxi-tignes.com\/\",\"logo\":{\"@type\":\"ImageObject\",\"inLanguage\":\"nl-NL\",\"@id\":\"https:\/\/deltataxi-tignes.com\/#\/schema\/logo\/image\/\",\"url\":\"https:\/\/deltataxi-tignes.com\/wp-content\/uploads\/2023\/10\/logomobile.png\",\"contentUrl\":\"https:\/\/deltataxi-tignes.com\/wp-content\/uploads\/2023\/10\/logomobile.png\",\"width\":1227,\"height\":219,\"caption\":\"Delta Taxi\"},\"image\":{\"@id\":\"https:\/\/deltataxi-tignes.com\/#\/schema\/logo\/image\/\"}}]}<\/script>\n<!-- \/ Yoast SEO plugin. -->","yoast_head_json":{"title":"VTC Tignes. Taxi et VTC \u00e0 Tignes. Transferts a\u00e9roports et gares","description":"VTC Tignes. Contact Delta Taxi Tignes 7\/7 24\/24 au +33(0)6 11 45 67 01 pour r\u00e9server votre trajet. Taxi Tignes. Taxi Val d'is\u00e8re.","robots":{"index":"index","follow":"follow","max-snippet":"max-snippet:-1","max-image-preview":"max-image-preview:large","max-video-preview":"max-video-preview:-1"},"canonical":"https:\/\/deltataxi-tignes.com\/nl\/neem-contact-op-met-delta-taxi-tignes\/","og_locale":"nl_NL","og_type":"article","og_title":"VTC Tignes. Taxi et VTC \u00e0 Tignes. Transferts a\u00e9roports et gares","og_description":"VTC Tignes. Contact Delta Taxi Tignes 7\/7 24\/24 au +33(0)6 11 45 67 01 pour r\u00e9server votre trajet. Taxi Tignes. Taxi Val d'is\u00e8re.","og_url":"https:\/\/deltataxi-tignes.com\/nl\/neem-contact-op-met-delta-taxi-tignes\/","og_site_name":"Delta Taxi","article_modified_time":"2026-02-11T13:09:44+00:00","twitter_card":"summary_large_image","twitter_misc":{"Geschatte leestijd":"1 minuut"},"schema":{"@context":"https:\/\/schema.org","@graph":[{"@type":"WebPage","@id":"https:\/\/deltataxi-tignes.com\/vtc-tignes\/","url":"https:\/\/deltataxi-tignes.com\/vtc-tignes\/","name":"VTC Tignes. Taxi et VTC \u00e0 Tignes. Transferts a\u00e9roports et gares","isPartOf":{"@id":"https:\/\/deltataxi-tignes.com\/#website"},"datePublished":"2016-03-28T11:21:03+00:00","dateModified":"2026-02-11T13:09:44+00:00","description":"VTC Tignes. Contact Delta Taxi Tignes 7\/7 24\/24 au +33(0)6 11 45 67 01 pour r\u00e9server votre trajet. Taxi Tignes. Taxi Val d'is\u00e8re.","breadcrumb":{"@id":"https:\/\/deltataxi-tignes.com\/vtc-tignes\/#breadcrumb"},"inLanguage":"nl-NL","potentialAction":[{"@type":"ReadAction","target":["https:\/\/deltataxi-tignes.com\/vtc-tignes\/"]}]},{"@type":"BreadcrumbList","@id":"https:\/\/deltataxi-tignes.com\/vtc-tignes\/#breadcrumb","itemListElement":[{"@type":"ListItem","position":1,"name":"Accueil","item":"https:\/\/deltataxi-tignes.com\/"},{"@type":"ListItem","position":2,"name":"Contact"}]},{"@type":"WebSite","@id":"https:\/\/deltataxi-tignes.com\/#website","url":"https:\/\/deltataxi-tignes.com\/","name":"Delta Taxi","description":"Delta Taxi, reis anders.","publisher":{"@id":"https:\/\/deltataxi-tignes.com\/#organization"},"potentialAction":[{"@type":"SearchAction","target":{"@type":"EntryPoint","urlTemplate":"https:\/\/deltataxi-tignes.com\/?s={search_term_string}"},"query-input":{"@type":"PropertyValueSpecification","valueRequired":true,"valueName":"search_term_string"}}],"inLanguage":"nl-NL"},{"@type":"Organization","@id":"https:\/\/deltataxi-tignes.com\/#organization","name":"Delta Taxi","url":"https:\/\/deltataxi-tignes.com\/","logo":{"@type":"ImageObject","inLanguage":"nl-NL","@id":"https:\/\/deltataxi-tignes.com\/#\/schema\/logo\/image\/","url":"https:\/\/deltataxi-tignes.com\/wp-content\/uploads\/2023\/10\/logomobile.png","contentUrl":"https:\/\/deltataxi-tignes.com\/wp-content\/uploads\/2023\/10\/logomobile.png","width":1227,"height":219,"caption":"Delta Taxi"},"image":{"@id":"https:\/\/deltataxi-tignes.com\/#\/schema\/logo\/image\/"}}]}},"_links":{"self":[{"href":"https:\/\/deltataxi-tignes.com\/nl\/wp-json\/wp\/v2\/pages\/68","targetHints":{"allow":["GET"]}}],"collection":[{"href":"https:\/\/deltataxi-tignes.com\/nl\/wp-json\/wp\/v2\/pages"}],"about":[{"href":"https:\/\/deltataxi-tignes.com\/nl\/wp-json\/wp\/v2\/types\/page"}],"author":[{"embeddable":true,"href":"https:\/\/deltataxi-tignes.com\/nl\/wp-json\/wp\/v2\/users\/1"}],"replies":[{"embeddable":true,"href":"https:\/\/deltataxi-tignes.com\/nl\/wp-json\/wp\/v2\/comments?post=68"}],"version-history":[{"count":7,"href":"https:\/\/deltataxi-tignes.com\/nl\/wp-json\/wp\/v2\/pages\/68\/revisions"}],"predecessor-version":[{"id":577,"href":"https:\/\/deltataxi-tignes.com\/nl\/wp-json\/wp\/v2\/pages\/68\/revisions\/577"}],"wp:attachment":[{"href":"https:\/\/deltataxi-tignes.com\/nl\/wp-json\/wp\/v2\/media?parent=68"}],"curies":[{"name":"wp","href":"https:\/\/api.w.org\/{rel}","templated":true}]}}