{"id":3,"date":"2023-10-30T16:31:26","date_gmt":"2023-10-30T15:31:26","guid":{"rendered":"http:\/\/deltataxi-tignes.com\/?page_id=3"},"modified":"2023-11-09T10:11:54","modified_gmt":"2023-11-09T09:11:54","slug":"politique-de-confidentialite","status":"publish","type":"page","link":"https:\/\/deltataxi-tignes.com\/pt\/politica-de-privacidade\/","title":{"rendered":"pol\u00edtica de Privacidade"},"content":{"rendered":"<div class=\"title_outer title_without_animation\" data-height=\"380\">\n<div class=\"title title_size_large position_left\">\n<div class=\"title_holder\">\n<div class=\"container\">\n<div class=\"container_inner clearfix\">\n<div class=\"title_subtitle_holder\">\n<div class=\"title_subtitle_holder_inner\">\n<h3 class=\"titre\">Designer de Web<\/h3>\n<h3 class=\"titre\">SQUID \u2013 www.agencesquid.com<\/h3>\n<\/div>\n<\/div>\n<\/div>\n<\/div>\n<\/div>\n<\/div>\n<\/div>\n<div class=\"container\">\n<div class=\"container_inner default_template_holder clearfix page_container_inner\">\n<h3 class=\"titre\">1. INFORMA\u00c7\u00d5ES LEGAIS<\/h3>\n<p>A editora do Site \u00e9 a empresa Delta Taxi, inscrita no registo comercial e empresarial de Chamb\u00e9ry e cujo n\u00famero \u00e9 8 843 761 891<br \/>\nA sede est\u00e1 localizada: 3, rue des Petits Vergers<br \/>\n73700 S\u00e9ez<br \/>\nTel: 06 11 45 67 01<br \/>\nE-mail: contact@deltataxi-tignes.com<br \/>\nDiretor de publica\u00e7\u00e3o: No\u00ebl Core<\/p>\n<h3><\/h3>\n<h3 class=\"titre\">2. HOSPEDAGEM DE SITE<\/h3>\n<p>O site deltataxi-tignes.com \u00e9 alojado pela empresa OVH, SAS com capital de 10.000.000 euros, registada na RCS de Roubaix-Tourcoing sob o n\u00famero 424 761 419 00045.<br \/>\nSede: 2 rue Kellerman 59100 Roubaix Fran\u00e7a<\/p>\n<h3><\/h3>\n<h3 class=\"titre\">3. DIREITOS DE PROPRIEDADE INTELECTUAL<\/h3>\n<p>O Site e todo o seu conte\u00fado (em particular as marcas comerciais, logotipos, qualquer elemento gr\u00e1fico, textual e inform\u00e1tico do Site incluindo, em particular, \u00e1rvores, layouts, artigos, apresenta\u00e7\u00f5es, ilustra\u00e7\u00f5es, fotografias e\/ou qualquer outro documento) est\u00e3o protegidos pelas leis francesas e internacionais sobre direitos autorais e propriedade intelectual.<br \/>\nNenhuma interpreta\u00e7\u00e3o pode ser feita a favor de uma licen\u00e7a de utiliza\u00e7\u00e3o ou de qualquer direito de utiliza\u00e7\u00e3o destes elementos.<br \/>\nComo tal, s\u00e3o proibidas as suas representa\u00e7\u00f5es, reprodu\u00e7\u00f5es, agrupamentos, emiss\u00f5es e retransmiss\u00f5es, parciais ou totais (artigo L. 122-4 do C\u00f3digo da Propriedade Intelectual). Qualquer pessoa que proceda sem poder demonstrar a autoriza\u00e7\u00e3o pr\u00e9via e expressa do titular destes direitos incorre nas san\u00e7\u00f5es relativas ao crime de contrafac\u00e7\u00e3o (artigos L. 335-2 e seguintes do C\u00f3digo da Propriedade Intelectual). A Delta Taxi pode invocar os seus direitos, em particular a propriedade intelectual, para iniciar processos criminais.<br \/>\nA Delta Taxi reserva-se o direito de melhorar ou modificar as informa\u00e7\u00f5es, produtos, programas ou condi\u00e7\u00f5es de uso descritos no Site a qualquer momento, sem que isso incorra em responsabilidade. As condi\u00e7\u00f5es e avisos aplic\u00e1veis ser\u00e3o aqueles em vigor na data da sua conex\u00e3o ao Site.<\/p>\n<div><\/div>\n<h3 class=\"titre\">4. LINKS DE HIPERTEXTO<\/h3>\n<p>O usu\u00e1rio que seria redirecionado a um site de terceiros atrav\u00e9s de um link de hipertexto estabelecido para outros sites reconhece que a Delta Taxi n\u00e3o controla o conte\u00fado, as informa\u00e7\u00f5es, os produtos e os servi\u00e7os oferecidos nesses sites. Consequentemente, a Delta Taxi n\u00e3o pode em caso algum ser responsabilizada por poss\u00edveis danos diretos ou indiretos resultantes da utiliza\u00e7\u00e3o de sites acess\u00edveis atrav\u00e9s de links de hipertexto.<br \/>\nA Delta Taxi tamb\u00e9m n\u00e3o se responsabiliza por links de hipertexto que apontem para o Site.<br \/>\nQualquer pessoa que deseje estabelecer links de hipertexto apontando para o Site dever\u00e1 obter autoriza\u00e7\u00e3o pr\u00e9via por escrito da Delta Taxi.<\/p>\n<h3 class=\"titre\">5. LIMITA\u00c7\u00c3O DE GARANTIA<\/h3>\n<p>Delta Taxi lembra aos internautas as caracter\u00edsticas e limites da rede Internet. A Delta Taxi n\u00e3o pode ser responsabilizada por quaisquer danos resultantes do acesso ao Site ou, pelo contr\u00e1rio, da impossibilidade de acesso ao mesmo. A Delta Taxi n\u00e3o pode em caso algum ser responsabilizada em caso de indisponibilidade do Site, por qualquer motivo (falha t\u00e9cnica, congestionamento da rede, etc.).<br \/>\nO usu\u00e1rio reconhece expressamente que utiliza o Site por sua conta e risco e sob sua exclusiva responsabilidade. A Delta Taxi n\u00e3o pode ser responsabilizada por quaisquer danos, diretos ou indiretos, materiais ou imateriais causados aos utilizadores, aos seus equipamentos inform\u00e1ticos ou de telecomunica\u00e7\u00f5es, aos dados a\u00ed armazenados e \u00e0s consequ\u00eancias que da\u00ed possam advir na sua atividade pessoal, profissional ou comercial.<br \/>\nAs informa\u00e7\u00f5es no Site s\u00e3o fornecidas apenas para fins informativos. As informa\u00e7\u00f5es publicadas neste Site s\u00e3o atualizadas e verificadas periodicamente, mas ainda podem conter erros. A informa\u00e7\u00e3o deve, em qualquer caso, ser tida em considera\u00e7\u00e3o no momento da sua coloca\u00e7\u00e3o online e n\u00e3o no momento da consulta do Site (estes dados podem ter sido atualizados entre o momento em que o descarregou e aquele em que tomou conhecimento dos mesmos). Em qualquer caso, a Delta Taxi n\u00e3o pode ser responsabilizada por esta informa\u00e7\u00e3o.<\/p>\n<h3 class=\"titre\">6. UTILIZA\u00c7\u00c3O DO SITE<\/h3>\n<p>A Delta Taxi oferece o Site principalmente para uso de seus clientes e de qualquer pessoa que deseje conhecer e adquirir seus produtos e servi\u00e7os.<br \/>\nQuando voc\u00ea se conecta ao Site:<br \/>\n\u2013 voc\u00ea se compromete a respeitar estes avisos, bem como, de forma mais geral, a legisla\u00e7\u00e3o aplic\u00e1vel,<br \/>\n\u2013 abst\u00e9m-se de qualquer recolha ou utiliza\u00e7\u00e3o indevida, nomeadamente de informa\u00e7\u00f5es pessoais a que possa ter acesso e, em geral, de qualquer ato suscet\u00edvel de prejudicar terceiros.<br \/>\nAo preencher um formul\u00e1rio e fornecer informa\u00e7\u00f5es, voc\u00ea concorda em:<br \/>\n\u2013 fornecer informa\u00e7\u00f5es reais, precisas e atualizadas no momento da entrada e, em particular, n\u00e3o usar nomes, cargos ou endere\u00e7os falsos, ou nomes, cargos ou endere\u00e7os sem estar autorizado a faz\u00ea-lo,<br \/>\n\u2013 manter atualizados os dados cadastrais, a fim de garantir permanentemente a sua real e exata natureza,<br \/>\n\u2013 n\u00e3o disponibilizar ou distribuir informa\u00e7\u00f5es, programas ou elementos ilegais, censur\u00e1veis ou prejudiciais (como v\u00edrus, hacking ou c\u00f3pia de software).<br \/>\n\u2013 n\u00e3o difundir coment\u00e1rios, opini\u00f5es ou informa\u00e7\u00f5es de natureza difamat\u00f3ria, obscena, violenta, racista e, de um modo mais geral, contr\u00e1rias \u00e0s leis e regulamentos em vigor, aos direitos das pessoas e aos bons costumes.<br \/>\nEm caso de viola\u00e7\u00e3o destas disposi\u00e7\u00f5es, a Delta Taxi reserva-se o direito de proibi-lo de acessar o Site ou os servi\u00e7os oferecidos, a seu exclusivo crit\u00e9rio e sem preju\u00edzo de qualquer a\u00e7\u00e3o de responsabilidade.<\/p>\n<p>Utiliza\u00e7\u00e3o de dados pessoais recolhidos<\/p>\n<h3><\/h3>\n<h3>7. COMENT\u00c1RIOS<\/h3>\n<p>Quando voc\u00ea deixa um coment\u00e1rio em nosso site, os dados inseridos no formul\u00e1rio de coment\u00e1rios, mas tamb\u00e9m o seu endere\u00e7o IP e o agente do usu\u00e1rio do seu navegador s\u00e3o coletados para nos ajudar a detectar coment\u00e1rios indesejados.<\/p>\n<p>Uma string an\u00f4nima criada a partir do seu endere\u00e7o de e-mail (tamb\u00e9m chamada de hash) pode ser enviada ao servi\u00e7o Gravatar para verificar se voc\u00ea a est\u00e1 usando. As disposi\u00e7\u00f5es de confidencialidade do servi\u00e7o Gravatar est\u00e3o dispon\u00edveis aqui: https:\/\/automattic.com\/privacy\/. Ap\u00f3s a valida\u00e7\u00e3o do seu coment\u00e1rio, a foto do seu perfil ficar\u00e1 publicamente vis\u00edvel ao lado do seu coment\u00e1rio.8. meios de comunica\u00e7\u00e3o<\/p>\n<p>Se voc\u00ea \u00e9 um usu\u00e1rio registrado e faz upload de imagens para o Site, aconselhamos evitar o upload de imagens que contenham dados de coordenadas GPS EXIF. Os visitantes do seu site podem baixar e extrair dados de localiza\u00e7\u00e3o dessas imagens.<\/p>\n<h3><\/h3>\n<h3>8. BOLINHOS<\/h3>\n<p>Se voc\u00ea deixar um coment\u00e1rio em nosso site, poder\u00e1 salvar seu nome, endere\u00e7o de e-mail e site em cookies. Isso \u00e9 apenas para sua comodidade, para que voc\u00ea n\u00e3o precise preencher essas informa\u00e7\u00f5es caso deixe outro coment\u00e1rio posteriormente. Estes cookies expiram ap\u00f3s um ano.<\/p>\n<p>Se voc\u00ea tiver uma conta e fizer login neste site, um cookie tempor\u00e1rio ser\u00e1 criado para determinar se o seu navegador aceita cookies. Ele n\u00e3o cont\u00e9m dados pessoais e ser\u00e1 exclu\u00eddo automaticamente quando voc\u00ea fechar o navegador.<\/p>\n<p>Quando voc\u00ea fizer login, definiremos v\u00e1rios cookies para salvar suas informa\u00e7\u00f5es de login e prefer\u00eancias de tela. A vida \u00fatil de um cookie de conex\u00e3o \u00e9 de dois dias, e a de um cookie de op\u00e7\u00e3o de tela \u00e9 de um ano. Se voc\u00ea marcar \u201cLembrar-me\u201d, seu cookie de login ser\u00e1 retido por duas semanas. Se voc\u00ea sair da sua conta, o cookie de login ser\u00e1 exclu\u00eddo.<\/p>\n<p>Ao editar ou publicar um artigo, um cookie adicional ser\u00e1 armazenado no seu navegador. Este cookie n\u00e3o inclui quaisquer dados pessoais. Simplesmente indica o ID do artigo que voc\u00ea acabou de modificar. Ele expira ap\u00f3s um dia.<\/p>\n<h3><\/h3>\n<h3>9. CONTE\u00daDO INCORPORADO DE OUTROS SITES<\/h3>\n<p>Os artigos neste site podem incluir conte\u00fado incorporado (por exemplo, v\u00eddeos, imagens, artigos, etc.). O conte\u00fado incorporado de outros sites se comporta da mesma forma como se o visitante acessasse esse outro site.<\/p>\n<p>Esses sites podem coletar dados sobre voc\u00ea, usar cookies, incorporar ferramentas de rastreamento de terceiros e rastrear suas intera\u00e7\u00f5es com esse conte\u00fado incorporado se voc\u00ea tiver uma conta conectada ao site deles.<\/p>\n<h3>10. DURA\u00c7\u00c3O DE ARMAZENAMENTO DOS SEUS DADOS<\/h3>\n<p>Se voc\u00ea deixar um coment\u00e1rio, o coment\u00e1rio e seus metadados ser\u00e3o retidos indefinidamente. Isso permite que os coment\u00e1rios subsequentes sejam reconhecidos e aprovados automaticamente, em vez de deix\u00e1-los na fila de modera\u00e7\u00e3o.<\/p>\n<p>Para os utilizadores que se registam no nosso site (se poss\u00edvel), guardamos tamb\u00e9m os dados pessoais indicados no seu perfil. Todos os usu\u00e1rios podem visualizar, modificar ou excluir suas informa\u00e7\u00f5es pessoais a qualquer momento (exceto seu nome de usu\u00e1rio). Os gerentes de site tamb\u00e9m podem visualizar e modificar essas informa\u00e7\u00f5es.<\/p>\n<h3><\/h3>\n<h3>11. OS DIREITOS QUE VOC\u00ca TEM SOBRE OS SEUS DADOS<\/h3>\n<p>Se voc\u00ea possui uma conta ou deixou coment\u00e1rios no site, pode solicitar o recebimento de um arquivo contendo todos os dados pessoais que temos sobre voc\u00ea, inclusive os que voc\u00ea nos forneceu. Voc\u00ea tamb\u00e9m pode solicitar a exclus\u00e3o dos dados pessoais que lhe dizem respeito. Isto n\u00e3o leva em considera\u00e7\u00e3o os dados armazenados para fins administrativos, legais ou de seguran\u00e7a.<\/p>\n<h3>12. TRANSMISS\u00c3O DOS SEUS DADOS PESSOAIS<\/h3>\n<p>Os coment\u00e1rios dos visitantes podem ser verificados usando um servi\u00e7o automatizado de detec\u00e7\u00e3o de coment\u00e1rios de spam.<\/p>\n<h2><\/h2>\n<\/div>\n<\/div>","protected":false},"excerpt":{"rendered":"<p>Web design SQUID &#8211; www.agencesquid.com 1. INFORMATIONS L\u00c9GALES L\u2019\u00e9diteur du Site est la soci\u00e9t\u00e9 Delta Taxi, immatricul\u00e9e au registre du commerce et des soci\u00e9t\u00e9s de Chamb\u00e9ry et dont le n\u00b0 est 8 843 761 891 Le si\u00e8ge social est situ\u00e9 : 3, rue des Petits&#8230;<\/p>","protected":false},"author":1,"featured_media":0,"parent":0,"menu_order":0,"comment_status":"closed","ping_status":"open","template":"","meta":{"iawp_total_views":48,"footnotes":""},"class_list":["post-3","page","type-page","status-publish","hentry"],"yoast_head":"<!-- This site is optimized with the Yoast SEO plugin v26.9 - https:\/\/yoast.com\/product\/yoast-seo-wordpress\/ -->\n<title>Politique de confidentialit\u00e9 - Delta Taxi<\/title>\n<meta name=\"robots\" content=\"index, follow, max-snippet:-1, max-image-preview:large, max-video-preview:-1\" \/>\n<link rel=\"canonical\" href=\"https:\/\/deltataxi-tignes.com\/pt\/politica-de-privacidade\/\" \/>\n<meta property=\"og:locale\" content=\"pt_BR\" \/>\n<meta property=\"og:type\" content=\"article\" \/>\n<meta property=\"og:title\" content=\"Politique de confidentialit\u00e9 - Delta Taxi\" \/>\n<meta property=\"og:description\" content=\"Web design SQUID &#8211; www.agencesquid.com 1. INFORMATIONS L\u00c9GALES L\u2019\u00e9diteur du Site est la soci\u00e9t\u00e9 Delta Taxi, immatricul\u00e9e au registre du commerce et des soci\u00e9t\u00e9s de Chamb\u00e9ry et dont le n\u00b0 est 8 843 761 891 Le si\u00e8ge social est situ\u00e9 : 3, rue des Petits...\" \/>\n<meta property=\"og:url\" content=\"https:\/\/deltataxi-tignes.com\/pt\/politica-de-privacidade\/\" \/>\n<meta property=\"og:site_name\" content=\"Delta Taxi\" \/>\n<meta property=\"article:modified_time\" content=\"2023-11-09T09:11:54+00:00\" \/>\n<meta name=\"twitter:card\" content=\"summary_large_image\" \/>\n<meta name=\"twitter:label1\" content=\"Est. tempo de leitura\" \/>\n\t<meta name=\"twitter:data1\" content=\"8 minutos\" \/>\n<script type=\"application\/ld+json\" class=\"yoast-schema-graph\">{\"@context\":\"https:\/\/schema.org\",\"@graph\":[{\"@type\":\"WebPage\",\"@id\":\"https:\/\/deltataxi-tignes.com\/politique-de-confidentialite\/\",\"url\":\"https:\/\/deltataxi-tignes.com\/politique-de-confidentialite\/\",\"name\":\"Politique de confidentialit\u00e9 - Delta Taxi\",\"isPartOf\":{\"@id\":\"https:\/\/deltataxi-tignes.com\/#website\"},\"datePublished\":\"2023-10-30T15:31:26+00:00\",\"dateModified\":\"2023-11-09T09:11:54+00:00\",\"breadcrumb\":{\"@id\":\"https:\/\/deltataxi-tignes.com\/politique-de-confidentialite\/#breadcrumb\"},\"inLanguage\":\"pt-BR\",\"potentialAction\":[{\"@type\":\"ReadAction\",\"target\":[\"https:\/\/deltataxi-tignes.com\/politique-de-confidentialite\/\"]}]},{\"@type\":\"BreadcrumbList\",\"@id\":\"https:\/\/deltataxi-tignes.com\/politique-de-confidentialite\/#breadcrumb\",\"itemListElement\":[{\"@type\":\"ListItem\",\"position\":1,\"name\":\"Accueil\",\"item\":\"https:\/\/deltataxi-tignes.com\/\"},{\"@type\":\"ListItem\",\"position\":2,\"name\":\"Politique de confidentialit\u00e9\"}]},{\"@type\":\"WebSite\",\"@id\":\"https:\/\/deltataxi-tignes.com\/#website\",\"url\":\"https:\/\/deltataxi-tignes.com\/\",\"name\":\"Delta Taxi\",\"description\":\"Delta Taxi, voyagez autrement.\",\"publisher\":{\"@id\":\"https:\/\/deltataxi-tignes.com\/#organization\"},\"potentialAction\":[{\"@type\":\"SearchAction\",\"target\":{\"@type\":\"EntryPoint\",\"urlTemplate\":\"https:\/\/deltataxi-tignes.com\/?s={search_term_string}\"},\"query-input\":{\"@type\":\"PropertyValueSpecification\",\"valueRequired\":true,\"valueName\":\"search_term_string\"}}],\"inLanguage\":\"pt-BR\"},{\"@type\":\"Organization\",\"@id\":\"https:\/\/deltataxi-tignes.com\/#organization\",\"name\":\"Delta Taxi\",\"url\":\"https:\/\/deltataxi-tignes.com\/\",\"logo\":{\"@type\":\"ImageObject\",\"inLanguage\":\"pt-BR\",\"@id\":\"https:\/\/deltataxi-tignes.com\/#\/schema\/logo\/image\/\",\"url\":\"https:\/\/deltataxi-tignes.com\/wp-content\/uploads\/2023\/10\/logomobile.png\",\"contentUrl\":\"https:\/\/deltataxi-tignes.com\/wp-content\/uploads\/2023\/10\/logomobile.png\",\"width\":1227,\"height\":219,\"caption\":\"Delta Taxi\"},\"image\":{\"@id\":\"https:\/\/deltataxi-tignes.com\/#\/schema\/logo\/image\/\"}}]}<\/script>\n<!-- \/ Yoast SEO plugin. -->","yoast_head_json":{"title":"Pol\u00edtica de privacidade - Delta T\u00e1xi","robots":{"index":"index","follow":"follow","max-snippet":"max-snippet:-1","max-image-preview":"max-image-preview:large","max-video-preview":"max-video-preview:-1"},"canonical":"https:\/\/deltataxi-tignes.com\/pt\/politica-de-privacidade\/","og_locale":"pt_BR","og_type":"article","og_title":"Politique de confidentialit\u00e9 - Delta Taxi","og_description":"Web design SQUID &#8211; www.agencesquid.com 1. INFORMATIONS L\u00c9GALES L\u2019\u00e9diteur du Site est la soci\u00e9t\u00e9 Delta Taxi, immatricul\u00e9e au registre du commerce et des soci\u00e9t\u00e9s de Chamb\u00e9ry et dont le n\u00b0 est 8 843 761 891 Le si\u00e8ge social est situ\u00e9 : 3, rue des Petits...","og_url":"https:\/\/deltataxi-tignes.com\/pt\/politica-de-privacidade\/","og_site_name":"Delta Taxi","article_modified_time":"2023-11-09T09:11:54+00:00","twitter_card":"summary_large_image","twitter_misc":{"Est. tempo de leitura":"8 minutos"},"schema":{"@context":"https:\/\/schema.org","@graph":[{"@type":"WebPage","@id":"https:\/\/deltataxi-tignes.com\/politique-de-confidentialite\/","url":"https:\/\/deltataxi-tignes.com\/politique-de-confidentialite\/","name":"Pol\u00edtica de privacidade - Delta T\u00e1xi","isPartOf":{"@id":"https:\/\/deltataxi-tignes.com\/#website"},"datePublished":"2023-10-30T15:31:26+00:00","dateModified":"2023-11-09T09:11:54+00:00","breadcrumb":{"@id":"https:\/\/deltataxi-tignes.com\/politique-de-confidentialite\/#breadcrumb"},"inLanguage":"pt-BR","potentialAction":[{"@type":"ReadAction","target":["https:\/\/deltataxi-tignes.com\/politique-de-confidentialite\/"]}]},{"@type":"BreadcrumbList","@id":"https:\/\/deltataxi-tignes.com\/politique-de-confidentialite\/#breadcrumb","itemListElement":[{"@type":"ListItem","position":1,"name":"Accueil","item":"https:\/\/deltataxi-tignes.com\/"},{"@type":"ListItem","position":2,"name":"Politique de confidentialit\u00e9"}]},{"@type":"WebSite","@id":"https:\/\/deltataxi-tignes.com\/#website","url":"https:\/\/deltataxi-tignes.com\/","name":"T\u00e1xi Delta","description":"Delta Taxi, viaje de forma diferente.","publisher":{"@id":"https:\/\/deltataxi-tignes.com\/#organization"},"potentialAction":[{"@type":"SearchAction","target":{"@type":"EntryPoint","urlTemplate":"https:\/\/deltataxi-tignes.com\/?s={search_term_string}"},"query-input":{"@type":"PropertyValueSpecification","valueRequired":true,"valueName":"search_term_string"}}],"inLanguage":"pt-BR"},{"@type":"Organization","@id":"https:\/\/deltataxi-tignes.com\/#organization","name":"T\u00e1xi Delta","url":"https:\/\/deltataxi-tignes.com\/","logo":{"@type":"ImageObject","inLanguage":"pt-BR","@id":"https:\/\/deltataxi-tignes.com\/#\/schema\/logo\/image\/","url":"https:\/\/deltataxi-tignes.com\/wp-content\/uploads\/2023\/10\/logomobile.png","contentUrl":"https:\/\/deltataxi-tignes.com\/wp-content\/uploads\/2023\/10\/logomobile.png","width":1227,"height":219,"caption":"Delta Taxi"},"image":{"@id":"https:\/\/deltataxi-tignes.com\/#\/schema\/logo\/image\/"}}]}},"_links":{"self":[{"href":"https:\/\/deltataxi-tignes.com\/pt\/wp-json\/wp\/v2\/pages\/3","targetHints":{"allow":["GET"]}}],"collection":[{"href":"https:\/\/deltataxi-tignes.com\/pt\/wp-json\/wp\/v2\/pages"}],"about":[{"href":"https:\/\/deltataxi-tignes.com\/pt\/wp-json\/wp\/v2\/types\/page"}],"author":[{"embeddable":true,"href":"https:\/\/deltataxi-tignes.com\/pt\/wp-json\/wp\/v2\/users\/1"}],"replies":[{"embeddable":true,"href":"https:\/\/deltataxi-tignes.com\/pt\/wp-json\/wp\/v2\/comments?post=3"}],"version-history":[{"count":7,"href":"https:\/\/deltataxi-tignes.com\/pt\/wp-json\/wp\/v2\/pages\/3\/revisions"}],"predecessor-version":[{"id":526,"href":"https:\/\/deltataxi-tignes.com\/pt\/wp-json\/wp\/v2\/pages\/3\/revisions\/526"}],"wp:attachment":[{"href":"https:\/\/deltataxi-tignes.com\/pt\/wp-json\/wp\/v2\/media?parent=3"}],"curies":[{"name":"wp","href":"https:\/\/api.w.org\/{rel}","templated":true}]}}