{"id":5,"date":"2016-03-10T12:52:10","date_gmt":"2016-03-10T11:52:10","guid":{"rendered":"http:\/\/bridge17.qodeinteractive.com\/?page_id=5"},"modified":"2026-02-11T14:05:11","modified_gmt":"2026-02-11T13:05:11","slug":"taxi-tignes","status":"publish","type":"page","link":"https:\/\/deltataxi-tignes.com\/pt\/","title":{"rendered":"Bem-vindo"},"content":{"rendered":"<section class=\"wpb-content-wrapper\"><div      class=\"vc_row wpb_row section vc_row-fluid  vc_custom_1699255837413 grid_section\" style=' text-align:left;'><div class=\"section_inner clearfix\"><div class='section_inner_margin clearfix'><div class=\"wpb_column vc_column_container vc_col-sm-12 vc_col-lg-6 vc_col-md-6\"><div class=\"vc_column-inner vc_custom_1457622051161\"><div class=\"wpb_wrapper\"><div class=\"separator  transparent\" style=\"margin-top: 0px;margin-bottom: 49px;height: 0px;\"><\/div>\n\n\t<div class=\"wpb_text_column wpb_content_element\">\n\t\t<div class=\"wpb_wrapper\">\n\t\t\t<h1>Delta Taxi Tignes &#8211; Notre m\u00e9tier<\/h1>\n\n\t\t<\/div> \n\t<\/div> <div class=\"separator  small left\" style=\"\"><\/div>\n\n\t<div class=\"wpb_text_column wpb_content_element\">\n\t\t<div class=\"wpb_wrapper\">\n\t\t\t<h2>Fa\u00e7a voc\u00ea viajar de forma diferente<\/h2>\n\n\t\t<\/div> \n\t<\/div> <div class=\"separator  transparent\" style=\"margin-top: 0px;margin-bottom: 35px;height: 0px;\"><\/div>\n\n\t<div class=\"wpb_text_column wpb_content_element\">\n\t\t<div class=\"wpb_wrapper\">\n\t\t\t<p>H\u00e1 mais de 20 anos, a Delta Taxi, com sede em Tignes, \u00e9 sua parceira de tranquilidade em suas viagens locais de t\u00e1xi ou em suas transfer\u00eancias de esta\u00e7\u00f5es de trem e aeroportos nos Alpes com motorista particular (VTC).<\/p>\n<p>Os nossos confort\u00e1veis e seguros ve\u00edculos Mercedes Classe V, equipados para as condi\u00e7\u00f5es extremas das nossas montanhas, bem como as compet\u00eancias dos nossos motoristas garantem-lhe uma viagem segura. Uma bebida gelada ou um caf\u00e9? temos tudo isso a bordo. Aperte o cinto e tire uma soneca ou converse com nossos motoristas super simp\u00e1ticos e bil\u00edngues com facilidade.<\/p>\n<p>Animais de estima\u00e7\u00e3o s\u00e3o bem-vindos.<\/p>\n\n\t\t<\/div> \n\t<\/div> <div class=\"separator  transparent\" style=\"margin-top: 0px;margin-bottom: 42px;height: 0px;\"><\/div>\n<a  itemprop=\"url\" href=\"https:\/\/deltataxi-tignes.com\/pt\/precos\/\" target=\"_self\" data-hover-background-color='#000000' data-hover-color='#ffffff' class=\"qbutton  medium enlarge\" style=\"color: #ffffff; background-color: #304ffe;\">Pre\u00e7os e destinos<\/a><div class=\"separator  transparent\" style=\"margin-top: 0px;margin-bottom: 72px;height: 0px;\"><\/div>\n<\/div><\/div><\/div><div class=\"wpb_column vc_column_container vc_col-sm-6 vc_col-lg-3 vc_col-md-3\"><div class=\"vc_column-inner\"><div class=\"wpb_wrapper\">\n\t<div class=\"wpb_single_image wpb_content_element vc_align_left\">\n\t\t<div class=\"wpb_wrapper\">\n\t\t\t\n\t\t\t<div class=\"vc_single_image-wrapper   vc_box_border_grey\"><img loading=\"lazy\" decoding=\"async\" width=\"300\" height=\"493\" src=\"https:\/\/deltataxi-tignes.com\/wp-content\/uploads\/2023\/10\/doggy.jpg\" class=\"vc_single_image-img attachment-full\" alt=\"\" title=\"cachorrinho\" srcset=\"https:\/\/deltataxi-tignes.com\/wp-content\/uploads\/2023\/10\/doggy.jpg 300w, https:\/\/deltataxi-tignes.com\/wp-content\/uploads\/2023\/10\/doggy-183x300.jpg 183w\" sizes=\"auto, (max-width: 300px) 100vw, 300px\" \/><\/div>\n\t\t<\/div>\n\t<\/div>\n<div class=\"separator  transparent\" style=\"margin-top: 0px;margin-bottom: 32px;height: 0px;\"><\/div>\n<\/div><\/div><\/div><div class=\"wpb_column vc_column_container vc_col-sm-6 vc_col-lg-3 vc_col-md-3\"><div class=\"vc_column-inner\"><div class=\"wpb_wrapper\">\n\t<div class=\"wpb_single_image wpb_content_element vc_align_left\">\n\t\t<div class=\"wpb_wrapper\">\n\t\t\t\n\t\t\t<div class=\"vc_single_image-wrapper   vc_box_border_grey\"><img loading=\"lazy\" decoding=\"async\" width=\"300\" height=\"493\" src=\"https:\/\/deltataxi-tignes.com\/wp-content\/uploads\/2023\/10\/cafe.jpg\" class=\"vc_single_image-img attachment-full\" alt=\"\" title=\"caf\u00e9\" srcset=\"https:\/\/deltataxi-tignes.com\/wp-content\/uploads\/2023\/10\/cafe.jpg 300w, https:\/\/deltataxi-tignes.com\/wp-content\/uploads\/2023\/10\/cafe-183x300.jpg 183w\" sizes=\"auto, (max-width: 300px) 100vw, 300px\" \/><\/div>\n\t\t<\/div>\n\t<\/div>\n<div class=\"separator  transparent\" style=\"margin-top: 0px;margin-bottom: 72px;height: 0px;\"><\/div>\n<\/div><\/div><\/div><\/div><\/div><\/div><div      class=\"vc_row wpb_row section vc_row-fluid\" style=' text-align:center;'><div class=\"full_section_inner clearfix\"><div class=\"wpb_column vc_column_container vc_col-sm-12\"><div class=\"vc_column-inner\"><div class=\"wpb_wrapper\"><div class='q_elements_holder two_columns responsive_mode_from_768' ><div class='q_elements_item' data-600-768='30%' data-480-600='30%' data-480='30%' data-animation='no' data-item-class='q_elements_holder_custom_362271' style='background-image: url(https:\/\/deltataxi-tignes.com\/wp-content\/uploads\/2023\/10\/Sans-titre-3.jpg);background-position: center;'><div class='q_elements_item_inner'><div class='q_elements_item_content q_elements_holder_custom_362271'><\/div><\/div><\/div><div class='q_elements_item' data-animation='no' data-item-class='q_elements_holder_custom_600139' style='background-color:#0a0a0a;vertical-align:middle;'><div class='q_elements_item_inner'><div class='q_elements_item_content q_elements_holder_custom_600139' style='padding:19.8% 0 15.5%'>\n\t<div class=\"wpb_text_column wpb_content_element\">\n\t\t<div class=\"wpb_wrapper\">\n\t\t\t<h2><span style=\"color: #ffffff;\">Reserve em <\/span><\/h2>\n<h2><span style=\"color: #ffffff;\">+33(0)6 11 45 67 01<\/span><\/h2>\n\n\t\t<\/div> \n\t<\/div> <div class=\"separator  small center\" style=\"background-color: #3b3b3b;\"><\/div>\n<div class=\"separator  normal\" style=\"margin-top: 41px;margin-bottom: 0px;background-color: #304ffe;opacity: 0;height: 0px;\"><\/div>\n<a  itemprop=\"url\" href=\"https:\/\/deltataxi-tignes.com\/pt\/contato-delta-taxi-tignes\/\" target=\"_blank\" data-hover-background-color='#ffffff' data-hover-border-color='#191919' data-hover-color='#000000' class=\"qbutton  medium enlarge\" style=\"color: #ffffff; background-color: #304ffe;\">Uma pergunta ? precisa de um or\u00e7amento?<\/a><\/div><\/div><\/div><\/div><\/div><\/div><\/div><\/div><\/div><div      class=\"vc_row wpb_row section vc_row-fluid  vc_custom_1698772195556 grid_section\" style=' text-align:left;'><div class=\"section_inner clearfix\"><div class='section_inner_margin clearfix'><div class=\"wpb_column vc_column_container vc_col-sm-12 vc_col-lg-6 vc_col-md-6\"><div class=\"vc_column-inner vc_custom_1457621521676\"><div class=\"wpb_wrapper\">\n\t<div class=\"wpb_text_column wpb_content_element\">\n\t\t<div class=\"wpb_wrapper\">\n\t\t\t<h1>Nossa vis\u00e3o<\/h1>\n\n\t\t<\/div> \n\t<\/div> <div class=\"separator  small left\" style=\"\"><\/div>\n\n\t<div class=\"wpb_text_column wpb_content_element\">\n\t\t<div class=\"wpb_wrapper\">\n\t\t\t<h2>O cliente \u00e9 rei<\/h2>\n\n\t\t<\/div> \n\t<\/div> <div class=\"separator  transparent\" style=\"margin-top: 0px;margin-bottom: 35px;height: 0px;\"><\/div>\n\n\t<div class=\"wpb_text_column wpb_content_element\">\n\t\t<div class=\"wpb_wrapper\">\n\t\t\t<p>Sim, existem limites, n\u00e3o existem\u2026<\/p>\n<p>Mais a s\u00e9rio, sabemos que a viagem para as f\u00e9rias nos resorts dos Alpes pode ser estressante e longa. \u00c9 por isso que nos esfor\u00e7amos para cuidar bem de nossos clientes e garantir que sua viagem desde sua esta\u00e7\u00e3o ou aeroporto seja a mais agrad\u00e1vel poss\u00edvel.<\/p>\n\n\t\t<\/div> \n\t<\/div> <div class=\"separator  transparent\" style=\"margin-top: 0px;margin-bottom: 42px;height: 0px;\"><\/div>\n<div class=\"separator  transparent\" style=\"margin-top: 0px;margin-bottom: 72px;height: 0px;\"><\/div>\n<\/div><\/div><\/div><div class=\"wpb_column vc_column_container vc_col-sm-12 vc_col-lg-6 vc_col-md-6\"><div class=\"vc_column-inner\"><div class=\"wpb_wrapper\"><div class=\"separator  transparent\" style=\"margin-top: 0px;margin-bottom: 4px;height: 0px;\"><\/div>\n<div class='q_progress_bar'><h6 class='progress_title_holder clearfix' style='color: #303030;'><span class='progress_title'><span>Sua seguran\u00e7a<\/span><\/span><span class='progress_number' style='color: #000000;font-size: 15px;font-weight: 400;'><span>0<\/span>%<\/span><\/h6><div class='progress_content_outer' style='height: 12px;border-radius: 0px;-moz-border-radius: 0px;-webkit-border-radius: 0px;background-color: #e8e8e8;'><div data-percentage='100' class='progress_content' style='height: 12px;background-color: #304ffe;border: 1px solid #304ffe;'><\/div><\/div><\/div><div class=\"separator  transparent\" style=\"margin-top: 0px;margin-bottom: 53px;height: 0px;\"><\/div>\n<div class='q_progress_bar'><h6 class='progress_title_holder clearfix' style='color: #000000;'><span class='progress_title'><span>Atendimento ao Cliente<\/span><\/span><span class='progress_number' style='color: #303030;font-size: 15px;font-weight: 400;'><span>0<\/span>%<\/span><\/h6><div class='progress_content_outer' style='height: 12px;border-radius: 0px;-moz-border-radius: 0px;-webkit-border-radius: 0px;background-color: #e8e8e8;'><div data-percentage='100' class='progress_content' style='height: 12px;background-color: #304ffe;border: 1px solid #304ffe;'><\/div><\/div><\/div><div class=\"separator  transparent\" style=\"margin-top: 0px;margin-bottom: 53px;height: 0px;\"><\/div>\n<div class='q_progress_bar'><h6 class='progress_title_holder clearfix' style='color: #000000;'><span class='progress_title'><span>Pontualidade<\/span><\/span><span class='progress_number' style='color: #303030;font-size: 15px;font-weight: 400;'><span>0<\/span>%<\/span><\/h6><div class='progress_content_outer' style='height: 12px;border-radius: 0px;-moz-border-radius: 0px;-webkit-border-radius: 0px;background-color: #e8e8e8;'><div data-percentage='100' class='progress_content' style='height: 12px;background-color: #304ffe;border: 1px solid #304ffe;'><\/div><\/div><\/div><div class=\"separator  transparent\" style=\"margin-top: 0px;margin-bottom: 53px;height: 0px;\"><\/div>\n<div class='q_progress_bar'><h6 class='progress_title_holder clearfix' style='color: #000000;'><span class='progress_title'><span>Mau humor<\/span><\/span><span class='progress_number' style='color: #303030;font-size: 15px;font-weight: 400;'><span>0<\/span>%<\/span><\/h6><div class='progress_content_outer' style='height: 12px;border-radius: 0px;-moz-border-radius: 0px;-webkit-border-radius: 0px;background-color: #e8e8e8;'><div data-percentage='0' class='progress_content' style='height: 12px;background-color: #304ffe;border: 1px solid #304ffe;'><\/div><\/div><\/div><div class=\"separator  transparent\" style=\"margin-top: 0px;margin-bottom: 72px;height: 0px;\"><\/div>\n<\/div><\/div><\/div><\/div><\/div><\/div><div      class=\"vc_row wpb_row section vc_row-fluid\" style=' text-align:center;'><div class=\"full_section_inner clearfix\"><div class=\"wpb_column vc_column_container vc_col-sm-12\"><div class=\"vc_column-inner\"><div class=\"wpb_wrapper\"><div class='q_elements_holder two_columns responsive_mode_from_768' ><div class='q_elements_item' data-animation='no' data-item-class='q_elements_holder_custom_844392' style='background-color:#0a0a0a;vertical-align:middle;'><div class='q_elements_item_inner'><div class='q_elements_item_content q_elements_holder_custom_844392' style='padding:19.8% 0 15.5%'>\n\t<div class=\"wpb_text_column wpb_content_element\">\n\t\t<div class=\"wpb_wrapper\">\n\t\t\t<h2><span style=\"color: #ffffff;\">Relaxar<\/span><\/h2>\n\n\t\t<\/div> \n\t<\/div> <div class=\"separator  small center\" style=\"background-color: #3b3b3b;\"><\/div>\n\n\t<div class=\"wpb_text_column wpb_content_element\">\n\t\t<div class=\"wpb_wrapper\">\n\t\t\t<h4><span style=\"color: #ffffff;\">N\u00f3s cuidamos de voc\u00ea<\/span><\/h4>\n\n\t\t<\/div> \n\t<\/div> <div class=\"separator  transparent\" style=\"margin-top: 41px;margin-bottom: 0px;height: 0px;\"><\/div>\n<\/div><\/div><\/div><div class='q_elements_item' data-600-768='30%' data-480-600='30%' data-480='30%' data-animation='no' data-item-class='q_elements_holder_custom_552075' style='background-image: url(https:\/\/deltataxi-tignes.com\/wp-content\/uploads\/2023\/10\/relaxing.jpg);background-position: center;'><div class='q_elements_item_inner'><div class='q_elements_item_content q_elements_holder_custom_552075'><\/div><\/div><\/div><\/div><\/div><\/div><\/div><\/div><\/div><div      class=\"vc_row wpb_row section vc_row-fluid  vc_custom_1698757768843 grid_section\" style=' text-align:center;'><div class=\"section_inner clearfix\"><div class='section_inner_margin clearfix'><div class=\"wpb_column vc_column_container vc_col-sm-8 vc_col-lg-offset-4 vc_col-lg-4 vc_col-md-offset-3 vc_col-md-6 vc_col-sm-offset-2 vc_col-xs-12\"><div class=\"vc_column-inner\"><div class=\"wpb_wrapper\">\n\t<div class=\"wpb_text_column wpb_content_element\">\n\t\t<div class=\"wpb_wrapper\">\n\t\t\t<h2>Viaje com Delta T\u00e1xi<\/h2>\n\n\t\t<\/div> \n\t<\/div> <div class=\"separator  small center\" style=\"\"><\/div>\n\n\t<div class=\"wpb_text_column wpb_content_element\">\n\t\t<div class=\"wpb_wrapper\">\n\t\t\t<h4>S\u00f3 porque somos legais... e legais... e gentis.<\/h4>\n\n\t\t<\/div> \n\t<\/div> <div class=\"separator  transparent\" style=\"margin-top: 52px;margin-bottom: 0px;height: 0px;\"><\/div>\n<\/div><\/div><\/div><\/div><\/div><\/div>\n<\/section>","protected":false},"excerpt":{"rendered":"Delta Taxi Tignes - Notre m\u00e9tier Vous faire voyager autrement Depuis plus de 20 ans, Delta Taxi, bas\u00e9e \u00e0 Tignes est votre partenaire s\u00e9r\u00e9nit\u00e9 pour vos d\u00e9placements locaux en taxi ou vos transferts depuis les gares et a\u00e9roports des Alpes avec chauffeur priv\u00e9 (VTC). Nos...","protected":false},"author":1,"featured_media":0,"parent":0,"menu_order":0,"comment_status":"closed","ping_status":"closed","template":"full_width.php","meta":{"iawp_total_views":2251,"footnotes":""},"class_list":["post-5","page","type-page","status-publish","hentry"],"yoast_head":"<!-- This site is optimized with the Yoast SEO plugin v26.9 - https:\/\/yoast.com\/product\/yoast-seo-wordpress\/ -->\n<title>Taxi Tignes - Delta Taxi Tignes. Taxi \u00e0 Tignes. VTC \u00e0 Tignes.<\/title>\n<meta name=\"description\" content=\"Taxi Tignes. VTC Tignes. Delta taxi \u00e0 Tignes pour vos transferts gares et a\u00e9roports Gen\u00e8ve, Lyon, Chamb\u00e9ry, chauffeurs priv\u00e9s. 06 11 45 67 01\" \/>\n<meta name=\"robots\" content=\"index, follow, max-snippet:-1, max-image-preview:large, max-video-preview:-1\" \/>\n<link rel=\"canonical\" href=\"https:\/\/deltataxi-tignes.com\/pt\/\" \/>\n<meta property=\"og:locale\" content=\"pt_BR\" \/>\n<meta property=\"og:type\" content=\"article\" \/>\n<meta property=\"og:title\" content=\"Taxi Tignes - Delta Taxi Tignes. Taxi \u00e0 Tignes. VTC \u00e0 Tignes.\" \/>\n<meta property=\"og:description\" content=\"Taxi Tignes. VTC Tignes. Delta taxi \u00e0 Tignes pour vos transferts gares et a\u00e9roports Gen\u00e8ve, Lyon, Chamb\u00e9ry, chauffeurs priv\u00e9s. 06 11 45 67 01\" \/>\n<meta property=\"og:url\" content=\"https:\/\/deltataxi-tignes.com\/pt\/\" \/>\n<meta property=\"og:site_name\" content=\"Delta Taxi\" \/>\n<meta property=\"article:modified_time\" content=\"2026-02-11T13:05:11+00:00\" \/>\n<meta name=\"twitter:card\" content=\"summary_large_image\" \/>\n<meta name=\"twitter:label1\" content=\"Est. tempo de leitura\" \/>\n\t<meta name=\"twitter:data1\" content=\"4 minutos\" \/>\n<script type=\"application\/ld+json\" class=\"yoast-schema-graph\">{\"@context\":\"https:\/\/schema.org\",\"@graph\":[{\"@type\":\"WebPage\",\"@id\":\"https:\/\/deltataxi-tignes.com\/\",\"url\":\"https:\/\/deltataxi-tignes.com\/\",\"name\":\"Taxi Tignes - Delta Taxi Tignes. Taxi \u00e0 Tignes. VTC \u00e0 Tignes.\",\"isPartOf\":{\"@id\":\"https:\/\/deltataxi-tignes.com\/#website\"},\"datePublished\":\"2016-03-10T11:52:10+00:00\",\"dateModified\":\"2026-02-11T13:05:11+00:00\",\"description\":\"Taxi Tignes. VTC Tignes. Delta taxi \u00e0 Tignes pour vos transferts gares et a\u00e9roports Gen\u00e8ve, Lyon, Chamb\u00e9ry, chauffeurs priv\u00e9s. 06 11 45 67 01\",\"breadcrumb\":{\"@id\":\"https:\/\/deltataxi-tignes.com\/#breadcrumb\"},\"inLanguage\":\"pt-BR\",\"potentialAction\":[{\"@type\":\"ReadAction\",\"target\":[\"https:\/\/deltataxi-tignes.com\/\"]}]},{\"@type\":\"BreadcrumbList\",\"@id\":\"https:\/\/deltataxi-tignes.com\/#breadcrumb\",\"itemListElement\":[{\"@type\":\"ListItem\",\"position\":1,\"name\":\"Accueil\",\"item\":\"https:\/\/deltataxi-tignes.com\/\"},{\"@type\":\"ListItem\",\"position\":2,\"name\":\"Accueil\"}]},{\"@type\":\"WebSite\",\"@id\":\"https:\/\/deltataxi-tignes.com\/#website\",\"url\":\"https:\/\/deltataxi-tignes.com\/\",\"name\":\"Delta Taxi\",\"description\":\"Delta Taxi, voyagez autrement.\",\"publisher\":{\"@id\":\"https:\/\/deltataxi-tignes.com\/#organization\"},\"potentialAction\":[{\"@type\":\"SearchAction\",\"target\":{\"@type\":\"EntryPoint\",\"urlTemplate\":\"https:\/\/deltataxi-tignes.com\/?s={search_term_string}\"},\"query-input\":{\"@type\":\"PropertyValueSpecification\",\"valueRequired\":true,\"valueName\":\"search_term_string\"}}],\"inLanguage\":\"pt-BR\"},{\"@type\":\"Organization\",\"@id\":\"https:\/\/deltataxi-tignes.com\/#organization\",\"name\":\"Delta Taxi\",\"url\":\"https:\/\/deltataxi-tignes.com\/\",\"logo\":{\"@type\":\"ImageObject\",\"inLanguage\":\"pt-BR\",\"@id\":\"https:\/\/deltataxi-tignes.com\/#\/schema\/logo\/image\/\",\"url\":\"https:\/\/deltataxi-tignes.com\/wp-content\/uploads\/2023\/10\/logomobile.png\",\"contentUrl\":\"https:\/\/deltataxi-tignes.com\/wp-content\/uploads\/2023\/10\/logomobile.png\",\"width\":1227,\"height\":219,\"caption\":\"Delta Taxi\"},\"image\":{\"@id\":\"https:\/\/deltataxi-tignes.com\/#\/schema\/logo\/image\/\"}}]}<\/script>\n<!-- \/ Yoast SEO plugin. -->","yoast_head_json":{"title":"Taxi Tignes - Delta Taxi Tignes. Taxi \u00e0 Tignes. VTC \u00e0 Tignes.","description":"Taxi Tignes. VTC Tignes. Delta taxi \u00e0 Tignes pour vos transferts gares et a\u00e9roports Gen\u00e8ve, Lyon, Chamb\u00e9ry, chauffeurs priv\u00e9s. 06 11 45 67 01","robots":{"index":"index","follow":"follow","max-snippet":"max-snippet:-1","max-image-preview":"max-image-preview:large","max-video-preview":"max-video-preview:-1"},"canonical":"https:\/\/deltataxi-tignes.com\/pt\/","og_locale":"pt_BR","og_type":"article","og_title":"Taxi Tignes - Delta Taxi Tignes. Taxi \u00e0 Tignes. VTC \u00e0 Tignes.","og_description":"Taxi Tignes. VTC Tignes. Delta taxi \u00e0 Tignes pour vos transferts gares et a\u00e9roports Gen\u00e8ve, Lyon, Chamb\u00e9ry, chauffeurs priv\u00e9s. 06 11 45 67 01","og_url":"https:\/\/deltataxi-tignes.com\/pt\/","og_site_name":"Delta Taxi","article_modified_time":"2026-02-11T13:05:11+00:00","twitter_card":"summary_large_image","twitter_misc":{"Est. tempo de leitura":"4 minutos"},"schema":{"@context":"https:\/\/schema.org","@graph":[{"@type":"WebPage","@id":"https:\/\/deltataxi-tignes.com\/","url":"https:\/\/deltataxi-tignes.com\/","name":"Taxi Tignes - Delta Taxi Tignes. Taxi \u00e0 Tignes. VTC \u00e0 Tignes.","isPartOf":{"@id":"https:\/\/deltataxi-tignes.com\/#website"},"datePublished":"2016-03-10T11:52:10+00:00","dateModified":"2026-02-11T13:05:11+00:00","description":"Taxi Tignes. VTC Tignes. Delta taxi \u00e0 Tignes pour vos transferts gares et a\u00e9roports Gen\u00e8ve, Lyon, Chamb\u00e9ry, chauffeurs priv\u00e9s. 06 11 45 67 01","breadcrumb":{"@id":"https:\/\/deltataxi-tignes.com\/#breadcrumb"},"inLanguage":"pt-BR","potentialAction":[{"@type":"ReadAction","target":["https:\/\/deltataxi-tignes.com\/"]}]},{"@type":"BreadcrumbList","@id":"https:\/\/deltataxi-tignes.com\/#breadcrumb","itemListElement":[{"@type":"ListItem","position":1,"name":"Accueil","item":"https:\/\/deltataxi-tignes.com\/"},{"@type":"ListItem","position":2,"name":"Accueil"}]},{"@type":"WebSite","@id":"https:\/\/deltataxi-tignes.com\/#website","url":"https:\/\/deltataxi-tignes.com\/","name":"T\u00e1xi Delta","description":"Delta Taxi, viaje de forma diferente.","publisher":{"@id":"https:\/\/deltataxi-tignes.com\/#organization"},"potentialAction":[{"@type":"SearchAction","target":{"@type":"EntryPoint","urlTemplate":"https:\/\/deltataxi-tignes.com\/?s={search_term_string}"},"query-input":{"@type":"PropertyValueSpecification","valueRequired":true,"valueName":"search_term_string"}}],"inLanguage":"pt-BR"},{"@type":"Organization","@id":"https:\/\/deltataxi-tignes.com\/#organization","name":"T\u00e1xi Delta","url":"https:\/\/deltataxi-tignes.com\/","logo":{"@type":"ImageObject","inLanguage":"pt-BR","@id":"https:\/\/deltataxi-tignes.com\/#\/schema\/logo\/image\/","url":"https:\/\/deltataxi-tignes.com\/wp-content\/uploads\/2023\/10\/logomobile.png","contentUrl":"https:\/\/deltataxi-tignes.com\/wp-content\/uploads\/2023\/10\/logomobile.png","width":1227,"height":219,"caption":"Delta Taxi"},"image":{"@id":"https:\/\/deltataxi-tignes.com\/#\/schema\/logo\/image\/"}}]}},"_links":{"self":[{"href":"https:\/\/deltataxi-tignes.com\/pt\/wp-json\/wp\/v2\/pages\/5","targetHints":{"allow":["GET"]}}],"collection":[{"href":"https:\/\/deltataxi-tignes.com\/pt\/wp-json\/wp\/v2\/pages"}],"about":[{"href":"https:\/\/deltataxi-tignes.com\/pt\/wp-json\/wp\/v2\/types\/page"}],"author":[{"embeddable":true,"href":"https:\/\/deltataxi-tignes.com\/pt\/wp-json\/wp\/v2\/users\/1"}],"replies":[{"embeddable":true,"href":"https:\/\/deltataxi-tignes.com\/pt\/wp-json\/wp\/v2\/comments?post=5"}],"version-history":[{"count":38,"href":"https:\/\/deltataxi-tignes.com\/pt\/wp-json\/wp\/v2\/pages\/5\/revisions"}],"predecessor-version":[{"id":576,"href":"https:\/\/deltataxi-tignes.com\/pt\/wp-json\/wp\/v2\/pages\/5\/revisions\/576"}],"wp:attachment":[{"href":"https:\/\/deltataxi-tignes.com\/pt\/wp-json\/wp\/v2\/media?parent=5"}],"curies":[{"name":"wp","href":"https:\/\/api.w.org\/{rel}","templated":true}]}}