{"id":3,"date":"2023-10-30T16:31:26","date_gmt":"2023-10-30T15:31:26","guid":{"rendered":"http:\/\/deltataxi-tignes.com\/?page_id=3"},"modified":"2023-11-09T10:11:54","modified_gmt":"2023-11-09T09:11:54","slug":"politique-de-confidentialite","status":"publish","type":"page","link":"https:\/\/deltataxi-tignes.com\/zh\/\u9690\u79c1\u653f\u7b56\/","title":{"rendered":"\u9690\u79c1\u653f\u7b56"},"content":{"rendered":"<div class=\"title_outer title_without_animation\" data-height=\"380\">\n<div class=\"title title_size_large position_left\">\n<div class=\"title_holder\">\n<div class=\"container\">\n<div class=\"container_inner clearfix\">\n<div class=\"title_subtitle_holder\">\n<div class=\"title_subtitle_holder_inner\">\n<h3 class=\"titre\">\u7f51\u9875\u8bbe\u8ba1<\/h3>\n<h3 class=\"titre\">SQUID \u2013 www.agencysquid.com<\/h3>\n<\/div>\n<\/div>\n<\/div>\n<\/div>\n<\/div>\n<\/div>\n<\/div>\n<div class=\"container\">\n<div class=\"container_inner default_template_holder clearfix page_container_inner\">\n<h3 class=\"titre\">1. \u6cd5\u5f8b\u4fe1\u606f<\/h3>\n<p>\u672c\u7f51\u7ad9\u7684\u53d1\u5e03\u8005\u662f Delta Taxi \u516c\u53f8\uff0c\u5728\u5c1a\u8d1d\u91cc\u8d38\u6613\u548c\u516c\u53f8\u6ce8\u518c\u5904\u6ce8\u518c\uff0c\u5176\u53f7\u7801\u4e3a 8 843 761 891<br \/>\n\u603b\u90e8\u5730\u5740\uff1a3, rue des Petits Vergers<br \/>\n73700 \u585e\u5179<br \/>\n\u7535\u8bdd\uff1a06 11 45 67 01<br \/>\n\u7535\u5b50\u90ae\u4ef6\uff1acontact@deltataxi-tignes.com<br \/>\n\u51fa\u7248\u603b\u76d1\uff1aNo\u00ebl Core<\/p>\n<h3><\/h3>\n<h3 class=\"titre\">2. \u7f51\u7ad9\u6258\u7ba1<\/h3>\n<p>deltataxi-tignes.com \u7f51\u7ad9\u7531 OVH, SAS \u516c\u53f8\u6258\u7ba1\uff0c\u8d44\u672c\u4e3a 10,000,000 \u6b27\u5143\uff0c\u5728 Roubaix-Tourcoing \u7684 RCS \u6ce8\u518c\uff0c\u6ce8\u518c\u53f7\u4e3a 424 761 419 00045\u3002<br \/>\n\u603b\u90e8\uff1a2 rue Kellerman 59100 Roubaix France<\/p>\n<h3><\/h3>\n<h3 class=\"titre\">3. \u77e5\u8bc6\u4ea7\u6743<\/h3>\n<p>\u672c\u7f51\u7ad9\u53ca\u5176\u6240\u6709\u5185\u5bb9\uff08\u7279\u522b\u662f\u5546\u4e1a\u54c1\u724c\u3001\u5fbd\u6807\u3001\u672c\u7f51\u7ad9\u7684\u4efb\u4f55\u56fe\u5f62\u3001\u6587\u672c\u548c\u8ba1\u7b97\u673a\u5143\u7d20\uff0c\u7279\u522b\u5305\u62ec\u6811\u6728\u3001\u5e03\u5c40\u3001\u6587\u7ae0\u3001\u6f14\u793a\u6587\u7a3f\u3001\u63d2\u56fe\u3001\u7167\u7247\u548c\/\u6216\u4efb\u4f55\u5176\u4ed6\u6587\u6863\uff09\u5747\u53d7\u5230\u4fdd\u62a4\u53d7\u6cd5\u56fd\u548c\u56fd\u9645\u7248\u6743\u548c\u77e5\u8bc6\u4ea7\u6743\u6cd5\u7684\u7ea6\u675f\u3002<br \/>\n\u4e0d\u80fd\u505a\u51fa\u6709\u5229\u4e8e\u4f7f\u7528\u8bb8\u53ef\u6216\u4f7f\u7528\u8fd9\u4e9b\u5143\u7d20\u7684\u4efb\u4f55\u6743\u5229\u7684\u89e3\u91ca\u3002<br \/>\n\u56e0\u6b64\uff0c\u7981\u6b62\u5bf9\u5176\u8fdb\u884c\u90e8\u5206\u6216\u5168\u90e8\u518d\u73b0\u3001\u590d\u5236\u3001\u5d4c\u5957\u3001\u5e7f\u64ad\u548c\u91cd\u64ad\uff08\u300a\u77e5\u8bc6\u4ea7\u6743\u6cd5\u300b\u7b2c L. 122-4 \u6761\uff09\u3002\u4efb\u4f55\u4eba\u5982\u679c\u65e0\u6cd5\u8bc1\u660e\u5df2\u83b7\u5f97\u8fd9\u4e9b\u6743\u5229\u6301\u6709\u4eba\u7684\u4e8b\u5148\u660e\u786e\u6388\u6743\uff0c\u5219\u5c06\u53d7\u5230\u4e0e\u5047\u5192\u72af\u7f6a\u76f8\u5173\u7684\u5904\u7f5a\uff08\u300a\u77e5\u8bc6\u4ea7\u6743\u6cd5\u300b\u7b2c L. 335-2 \u6761\u53ca\u4ee5\u4e0b\u6761\u6b3e\uff09\u3002\u8fbe\u7f8e\u51fa\u79df\u8f66\u53ef\u4ee5\u4f9d\u9760\u5176\u6743\u5229\uff0c\u7279\u522b\u662f\u77e5\u8bc6\u4ea7\u6743\uff0c\u63d0\u8d77\u5211\u4e8b\u8bc9\u8bbc\u3002<br \/>\n\u8fbe\u7f8e\u51fa\u79df\u8f66\u4fdd\u7559\u968f\u65f6\u6539\u8fdb\u6216\u4fee\u6539\u7f51\u7ad9\u4e0a\u63cf\u8ff0\u7684\u4fe1\u606f\u3001\u4ea7\u54c1\u3001\u7a0b\u5e8f\u6216\u4f7f\u7528\u6761\u4ef6\u7684\u6743\u5229\uff0c\u4e14\u4e0d\u627f\u62c5\u7531\u6b64\u4ea7\u751f\u7684\u8d23\u4efb\u3002\u9002\u7528\u7684\u6761\u4ef6\u548c\u901a\u77e5\u5c06\u5728\u60a8\u8fde\u63a5\u5230\u672c\u7f51\u7ad9\u4e4b\u65e5\u751f\u6548\u3002<\/p>\n<div><\/div>\n<h3 class=\"titre\">4. \u8d85\u6587\u672c\u94fe\u63a5<\/h3>\n<p>\u901a\u8fc7\u4e0e\u5176\u4ed6\u7f51\u7ad9\u5efa\u7acb\u7684\u8d85\u6587\u672c\u94fe\u63a5\u91cd\u5b9a\u5411\u5230\u7b2c\u4e09\u65b9\u7f51\u7ad9\u7684\u7528\u6237\u627f\u8ba4\u8fbe\u7f8e\u51fa\u79df\u8f66\u4e0d\u63a7\u5236\u8fd9\u4e9b\u7f51\u7ad9\u4e0a\u63d0\u4f9b\u7684\u5185\u5bb9\u3001\u4fe1\u606f\u3001\u4ea7\u54c1\u548c\u670d\u52a1\u3002\u56e0\u6b64\uff0c\u8fbe\u7f8e\u51fa\u79df\u8f66\u5728\u4efb\u4f55\u60c5\u51b5\u4e0b\u5747\u4e0d\u5bf9\u56e0\u4f7f\u7528\u901a\u8fc7\u8d85\u6587\u672c\u94fe\u63a5\u8bbf\u95ee\u7684\u7f51\u7ad9\u800c\u53ef\u80fd\u9020\u6210\u7684\u76f4\u63a5\u6216\u95f4\u63a5\u635f\u5bb3\u627f\u62c5\u8d23\u4efb\u3002<br \/>\n\u8fbe\u7f8e\u51fa\u79df\u8f66\u4e5f\u4e0d\u5bf9\u6307\u5411\u672c\u7f51\u7ad9\u7684\u8d85\u6587\u672c\u94fe\u63a5\u8d1f\u8d23\u3002<br \/>\n\u4efb\u4f55\u5e0c\u671b\u5efa\u7acb\u6307\u5411\u672c\u7f51\u7ad9\u7684\u8d85\u6587\u672c\u94fe\u63a5\u7684\u4eba\u5fc5\u987b\u4e8b\u5148\u83b7\u5f97\u8fbe\u7f8e\u51fa\u79df\u8f66\u7684\u4e66\u9762\u6388\u6743\u3002<\/p>\n<h3 class=\"titre\">5. \u4fdd\u8bc1\u9650\u5236<\/h3>\n<p>\u8fbe\u7f8e\u51fa\u79df\u8f66\u63d0\u9192\u4e92\u8054\u7f51\u7528\u6237\u4e92\u8054\u7f51\u7f51\u7edc\u7684\u7279\u70b9\u548c\u9650\u5236\u3002\u5bf9\u4e8e\u56e0\u8bbf\u95ee\u672c\u7f51\u7ad9\u6216\u76f8\u53cd\u56e0\u65e0\u6cd5\u8bbf\u95ee\u672c\u7f51\u7ad9\u800c\u9020\u6210\u7684\u4efb\u4f55\u635f\u5bb3\uff0c\u8fbe\u7f8e\u51fa\u79df\u8f66\u4e0d\u627f\u62c5\u4efb\u4f55\u8d23\u4efb\u3002\u5728\u4efb\u4f55\u60c5\u51b5\u4e0b\uff0c\u8fbe\u7f8e\u51fa\u79df\u8f66\u5747\u4e0d\u5bf9\u56e0\u4efb\u4f55\u539f\u56e0\uff08\u6280\u672f\u6545\u969c\u3001\u7f51\u7edc\u62e5\u585e\u7b49\uff09\u5bfc\u81f4\u7f51\u7ad9\u65e0\u6cd5\u4f7f\u7528\u800c\u627f\u62c5\u8d23\u4efb\u3002<br \/>\n\u7528\u6237\u660e\u786e\u627f\u8ba4\u4f7f\u7528\u672c\u7f51\u7ad9\u7684\u98ce\u9669\u7531\u5176\u81ea\u884c\u627f\u62c5\u5e76\u627f\u62c5\u5168\u90e8\u8d23\u4efb\u3002\u5bf9\u4e8e\u5bf9\u7528\u6237\u3001\u5176\u8ba1\u7b97\u673a\u6216\u7535\u4fe1\u8bbe\u5907\u3001\u5176\u4e2d\u5b58\u50a8\u7684\u6570\u636e\u9020\u6210\u7684\u4efb\u4f55\u76f4\u63a5\u6216\u95f4\u63a5\u3001\u7269\u8d28\u6216\u975e\u7269\u8d28\u635f\u5bb3\u4ee5\u53ca\u7531\u6b64\u53ef\u80fd\u5bf9\u4ed6\u4eec\u7684\u4e2a\u4eba\u3001\u4e13\u4e1a\u6216\u5546\u4e1a\u6d3b\u52a8\u9020\u6210\u7684\u540e\u679c\uff0c\u8fbe\u7f8e\u51fa\u79df\u8f66\u4e0d\u627f\u62c5\u4efb\u4f55\u8d23\u4efb\u3002<br \/>\n\u7f51\u7ad9\u4e0a\u7684\u4fe1\u606f\u4ec5\u4f9b\u53c2\u8003\u3002\u672c\u7f51\u7ad9\u4e0a\u53d1\u5e03\u7684\u4fe1\u606f\u4f1a\u5b9a\u671f\u66f4\u65b0\u548c\u68c0\u67e5\uff0c\u4f46\u4ecd\u53ef\u80fd\u5305\u542b\u9519\u8bef\u3002\u5728\u4efb\u4f55\u60c5\u51b5\u4e0b\uff0c\u8fd9\u4e9b\u4fe1\u606f\u90fd\u5fc5\u987b\u5728\u5176\u53d1\u5e03\u5230\u7f51\u4e0a\u65f6\u4e88\u4ee5\u8003\u8651\uff0c\u800c\u4e0d\u662f\u5728\u8bbf\u95ee\u672c\u7f51\u7ad9\u65f6\u4e88\u4ee5\u8003\u8651\uff08\u8be5\u6570\u636e\u53ef\u80fd\u5728\u60a8\u4e0b\u8f7d\u8be5\u6570\u636e\u65f6\u4e0e\u60a8\u4e86\u89e3\u8be5\u6570\u636e\u65f6\u4e4b\u95f4\u5df2\u66f4\u65b0\uff09\u3002\u65e0\u8bba\u5982\u4f55\uff0c\u8fbe\u7f8e\u51fa\u79df\u8f66\u5747\u4e0d\u4f1a\u56e0\u6b64\u4fe1\u606f\u800c\u627f\u62c5\u8d23\u4efb\u3002<\/p>\n<h3 class=\"titre\">6. \u672c\u7f51\u7ad9\u7684\u4f7f\u7528<\/h3>\n<p>\u8fbe\u7f8e\u51fa\u79df\u8f66\u63d0\u4f9b\u8be5\u7f51\u7ad9\u4e3b\u8981\u4f9b\u5176\u5ba2\u6237\u4ee5\u53ca\u4efb\u4f55\u5e0c\u671b\u4e86\u89e3\u548c\u8d2d\u4e70\u5176\u4ea7\u54c1\u548c\u670d\u52a1\u7684\u4eba\u4f7f\u7528\u3002<br \/>\n\u5f53\u60a8\u8fde\u63a5\u5230\u7f51\u7ad9\u65f6\uff1a<br \/>\n\u2013 \u60a8\u627f\u8bfa\u5c0a\u91cd\u8fd9\u4e9b\u901a\u77e5\u4ee5\u53ca\u66f4\u5e7f\u6cdb\u7684\u9002\u7528\u6cd5\u5f8b\uff0c<br \/>\n\u2013 \u60a8\u4e0d\u5f97\u6536\u96c6\u6216\u6ee5\u7528\u4efb\u4f55\u4fe1\u606f\uff0c\u7279\u522b\u662f\u60a8\u53ef\u80fd\u8bbf\u95ee\u7684\u4e2a\u4eba\u4fe1\u606f\uff0c\u5e76\u4e14\u4e00\u822c\u800c\u8a00\uff0c\u60a8\u4e0d\u5f97\u91c7\u53d6\u4efb\u4f55\u53ef\u80fd\u635f\u5bb3\u7b2c\u4e09\u65b9\u7684\u884c\u4e3a\u3002<br \/>\n\u5f53\u60a8\u586b\u5199\u8868\u683c\u5e76\u63d0\u4f9b\u4fe1\u606f\u65f6\uff0c\u60a8\u540c\u610f\uff1a<br \/>\n\u2013 \u5728\u5165\u5883\u65f6\u63d0\u4f9b\u771f\u5b9e\u3001\u51c6\u786e\u3001\u6700\u65b0\u7684\u4fe1\u606f\uff0c\u7279\u522b\u662f\u4e0d\u5f97\u4f7f\u7528\u865a\u5047\u7684\u59d3\u540d\u3001\u804c\u4f4d\u6216\u5730\u5740\uff0c\u6216\u672a\u7ecf\u6388\u6743\u7684\u59d3\u540d\u3001\u804c\u4f4d\u6216\u5730\u5740\uff0c<br \/>\n\u2013 \u4fdd\u6301\u6ce8\u518c\u6570\u636e\u6700\u65b0\uff0c\u4ee5\u6c38\u4e45\u4fdd\u8bc1\u5176\u771f\u5b9e\u6027\u548c\u51c6\u786e\u6027\uff0c<br \/>\n\u2013 \u4e0d\u63d0\u4f9b\u6216\u5206\u53d1\u975e\u6cd5\u3001\u4ee4\u4eba\u53cd\u611f\u6216\u6709\u5bb3\u7684\u4fe1\u606f\u3001\u7a0b\u5e8f\u6216\u5143\u7d20\uff08\u4f8b\u5982\u75c5\u6bd2\u3001\u9ed1\u5ba2\u6216\u590d\u5236\u8f6f\u4ef6\uff09\u3002<br \/>\n\u2013 \u4e0d\u4f20\u64ad\u8bfd\u8c24\u3001\u6deb\u79fd\u3001\u66b4\u529b\u3001\u79cd\u65cf\u4e3b\u4e49\u6027\u8d28\u4ee5\u53ca\u66f4\u666e\u904d\u8fdd\u53cd\u73b0\u884c\u6cd5\u5f8b\u6cd5\u89c4\u3001\u4e2a\u4eba\u6743\u5229\u548c\u826f\u597d\u9053\u5fb7\u7684\u8bc4\u8bba\u3001\u610f\u89c1\u6216\u4fe1\u606f\u3002<br \/>\n\u5982\u679c\u8fdd\u53cd\u8fd9\u4e9b\u89c4\u5b9a\uff0c\u8fbe\u7f8e\u51fa\u79df\u8f66\u4fdd\u7559\u81ea\u884c\u51b3\u5b9a\u7981\u6b62\u60a8\u8bbf\u95ee\u672c\u7f51\u7ad9\u6216\u6240\u63d0\u4f9b\u670d\u52a1\u7684\u6743\u5229\uff0c\u4e14\u4e0d\u5f71\u54cd\u4efb\u4f55\u8d23\u4efb\u8bc9\u8bbc\u3002<\/p>\n<p>\u6536\u96c6\u7684\u4e2a\u4eba\u6570\u636e\u7684\u4f7f\u7528<\/p>\n<h3><\/h3>\n<h3>7. \u8bc4\u8bba<\/h3>\n<p>\u5f53\u60a8\u5728\u6211\u4eec\u7684\u7f51\u7ad9\u4e0a\u53d1\u8868\u8bc4\u8bba\u65f6\uff0c\u6211\u4eec\u4f1a\u6536\u96c6\u8bc4\u8bba\u8868\u5355\u4e2d\u8f93\u5165\u7684\u6570\u636e\u4ee5\u53ca\u60a8\u7684 IP \u5730\u5740\u548c\u6d4f\u89c8\u5668\u7684\u7528\u6237\u4ee3\u7406\uff0c\u4ee5\u5e2e\u52a9\u6211\u4eec\u68c0\u6d4b\u4e0d\u9700\u8981\u7684\u8bc4\u8bba\u3002<\/p>\n<p>\u6839\u636e\u60a8\u7684\u7535\u5b50\u90ae\u4ef6\u5730\u5740\u521b\u5efa\u7684\u533f\u540d\u5b57\u7b26\u4e32\uff08\u4e5f\u79f0\u4e3a\u54c8\u5e0c\uff09\u53ef\u80fd\u4f1a\u53d1\u9001\u5230 Gravatar \u670d\u52a1\uff0c\u4ee5\u68c0\u67e5\u60a8\u662f\u5426\u6b63\u5728\u4f7f\u7528\u5b83\u3002 Gravatar \u670d\u52a1\u7684\u4fdd\u5bc6\u6761\u6b3e\u53ef\u5728\u6b64\u5904\u67e5\u770b\uff1ahttps:\/\/automattic.com\/privacy\/\u3002\u9a8c\u8bc1\u60a8\u7684\u8bc4\u8bba\u540e\uff0c\u60a8\u7684\u4e2a\u4eba\u8d44\u6599\u7167\u7247\u5c06\u5728\u60a8\u7684\u8bc4\u8bba\u65c1\u8fb9\u516c\u5f00\u53ef\u89c1\u30028.\u5a92\u4f53<\/p>\n<p>\u5982\u679c\u60a8\u662f\u6ce8\u518c\u7528\u6237\u5e76\u5411\u7f51\u7ad9\u4e0a\u4f20\u56fe\u50cf\uff0c\u6211\u4eec\u5efa\u8bae\u60a8\u907f\u514d\u4e0a\u4f20\u5305\u542b EXIF GPS \u5750\u6807\u6570\u636e\u7684\u56fe\u50cf\u3002\u60a8\u7f51\u7ad9\u7684\u8bbf\u95ee\u8005\u53ef\u4ee5\u4ece\u8fd9\u4e9b\u56fe\u50cf\u4e2d\u4e0b\u8f7d\u5e76\u63d0\u53d6\u4f4d\u7f6e\u6570\u636e\u3002<\/p>\n<h3><\/h3>\n<h3>8. \u997c\u5e72<\/h3>\n<p>\u5982\u679c\u60a8\u5728\u6211\u4eec\u7684\u7f51\u7ad9\u4e0a\u7559\u4e0b\u8bc4\u8bba\uff0c\u60a8\u53ef\u4ee5\u5728 cookie \u4e2d\u4fdd\u5b58\u60a8\u7684\u59d3\u540d\u3001\u7535\u5b50\u90ae\u4ef6\u5730\u5740\u548c\u7f51\u7ad9\u3002\u8fd9\u53ea\u662f\u4e3a\u4e86\u60a8\u7684\u65b9\u4fbf\uff0c\u4ee5\u4fbf\u60a8\u4ee5\u540e\u53d1\u8868\u5176\u4ed6\u8bc4\u8bba\u65f6\u4e0d\u5fc5\u586b\u5199\u6b64\u4fe1\u606f\u3002\u8fd9\u4e9b cookie \u4f1a\u5728\u4e00\u5e74\u540e\u8fc7\u671f\u3002<\/p>\n<p>\u5982\u679c\u60a8\u6709\u5e10\u6237\u5e76\u767b\u5f55\u672c\u7f51\u7ad9\uff0c\u5c06\u521b\u5efa\u4e00\u4e2a\u4e34\u65f6 cookie \u4ee5\u786e\u5b9a\u60a8\u7684\u6d4f\u89c8\u5668\u662f\u5426\u63a5\u53d7 cookie\u3002\u5b83\u4e0d\u5305\u542b\u4e2a\u4eba\u6570\u636e\uff0c\u5f53\u60a8\u5173\u95ed\u6d4f\u89c8\u5668\u65f6\u5c06\u81ea\u52a8\u5220\u9664\u3002<\/p>\n<p>\u5f53\u60a8\u767b\u5f55\u65f6\uff0c\u6211\u4eec\u4f1a\u8bbe\u7f6e\u4e00\u4e9bcookie\u6765\u4fdd\u5b58\u60a8\u7684\u767b\u5f55\u4fe1\u606f\u548c\u5c4f\u5e55\u9996\u9009\u9879\u3002\u8fde\u63a5 cookie \u7684\u6709\u6548\u671f\u4e3a\u4e24\u5929\uff0c\u5c4f\u5e55\u9009\u9879 cookie \u7684\u6709\u6548\u671f\u4e3a\u4e00\u5e74\u3002\u5982\u679c\u60a8\u9009\u4e2d\u201c\u8bb0\u4f4f\u6211\u201d\uff0c\u60a8\u7684\u767b\u5f55 cookie \u5c06\u4fdd\u7559\u4e24\u5468\u3002\u5982\u679c\u60a8\u9000\u51fa\u5e10\u6237\uff0c\u767b\u5f55 cookie \u5c06\u88ab\u5220\u9664\u3002<\/p>\n<p>\u901a\u8fc7\u7f16\u8f91\u6216\u53d1\u5e03\u6587\u7ae0\uff0c\u989d\u5916\u7684 cookie \u5c06\u5b58\u50a8\u5728\u60a8\u7684\u6d4f\u89c8\u5668\u4e2d\u3002\u8be5 cookie \u4e0d\u5305\u542b\u4efb\u4f55\u4e2a\u4eba\u6570\u636e\u3002\u5b83\u53ea\u662f\u8868\u793a\u60a8\u521a\u521a\u4fee\u6539\u7684\u6587\u7ae0\u7684ID\u3002\u4e00\u5929\u540e\u5c31\u4f1a\u8fc7\u671f\u3002<\/p>\n<h3><\/h3>\n<h3>9. \u4ece\u5176\u4ed6\u7f51\u7ad9\u5d4c\u5165\u7684\u5185\u5bb9<\/h3>\n<p>\u672c\u7f51\u7ad9\u4e0a\u7684\u6587\u7ae0\u53ef\u80fd\u5305\u542b\u5d4c\u5165\u5185\u5bb9\uff08\u4f8b\u5982\u89c6\u9891\u3001\u56fe\u50cf\u3001\u6587\u7ae0\u7b49\uff09\u3002\u4ece\u5176\u4ed6\u7f51\u7ad9\u5d4c\u5165\u7684\u5185\u5bb9\u7684\u884c\u4e3a\u4e0e\u8bbf\u95ee\u8005\u8bbf\u95ee\u8be5\u5176\u4ed6\u7f51\u7ad9\u7684\u884c\u4e3a\u76f8\u540c\u3002<\/p>\n<p>\u8fd9\u4e9b\u7f51\u7ad9\u53ef\u4ee5\u6536\u96c6\u6709\u5173\u60a8\u7684\u6570\u636e\u3001\u4f7f\u7528 cookie\u3001\u5d4c\u5165\u7b2c\u4e09\u65b9\u8ddf\u8e2a\u5de5\u5177\u3001\u8ddf\u8e2a\u60a8\u4e0e\u6b64\u5d4c\u5165\u5185\u5bb9\u7684\u4ea4\u4e92\uff08\u5982\u679c\u60a8\u6709\u8fde\u63a5\u5230\u5176\u7f51\u7ad9\u7684\u5e10\u6237\uff09\u3002<\/p>\n<h3>10. \u60a8\u7684\u6570\u636e\u7684\u5b58\u50a8\u671f\u9650<\/h3>\n<p>\u5982\u679c\u60a8\u7559\u4e0b\u8bc4\u8bba\uff0c\u8bc4\u8bba\u53ca\u5176\u5143\u6570\u636e\u5c06\u65e0\u9650\u671f\u4fdd\u7559\u3002\u8fd9\u5141\u8bb8\u81ea\u52a8\u8bc6\u522b\u548c\u6279\u51c6\u540e\u7eed\u8bc4\u8bba\uff0c\u800c\u4e0d\u662f\u5c06\u5b83\u4eec\u7559\u5728\u5ba1\u6838\u961f\u5217\u4e2d\u3002<\/p>\n<p>\u5bf9\u4e8e\u5728\u6211\u4eec\u7f51\u7ad9\u4e0a\u6ce8\u518c\u7684\u7528\u6237\uff08\u5982\u679c\u53ef\u80fd\uff09\uff0c\u6211\u4eec\u8fd8\u4f1a\u5b58\u50a8\u5176\u4e2a\u4eba\u8d44\u6599\u4e2d\u6307\u660e\u7684\u4e2a\u4eba\u6570\u636e\u3002\u6240\u6709\u7528\u6237\u90fd\u53ef\u4ee5\u968f\u65f6\u67e5\u770b\u3001\u4fee\u6539\u6216\u5220\u9664\u5176\u4e2a\u4eba\u4fe1\u606f\uff08\u7528\u6237\u540d\u9664\u5916\uff09\u3002\u7ad9\u70b9\u7ba1\u7406\u5458\u8fd8\u53ef\u4ee5\u67e5\u770b\u548c\u4fee\u6539\u6b64\u4fe1\u606f\u3002<\/p>\n<h3><\/h3>\n<h3>11. \u60a8\u5bf9\u6570\u636e\u62e5\u6709\u7684\u6743\u5229<\/h3>\n<p>\u5982\u679c\u60a8\u62e5\u6709\u7f51\u7ad9\u5e10\u6237\u6216\u5728\u7f51\u7ad9\u4e0a\u7559\u4e0b\u8bc4\u8bba\uff0c\u60a8\u53ef\u4ee5\u8bf7\u6c42\u63a5\u6536\u5305\u542b\u6211\u4eec\u62e5\u6709\u7684\u6709\u5173\u60a8\u7684\u6240\u6709\u4e2a\u4eba\u6570\u636e\uff08\u5305\u62ec\u60a8\u63d0\u4f9b\u7ed9\u6211\u4eec\u7684\u6570\u636e\uff09\u7684\u6587\u4ef6\u3002\u60a8\u8fd8\u53ef\u4ee5\u8bf7\u6c42\u5220\u9664\u4e0e\u60a8\u6709\u5173\u7684\u4e2a\u4eba\u6570\u636e\u3002\u8fd9\u4e0d\u8003\u8651\u51fa\u4e8e\u7ba1\u7406\u3001\u6cd5\u5f8b\u6216\u5b89\u5168\u76ee\u7684\u800c\u5b58\u50a8\u7684\u6570\u636e\u3002<\/p>\n<h3>12. \u60a8\u7684\u4e2a\u4eba\u6570\u636e\u7684\u4f20\u8f93<\/h3>\n<p>\u53ef\u4ee5\u4f7f\u7528\u81ea\u52a8\u5783\u573e\u8bc4\u8bba\u68c0\u6d4b\u670d\u52a1\u6765\u68c0\u67e5\u8bbf\u5ba2\u8bc4\u8bba\u3002<\/p>\n<h2><\/h2>\n<\/div>\n<\/div>","protected":false},"excerpt":{"rendered":"<p>Web design SQUID &#8211; www.agencesquid.com 1. INFORMATIONS L\u00c9GALES L\u2019\u00e9diteur du Site est la soci\u00e9t\u00e9 Delta Taxi, immatricul\u00e9e au registre du commerce et des soci\u00e9t\u00e9s de Chamb\u00e9ry et dont le n\u00b0 est 8 843 761 891 Le si\u00e8ge social est situ\u00e9 : 3, rue des Petits&#8230;<\/p>","protected":false},"author":1,"featured_media":0,"parent":0,"menu_order":0,"comment_status":"closed","ping_status":"open","template":"","meta":{"iawp_total_views":48,"footnotes":""},"class_list":["post-3","page","type-page","status-publish","hentry"],"yoast_head":"<!-- This site is optimized with the Yoast SEO plugin v26.9 - https:\/\/yoast.com\/product\/yoast-seo-wordpress\/ -->\n<title>Politique de confidentialit\u00e9 - Delta Taxi<\/title>\n<meta name=\"robots\" content=\"index, follow, max-snippet:-1, max-image-preview:large, max-video-preview:-1\" \/>\n<link rel=\"canonical\" href=\"https:\/\/deltataxi-tignes.com\/zh\/\u9690\u79c1\u653f\u7b56\/\" \/>\n<meta property=\"og:locale\" content=\"zh_CN\" \/>\n<meta property=\"og:type\" content=\"article\" \/>\n<meta property=\"og:title\" content=\"Politique de confidentialit\u00e9 - Delta Taxi\" \/>\n<meta property=\"og:description\" content=\"Web design SQUID &#8211; www.agencesquid.com 1. INFORMATIONS L\u00c9GALES L\u2019\u00e9diteur du Site est la soci\u00e9t\u00e9 Delta Taxi, immatricul\u00e9e au registre du commerce et des soci\u00e9t\u00e9s de Chamb\u00e9ry et dont le n\u00b0 est 8 843 761 891 Le si\u00e8ge social est situ\u00e9 : 3, rue des Petits...\" \/>\n<meta property=\"og:url\" content=\"https:\/\/deltataxi-tignes.com\/zh\/\u9690\u79c1\u653f\u7b56\/\" \/>\n<meta property=\"og:site_name\" content=\"Delta Taxi\" \/>\n<meta property=\"article:modified_time\" content=\"2023-11-09T09:11:54+00:00\" \/>\n<meta name=\"twitter:card\" content=\"summary_large_image\" \/>\n<meta name=\"twitter:label1\" content=\"\u9884\u8ba1\u9605\u8bfb\u65f6\u95f4\" \/>\n\t<meta name=\"twitter:data1\" content=\"8 \u5206\" \/>\n<script type=\"application\/ld+json\" class=\"yoast-schema-graph\">{\"@context\":\"https:\/\/schema.org\",\"@graph\":[{\"@type\":\"WebPage\",\"@id\":\"https:\/\/deltataxi-tignes.com\/politique-de-confidentialite\/\",\"url\":\"https:\/\/deltataxi-tignes.com\/politique-de-confidentialite\/\",\"name\":\"Politique de confidentialit\u00e9 - Delta Taxi\",\"isPartOf\":{\"@id\":\"https:\/\/deltataxi-tignes.com\/#website\"},\"datePublished\":\"2023-10-30T15:31:26+00:00\",\"dateModified\":\"2023-11-09T09:11:54+00:00\",\"breadcrumb\":{\"@id\":\"https:\/\/deltataxi-tignes.com\/politique-de-confidentialite\/#breadcrumb\"},\"inLanguage\":\"zh-Hans\",\"potentialAction\":[{\"@type\":\"ReadAction\",\"target\":[\"https:\/\/deltataxi-tignes.com\/politique-de-confidentialite\/\"]}]},{\"@type\":\"BreadcrumbList\",\"@id\":\"https:\/\/deltataxi-tignes.com\/politique-de-confidentialite\/#breadcrumb\",\"itemListElement\":[{\"@type\":\"ListItem\",\"position\":1,\"name\":\"Accueil\",\"item\":\"https:\/\/deltataxi-tignes.com\/\"},{\"@type\":\"ListItem\",\"position\":2,\"name\":\"Politique de confidentialit\u00e9\"}]},{\"@type\":\"WebSite\",\"@id\":\"https:\/\/deltataxi-tignes.com\/#website\",\"url\":\"https:\/\/deltataxi-tignes.com\/\",\"name\":\"Delta Taxi\",\"description\":\"Delta Taxi, voyagez autrement.\",\"publisher\":{\"@id\":\"https:\/\/deltataxi-tignes.com\/#organization\"},\"potentialAction\":[{\"@type\":\"SearchAction\",\"target\":{\"@type\":\"EntryPoint\",\"urlTemplate\":\"https:\/\/deltataxi-tignes.com\/?s={search_term_string}\"},\"query-input\":{\"@type\":\"PropertyValueSpecification\",\"valueRequired\":true,\"valueName\":\"search_term_string\"}}],\"inLanguage\":\"zh-Hans\"},{\"@type\":\"Organization\",\"@id\":\"https:\/\/deltataxi-tignes.com\/#organization\",\"name\":\"Delta Taxi\",\"url\":\"https:\/\/deltataxi-tignes.com\/\",\"logo\":{\"@type\":\"ImageObject\",\"inLanguage\":\"zh-Hans\",\"@id\":\"https:\/\/deltataxi-tignes.com\/#\/schema\/logo\/image\/\",\"url\":\"https:\/\/deltataxi-tignes.com\/wp-content\/uploads\/2023\/10\/logomobile.png\",\"contentUrl\":\"https:\/\/deltataxi-tignes.com\/wp-content\/uploads\/2023\/10\/logomobile.png\",\"width\":1227,\"height\":219,\"caption\":\"Delta Taxi\"},\"image\":{\"@id\":\"https:\/\/deltataxi-tignes.com\/#\/schema\/logo\/image\/\"}}]}<\/script>\n<!-- \/ Yoast SEO plugin. -->","yoast_head_json":{"title":"\u9690\u79c1\u653f\u7b56 - \u8fbe\u7f8e\u51fa\u79df\u8f66","robots":{"index":"index","follow":"follow","max-snippet":"max-snippet:-1","max-image-preview":"max-image-preview:large","max-video-preview":"max-video-preview:-1"},"canonical":"https:\/\/deltataxi-tignes.com\/zh\/\u9690\u79c1\u653f\u7b56\/","og_locale":"zh_CN","og_type":"article","og_title":"Politique de confidentialit\u00e9 - Delta Taxi","og_description":"Web design SQUID &#8211; www.agencesquid.com 1. INFORMATIONS L\u00c9GALES L\u2019\u00e9diteur du Site est la soci\u00e9t\u00e9 Delta Taxi, immatricul\u00e9e au registre du commerce et des soci\u00e9t\u00e9s de Chamb\u00e9ry et dont le n\u00b0 est 8 843 761 891 Le si\u00e8ge social est situ\u00e9 : 3, rue des Petits...","og_url":"https:\/\/deltataxi-tignes.com\/zh\/\u9690\u79c1\u653f\u7b56\/","og_site_name":"Delta Taxi","article_modified_time":"2023-11-09T09:11:54+00:00","twitter_card":"summary_large_image","twitter_misc":{"\u9884\u8ba1\u9605\u8bfb\u65f6\u95f4":"8 \u5206"},"schema":{"@context":"https:\/\/schema.org","@graph":[{"@type":"WebPage","@id":"https:\/\/deltataxi-tignes.com\/politique-de-confidentialite\/","url":"https:\/\/deltataxi-tignes.com\/politique-de-confidentialite\/","name":"\u9690\u79c1\u653f\u7b56 - \u8fbe\u7f8e\u51fa\u79df\u8f66","isPartOf":{"@id":"https:\/\/deltataxi-tignes.com\/#website"},"datePublished":"2023-10-30T15:31:26+00:00","dateModified":"2023-11-09T09:11:54+00:00","breadcrumb":{"@id":"https:\/\/deltataxi-tignes.com\/politique-de-confidentialite\/#breadcrumb"},"inLanguage":"zh-Hans","potentialAction":[{"@type":"ReadAction","target":["https:\/\/deltataxi-tignes.com\/politique-de-confidentialite\/"]}]},{"@type":"BreadcrumbList","@id":"https:\/\/deltataxi-tignes.com\/politique-de-confidentialite\/#breadcrumb","itemListElement":[{"@type":"ListItem","position":1,"name":"Accueil","item":"https:\/\/deltataxi-tignes.com\/"},{"@type":"ListItem","position":2,"name":"Politique de confidentialit\u00e9"}]},{"@type":"WebSite","@id":"https:\/\/deltataxi-tignes.com\/#website","url":"https:\/\/deltataxi-tignes.com\/","name":"\u8fbe\u7f8e\u51fa\u79df\u8f66","description":"\u8fbe\u7f8e\u51fa\u79df\u8f66\uff0c\u4e0d\u4e00\u6837\u7684\u65c5\u884c\u3002","publisher":{"@id":"https:\/\/deltataxi-tignes.com\/#organization"},"potentialAction":[{"@type":"SearchAction","target":{"@type":"EntryPoint","urlTemplate":"https:\/\/deltataxi-tignes.com\/?s={search_term_string}"},"query-input":{"@type":"PropertyValueSpecification","valueRequired":true,"valueName":"search_term_string"}}],"inLanguage":"zh-Hans"},{"@type":"Organization","@id":"https:\/\/deltataxi-tignes.com\/#organization","name":"\u8fbe\u7f8e\u51fa\u79df\u8f66","url":"https:\/\/deltataxi-tignes.com\/","logo":{"@type":"ImageObject","inLanguage":"zh-Hans","@id":"https:\/\/deltataxi-tignes.com\/#\/schema\/logo\/image\/","url":"https:\/\/deltataxi-tignes.com\/wp-content\/uploads\/2023\/10\/logomobile.png","contentUrl":"https:\/\/deltataxi-tignes.com\/wp-content\/uploads\/2023\/10\/logomobile.png","width":1227,"height":219,"caption":"Delta Taxi"},"image":{"@id":"https:\/\/deltataxi-tignes.com\/#\/schema\/logo\/image\/"}}]}},"_links":{"self":[{"href":"https:\/\/deltataxi-tignes.com\/zh\/wp-json\/wp\/v2\/pages\/3","targetHints":{"allow":["GET"]}}],"collection":[{"href":"https:\/\/deltataxi-tignes.com\/zh\/wp-json\/wp\/v2\/pages"}],"about":[{"href":"https:\/\/deltataxi-tignes.com\/zh\/wp-json\/wp\/v2\/types\/page"}],"author":[{"embeddable":true,"href":"https:\/\/deltataxi-tignes.com\/zh\/wp-json\/wp\/v2\/users\/1"}],"replies":[{"embeddable":true,"href":"https:\/\/deltataxi-tignes.com\/zh\/wp-json\/wp\/v2\/comments?post=3"}],"version-history":[{"count":7,"href":"https:\/\/deltataxi-tignes.com\/zh\/wp-json\/wp\/v2\/pages\/3\/revisions"}],"predecessor-version":[{"id":526,"href":"https:\/\/deltataxi-tignes.com\/zh\/wp-json\/wp\/v2\/pages\/3\/revisions\/526"}],"wp:attachment":[{"href":"https:\/\/deltataxi-tignes.com\/zh\/wp-json\/wp\/v2\/media?parent=3"}],"curies":[{"name":"wp","href":"https:\/\/api.w.org\/{rel}","templated":true}]}}